{"id":16409,"date":"2018-05-04T09:55:17","date_gmt":"2018-05-04T07:55:17","guid":{"rendered":"https:\/\/www.fente-palatine.com\/?page_id=16409"},"modified":"2019-03-19T18:07:54","modified_gmt":"2019-03-19T17:07:54","slug":"mentions-legales","status":"publish","type":"page","link":"https:\/\/www.fente-palatine.com\/ar\/mentions-legales\/","title":{"rendered":"\u0627\u0644\u0645\u0639\u0644\u0648\u0645\u0627\u062a \u0627\u0644\u0642\u0627\u0646\u0648\u0646\u064a\u0629"},"content":{"rendered":"<p>[vc_row css_animation=&#8221;&#8221; row_type=&#8221;row&#8221; use_row_as_full_screen_section=&#8221;no&#8221; type=&#8221;grid&#8221; angled_section=&#8221;no&#8221; text_align=&#8221;left&#8221; background_image_as_pattern=&#8221;without_pattern&#8221; el_class=&#8221;box-title-top&#8221; z_index=&#8221;&#8221;][vc_column][vc_column_text]<\/p>\n<h1 style=\"text-align: center;\">\u0627\u0644\u0645\u0639\u0644\u0648\u0645\u0627\u062a \u0627\u0644\u0642\u0627\u0646\u0648\u0646\u064a\u0629<\/h1>\n<p>[\/vc_column_text][\/vc_column][\/vc_row][vc_row css_animation=&#8221;&#8221; row_type=&#8221;row&#8221; use_row_as_full_screen_section=&#8221;no&#8221; type=&#8221;grid&#8221; angled_section=&#8221;no&#8221; text_align=&#8221;left&#8221; background_image_as_pattern=&#8221;without_pattern&#8221; background_color=&#8221;#ffffff&#8221; el_class=&#8221;content-page-oreille&#8221; z_index=&#8221;&#8221;][vc_column css=&#8221;.vc_custom_1522262613352{margin-bottom: 0px !important;}&#8221;][vc_separator type=&#8221;normal&#8221; transparency=&#8221;0&#8243; up=&#8221;20&#8243; down=&#8221;20&#8243;][vc_column_text]<strong>\u00c9dition du site internet du Centre de Comp\u00e9tence des Fentes Labio palatines M\u00e9dip\u00f4le Garonne Toulouse.<\/strong><\/p>\n<p>Le but de la publication de ce site internet est de proposer de l&#8217;information aux diff\u00e9rents publics auxquels s&#8217;adresse le Centre de Comp\u00e9tence des Fentes Labio palatines.<br \/>\nLes contenus pr\u00e9sents dans ce site ont \u00e9t\u00e9 r\u00e9dig\u00e9s par des professionnels de l&#8217;\u00e9tablissement. Aucun message n&#8217;est orient\u00e9 ou bas\u00e9 sur un caract\u00e8re publicitaire.<br \/>\nLe financement de l&#8217;\u00e9dition de ce site est enti\u00e8rement assur\u00e9 par le Centre de Comp\u00e9tence des Fentes Labio palatines et ne b\u00e9n\u00e9ficie d&#8217;aucun autre financement ext\u00e9rieur par des sponsors ou de la publicit\u00e9.<br \/>\nToutes les informations de ce site ne sont donn\u00e9es qu&#8217;\u00e0 titre informatif et ne sauraient engager la responsabilit\u00e9 du Centre de Comp\u00e9tence des Fentes Labio palatines. Tout lien vers un contenu externe ou un autre site internet pr\u00e9sent dans ces pages ne garantit en rien la qualit\u00e9 des informations fournies par ces tiers.<\/p>\n<p>Si une erreur, de quelque nature que ce soit, s\u2019est gliss\u00e9e dans le contenu d&#8217;une des pages du site internet du Centre de Comp\u00e9tence des Fentes Labio palatines, nous nous en excusons par avance et vous remercions d&#8217;effectuer son signalement \u00e0 l\u2019adresse suivante : secretariat@chirurgie-esthetique-busca.fr<\/p>\n<p><strong>Utilisation du site internet, navigation et traitement des donn\u00e9es personnelles<\/strong><\/p>\n<p>Conform\u00e9ment \u00e0 la loi N\u00b078-17 du 6 janvier 1978, modifi\u00e9e par la loi du 6 ao\u00fbt 2004, aucune information personnelle ne peut \u00eatre collect\u00e9e \u00e0 votre insu.<\/p>\n<p>Aucune information personnelle n&#8217;est c\u00e9d\u00e9e \u00e0 des tiers. Vous disposez d&#8217;un droit d&#8217;acc\u00e8s et de rectification des informations nominatives vous concernant en \u00e9crivant \u00e0 :<\/p>\n<p>Clinique M\u00e9dip\u00f4le Garonne<br \/>\n45, rue de Gironis<br \/>\n31100 Toulouse<\/p>\n<p>Dans le cadre de la navigation sur le site internet des cookies peuvent \u00eatre enregistr\u00e9 par votre navigateur internet si celui-ci le permet. Ces cookies ne sont utilis\u00e9s qu&#8217;\u00e0 des fins techniques : vous permettre une navigation confortable, et nous permettre de comptabiliser anonymement les visites dans un cadre statistique. Aucun cookie dit &#8220;traceur&#8221; n&#8217;est utilis\u00e9 par notre site, et nous n&#8217;avons recours \u00e0 aucun prestataire tiers susceptible d&#8217;enregistrer un cookie sur votre navigateur.<\/p>\n<p><strong>Reproduction de contenus et liens externes pointant vers le site internet du Centre de Comp\u00e9tence des Fentes Labio palatines<\/strong><\/p>\n<p>Les documents mis en ligne sur ce site peuvent tous \u00eatre utilis\u00e9s sous r\u00e9serve du respect des dispositions du Code Fran\u00e7ais de la propri\u00e9t\u00e9 intellectuelle qui s&#8217;y appliquent.<\/p>\n<p>La reproduction des pages du site du Centre de Comp\u00e9tence des Fentes Labio palatines sur un support papier est autoris\u00e9e, sous r\u00e9serve du respect des conditions pr\u00e9sent\u00e9es ci dessous :<\/p>\n<ul>\n<li>La diffusion des documents provenant du site doit \u00eatre gratuite.<\/li>\n<li>Les documents reproduits doivent l\u2019\u00eatre sans aucune modification, ni alt\u00e9ration d&#8217;aucune sorte.<\/li>\n<li>Le site https:\/\/www.fente-palatine.com\/ dont les documents sont issus doit obligatoirement \u00eatre cit\u00e9 comme source. De plus, la mention indiquant que les droits de reproduction sont r\u00e9serv\u00e9s et strictement limit\u00e9s doit imp\u00e9rativement \u00eatre indiqu\u00e9e.<\/li>\n<\/ul>\n<p>La reproduction des pages du site du Centre de Comp\u00e9tence des Fentes Labio palatines sur un support \u00e9lectronique est autoris\u00e9e, sous r\u00e9serve du respect des conditions pr\u00e9sent\u00e9es ci-dessous :<\/p>\n<ul>\n<li>L\u2019utilisation des documents provenant du site doit \u00eatre gratuite (l\u2019utilisation \u00e0 des fins commerciales ou publicitaires est exclue) et ne doit \u00eatre employ\u00e9e qu&#8217;\u00e0 des fins personnelles, associatives ou professionnelles.<\/li>\n<li>Les documents reproduits doivent l\u2019\u00eatre sans aucune modification, ni alt\u00e9ration d&#8217;aucune sorte<\/li>\n<li>Le site https:\/\/www.fente-palatine.com\/ dont les documents sont issus doit obligatoirement \u00eatre cit\u00e9 comme source. De plus, la mention \u00ab Droits r\u00e9serv\u00e9s \u00bb doit imp\u00e9rativement \u00eatre indiqu\u00e9e.<\/li>\n<\/ul>\n<p>La mise en place d&#8217;un lien hypertexte renvoyant vers le contenu du site Internet du Centre de Comp\u00e9tence des Fentes Labio palatines est possible si les conditions suivantes sont r\u00e9unies:<\/p>\n<ul>\n<li>l&#8217;adresse de l&#8217;\u00e9tablissement doit \u00eatre indiqu\u00e9e : Clinique M\u00e9dip\u00f4le Garonne : 45, rue de Gironis &#8211; 31100 &#8211; Toulouse<\/li>\n<li>le renvoi vers les pages du site https:\/\/www.fente-palatine.com\/ doit obligatoirement g\u00e9n\u00e9rer l&#8217;ouverture d&#8217;une nouvelle fen\u00eatre. L&#8217;ouverture de ce lien vers le site du Centre de Comp\u00e9tence des Fentes Labio palatines ne doit en aucun cas se faire \u00e0 l&#8217;int\u00e9rieur des pages d&#8217;un autre site.<\/li>\n<li>La cr\u00e9ation d&#8217;un lien hypertexte vers une page du site du Centre de Comp\u00e9tence des Fentes Labio palatines doit \u00eatre explicite. Pour cela, elle doit faire appara\u00eetre une mention pr\u00e9cisant le nom et l&#8217;adresse du site du Centre de Comp\u00e9tence des Fentes Labio palatines.<\/li>\n<li>L\u2019utilisation des documents provenant du site doit \u00eatre gratuite (l\u2019utilisation \u00e0 des fins commerciales ou publicitaires est exclue) et ne doit \u00eatre employ\u00e9e qu&#8217;\u00e0 des fins personnelles, associatives ou professionnelles.<\/li>\n<\/ul>\n<p>Attention ! Cette autorisation ne s&#8217;applique pas aux sites Internet diffusant des informations \u00e0 caract\u00e8re pol\u00e9mique, pornographique, x\u00e9nophobe ou pouvant, dans une plus large mesure porter atteinte \u00e0 la sensibilit\u00e9 du plus grand nombre.[\/vc_column_text][\/vc_column][\/vc_row]<\/p>\n","protected":false},"excerpt":{"rendered":"<p>[vc_row css_animation=&#8221;&#8221; row_type=&#8221;row&#8221; use_row_as_full_screen_section=&#8221;no&#8221; type=&#8221;grid&#8221; angled_section=&#8221;no&#8221; text_align=&#8221;left&#8221; background_image_as_pattern=&#8221;without_pattern&#8221; el_class=&#8221;box-title-top&#8221; z_index=&#8221;&#8221;][vc_column][vc_column_text] \u0627\u0644\u0645\u0639\u0644\u0648\u0645\u0627\u062a \u0627\u0644\u0642\u0627\u0646\u0648\u0646\u064a\u0629 [\/vc_column_text][\/vc_column][\/vc_row][vc_row css_animation=&#8221;&#8221; row_type=&#8221;row&#8221; use_row_as_full_screen_section=&#8221;no&#8221; type=&#8221;grid&#8221; angled_section=&#8221;no&#8221; text_align=&#8221;left&#8221; background_image_as_pattern=&#8221;without_pattern&#8221; background_color=&#8221;#ffffff&#8221; el_class=&#8221;content-page-oreille&#8221;&#8230;<\/p>\n","protected":false},"author":5,"featured_media":0,"parent":0,"menu_order":0,"comment_status":"open","ping_status":"open","template":"full_width.php","meta":{"_acf_changed":false,"footnotes":""},"class_list":["post-16409","page","type-page","status-publish","hentry"],"acf":[],"_links":{"self":[{"href":"https:\/\/www.fente-palatine.com\/ar\/wp-json\/wp\/v2\/pages\/16409","targetHints":{"allow":["GET"]}}],"collection":[{"href":"https:\/\/www.fente-palatine.com\/ar\/wp-json\/wp\/v2\/pages"}],"about":[{"href":"https:\/\/www.fente-palatine.com\/ar\/wp-json\/wp\/v2\/types\/page"}],"author":[{"embeddable":true,"href":"https:\/\/www.fente-palatine.com\/ar\/wp-json\/wp\/v2\/users\/5"}],"replies":[{"embeddable":true,"href":"https:\/\/www.fente-palatine.com\/ar\/wp-json\/wp\/v2\/comments?post=16409"}],"version-history":[{"count":0,"href":"https:\/\/www.fente-palatine.com\/ar\/wp-json\/wp\/v2\/pages\/16409\/revisions"}],"wp:attachment":[{"href":"https:\/\/www.fente-palatine.com\/ar\/wp-json\/wp\/v2\/media?parent=16409"}],"curies":[{"name":"wp","href":"https:\/\/api.w.org\/{rel}","templated":true}]}}