{"id":15464,"date":"2014-03-28T10:11:36","date_gmt":"2014-03-28T10:11:36","guid":{"rendered":"https:\/\/www.fente-palatine.com\/home\/"},"modified":"2019-03-19T17:56:33","modified_gmt":"2019-03-19T16:56:33","slug":"home","status":"publish","type":"page","link":"https:\/\/www.fente-palatine.com\/ca\/","title":{"rendered":"Accueil"},"content":{"rendered":"<p>[vc_row css_animation=&#8221;&#8221; row_type=&#8221;row&#8221; use_row_as_full_screen_section=&#8221;no&#8221; type=&#8221;grid&#8221; angled_section=&#8221;no&#8221; text_align=&#8221;left&#8221; background_image_as_pattern=&#8221;without_pattern&#8221; background_color=&#8221;#ffffff&#8221; css=&#8221;.vc_custom_1522329425101{padding-top: 60px !important;}&#8221; z_index=&#8221;&#8221;][vc_column][vc_column_text el_class=&#8221;box-title-home&#8221;]<\/p>\n<h1>Centre de Compet\u00e8ncia del llavi lepor\u00ed i fissura palatina M\u00e9dip\u00f4le Garonne<\/h1>\n<p>[\/vc_column_text][vc_row_inner row_type=&#8221;row&#8221; type=&#8221;full_width&#8221; text_align=&#8221;left&#8221; css_animation=&#8221;&#8221; el_class=&#8221;row-encart-home&#8221;][vc_column_inner el_class=&#8221;buttonhome1&#8243; width=&#8221;1\/3&#8243;][vc_single_image image=&#8221;16945&#8243; img_size=&#8221;full&#8221; alignment=&#8221;center&#8221; qode_css_animation=&#8221;&#8221;][vc_column_text el_class=&#8221;box-encart-home&#8221;]<\/p>\n<h2>El llavi lepor\u00ed<\/h2>\n<p>La fissura pot afectar nom\u00e9s el llavi, un sol costat s&#8217;anomena llavi lepor\u00ed unilateral (imatge 1) ambd\u00f3s costats, llavors \u00e9s un llavi lepor\u00ed bilateral (Fig. 2).<\/p>\n<p><a href=\"https:\/\/www.fente-palatine.com\/epidemiologie\/les-fentes-labiales\/\">Llegir m\u00e9s<\/a>[\/vc_column_text][\/vc_column_inner][vc_column_inner el_class=&#8221;buttonhome1&#8243; width=&#8221;1\/3&#8243;][vc_single_image image=&#8221;16948&#8243; img_size=&#8221;full&#8221; alignment=&#8221;center&#8221; qode_css_animation=&#8221;&#8221;][vc_column_text el_class=&#8221;box-encart-home&#8221;]<\/p>\n<h2>Fissura palatina<\/h2>\n<p>La fissura palatina no \u00e9s visible des de l&#8217;exterior. \u00c9s per aix\u00f2 que de vegades el diagn\u00f2stic no es pot fer immediatament despr\u00e9s del naixement<\/p>\n<p><a href=\"https:\/\/www.fente-palatine.com\/epidemiologie\/les-fentes-palatines\/\">Llegir m\u00e9s<\/a>[\/vc_column_text][\/vc_column_inner][vc_column_inner el_class=&#8221;buttonhome1&#8243; width=&#8221;1\/3&#8243;][vc_single_image image=&#8221;16944&#8243; img_size=&#8221;full&#8221; alignment=&#8221;center&#8221; qode_css_animation=&#8221;&#8221;][vc_column_text el_class=&#8221;box-encart-home&#8221;]<\/p>\n<h2>El llavi lepor\u00ed i fissura palatina<\/h2>\n<p>Els botons facials que constitueixen el llavi i les crestes palatines les quals han de formar el paladar no s\u2019han soldat durant l&#8217;embriog\u00e8nesi.<\/p>\n<p><a href=\"https:\/\/www.fente-palatine.com\/epidemiologie\/les-fentes-labiopalatines\/\">Llegir m\u00e9s<\/a>[\/vc_column_text][\/vc_column_inner][\/vc_row_inner][\/vc_column][\/vc_row][vc_row css_animation=&#8221;&#8221; row_type=&#8221;row&#8221; use_row_as_full_screen_section=&#8221;no&#8221; type=&#8221;grid&#8221; angled_section=&#8221;no&#8221; text_align=&#8221;left&#8221; background_image_as_pattern=&#8221;without_pattern&#8221; el_class=&#8221;row_encart_bottom_home&#8221; z_index=&#8221;&#8221;][vc_column width=&#8221;1\/3&#8243; el_class=&#8221;encart-bottom-home&#8221;][vc_single_image image=&#8221;16946&#8243; img_size=&#8221;full&#8221; alignment=&#8221;center&#8221; qode_css_animation=&#8221;&#8221;][vc_column_text]Missions<br \/>\nhumanit\u00e0ries<\/p>\n<p><a href=\"https:\/\/www.fente-palatine.com\/ca\/missions-humanitaries\/\">Llegir m\u00e9s<\/a>[\/vc_column_text][\/vc_column][vc_column width=&#8221;1\/3&#8243; el_class=&#8221;encart-bottom-home&#8221;][vc_single_image image=&#8221;16943&#8243; img_size=&#8221;full&#8221; alignment=&#8221;center&#8221; qode_css_animation=&#8221;&#8221;][vc_column_text]Altres<br \/>\nprotocols<\/p>\n<p><a href=\"https:\/\/www.fente-palatine.com\/ca\/altres-protocols\/\">Llegir m\u00e9s<\/a>[\/vc_column_text][\/vc_column][vc_column width=&#8221;1\/3&#8243; el_class=&#8221;encart-bottom-home&#8221;][vc_single_image image=&#8221;16947&#8243; img_size=&#8221;full&#8221; alignment=&#8221;center&#8221; qode_css_animation=&#8221;&#8221;][vc_column_text]Suport<br \/>\nOrganitzaci\u00f3 a Fran\u00e7a<\/p>\n<p><a href=\"https:\/\/www.fente-palatine.com\/ca\/suport\/\">Llegir m\u00e9s<\/a>[\/vc_column_text][\/vc_column][\/vc_row]<\/p>\n","protected":false},"excerpt":{"rendered":"<p>[vc_row css_animation=&#8221;&#8221; row_type=&#8221;row&#8221; use_row_as_full_screen_section=&#8221;no&#8221; type=&#8221;grid&#8221; angled_section=&#8221;no&#8221; text_align=&#8221;left&#8221; background_image_as_pattern=&#8221;without_pattern&#8221; background_color=&#8221;#ffffff&#8221; css=&#8221;.vc_custom_1522329425101{padding-top: 60px !important;}&#8221; z_index=&#8221;&#8221;][vc_column][vc_column_text el_class=&#8221;box-title-home&#8221;] Centre de Compet\u00e8ncia del llavi lepor\u00ed i fissura&#8230;<\/p>\n","protected":false},"author":2,"featured_media":0,"parent":0,"menu_order":0,"comment_status":"open","ping_status":"open","template":"full_width.php","meta":{"_acf_changed":false,"footnotes":""},"class_list":["post-15464","page","type-page","status-publish","hentry"],"acf":[],"_links":{"self":[{"href":"https:\/\/www.fente-palatine.com\/ca\/wp-json\/wp\/v2\/pages\/15464","targetHints":{"allow":["GET"]}}],"collection":[{"href":"https:\/\/www.fente-palatine.com\/ca\/wp-json\/wp\/v2\/pages"}],"about":[{"href":"https:\/\/www.fente-palatine.com\/ca\/wp-json\/wp\/v2\/types\/page"}],"author":[{"embeddable":true,"href":"https:\/\/www.fente-palatine.com\/ca\/wp-json\/wp\/v2\/users\/2"}],"replies":[{"embeddable":true,"href":"https:\/\/www.fente-palatine.com\/ca\/wp-json\/wp\/v2\/comments?post=15464"}],"version-history":[{"count":0,"href":"https:\/\/www.fente-palatine.com\/ca\/wp-json\/wp\/v2\/pages\/15464\/revisions"}],"wp:attachment":[{"href":"https:\/\/www.fente-palatine.com\/ca\/wp-json\/wp\/v2\/media?parent=15464"}],"curies":[{"name":"wp","href":"https:\/\/api.w.org\/{rel}","templated":true}]}}