{"id":15477,"date":"2018-04-18T11:50:37","date_gmt":"2018-04-18T09:50:37","guid":{"rendered":"https:\/\/www.fente-palatine.com\/?page_id=15477"},"modified":"2019-03-19T17:57:51","modified_gmt":"2019-03-19T16:57:51","slug":"el-llavi-lepori","status":"publish","type":"page","link":"https:\/\/www.fente-palatine.com\/ca\/epidemiologia\/el-llavi-lepori\/","title":{"rendered":"El llavi lepor\u00ed"},"content":{"rendered":"<p>[vc_row css_animation=&#8221;&#8221; row_type=&#8221;row&#8221; use_row_as_full_screen_section=&#8221;no&#8221; type=&#8221;full_width&#8221; angled_section=&#8221;no&#8221; text_align=&#8221;left&#8221; background_image_as_pattern=&#8221;without_pattern&#8221; el_class=&#8221;box-title-top&#8221; z_index=&#8221;&#8221;][vc_column][vc_column_text]<\/p>\n<h1 style=\"text-align: center;\">El llavi lepor\u00ed<\/h1>\n<p>[\/vc_column_text][\/vc_column][\/vc_row][vc_row css_animation=&#8221;&#8221; row_type=&#8221;row&#8221; use_row_as_full_screen_section=&#8221;no&#8221; type=&#8221;grid&#8221; angled_section=&#8221;no&#8221; text_align=&#8221;left&#8221; background_image_as_pattern=&#8221;without_pattern&#8221; z_index=&#8221;&#8221;][vc_column][vc_column_text el_class=&#8221;content-style&#8221;]La fissura pot afectar nom\u00e9s el llavi, un sol costat s&#8217;anomena llavi lepor\u00ed unilateral (imatge 1) ambd\u00f3s costats, llavors \u00e9s un llavi lepor\u00ed bilateral (Fig. 2).<\/p>\n<p>Tamb\u00e9 podem trobar una fissura a la geniva. El nas es pot deformar, aix\u00f2 ho trobem m\u00e9s sovint en les formes unilaterals que no pas en bilaterals. El llavi lepor\u00ed es repara en una sola operaci\u00f3 (<a href=\"https:\/\/www.fente-palatine.com\/ca\/el-llavi\/\">veure Tractament, el llavi<\/a>), si el nas esta deformat es corregeix en el mateix moment que el llavi, llavors es col\u00b7loca un conformador nasal duran alguns mesos (<a href=\"https:\/\/www.fente-palatine.com\/ca\/el-conformador-nasal\/\">veure tractament, conformador nasal<\/a>).<\/p>\n<p>En el llavi lepor\u00ed, no hi ha cap problema d&#8217;alimentaci\u00f3. L\u2019alletament \u00e9s possible. No hi ha trastorns en la parla , la fonaci\u00f3 \u00e9s normal, el paladar i el vel no estan afectat per la fissura. Per\u00f2 pot haver anomalies de nombre i forma de les dents, els incisius laterals en el costat de la fissura pot ser que faltin o es dupliquin (veure les dents)[\/vc_column_text][\/vc_column][\/vc_row][vc_row css_animation=&#8221;&#8221; row_type=&#8221;row&#8221; use_row_as_full_screen_section=&#8221;no&#8221; type=&#8221;full_width&#8221; angled_section=&#8221;no&#8221; text_align=&#8221;left&#8221; background_image_as_pattern=&#8221;without_pattern&#8221; background_color=&#8221;#f7f7f7&#8243; css=&#8221;.vc_custom_1522169813821{margin-top: 60px !important;padding-top: 30px !important;padding-bottom: 30px !important;}&#8221; z_index=&#8221;&#8221;][vc_column][vc_row_inner row_type=&#8221;row&#8221; type=&#8221;grid&#8221; text_align=&#8221;left&#8221; css_animation=&#8221;&#8221; el_class=&#8221;row-img-legende&#8221;][vc_column_inner width=&#8221;1\/3&#8243;][vc_single_image image=&#8221;16971&#8243; img_size=&#8221;full&#8221; qode_css_animation=&#8221;&#8221;][vc_column_text]<strong>llavi lepor\u00ed unilateral<\/strong>[\/vc_column_text][\/vc_column_inner][vc_column_inner width=&#8221;1\/3&#8243;][vc_single_image image=&#8221;16974&#8243; img_size=&#8221;full&#8221; qode_css_animation=&#8221;&#8221;][vc_column_text]<strong>llavi lepor\u00ed bilateral<\/strong>[\/vc_column_text][\/vc_column_inner][vc_column_inner width=&#8221;1\/3&#8243;][vc_single_image image=&#8221;16972&#8243; img_size=&#8221;full&#8221; qode_css_animation=&#8221;&#8221;][vc_column_text]<strong>El llavi lepor\u00ed Sense Deformaci\u00f3 Nasal<\/strong>[\/vc_column_text][\/vc_column_inner][\/vc_row_inner][\/vc_column][\/vc_row]<\/p>\n","protected":false},"excerpt":{"rendered":"<p>[vc_row css_animation=&#8221;&#8221; row_type=&#8221;row&#8221; use_row_as_full_screen_section=&#8221;no&#8221; type=&#8221;full_width&#8221; angled_section=&#8221;no&#8221; text_align=&#8221;left&#8221; background_image_as_pattern=&#8221;without_pattern&#8221; el_class=&#8221;box-title-top&#8221; z_index=&#8221;&#8221;][vc_column][vc_column_text] El llavi lepor\u00ed [\/vc_column_text][\/vc_column][\/vc_row][vc_row css_animation=&#8221;&#8221; row_type=&#8221;row&#8221; use_row_as_full_screen_section=&#8221;no&#8221; type=&#8221;grid&#8221; angled_section=&#8221;no&#8221; text_align=&#8221;left&#8221; background_image_as_pattern=&#8221;without_pattern&#8221; z_index=&#8221;&#8221;][vc_column][vc_column_text&#8230;<\/p>\n","protected":false},"author":4,"featured_media":0,"parent":15503,"menu_order":0,"comment_status":"open","ping_status":"open","template":"full_width.php","meta":{"_acf_changed":false,"footnotes":""},"class_list":["post-15477","page","type-page","status-publish","hentry"],"acf":[],"_links":{"self":[{"href":"https:\/\/www.fente-palatine.com\/ca\/wp-json\/wp\/v2\/pages\/15477","targetHints":{"allow":["GET"]}}],"collection":[{"href":"https:\/\/www.fente-palatine.com\/ca\/wp-json\/wp\/v2\/pages"}],"about":[{"href":"https:\/\/www.fente-palatine.com\/ca\/wp-json\/wp\/v2\/types\/page"}],"author":[{"embeddable":true,"href":"https:\/\/www.fente-palatine.com\/ca\/wp-json\/wp\/v2\/users\/4"}],"replies":[{"embeddable":true,"href":"https:\/\/www.fente-palatine.com\/ca\/wp-json\/wp\/v2\/comments?post=15477"}],"version-history":[{"count":0,"href":"https:\/\/www.fente-palatine.com\/ca\/wp-json\/wp\/v2\/pages\/15477\/revisions"}],"up":[{"embeddable":true,"href":"https:\/\/www.fente-palatine.com\/ca\/wp-json\/wp\/v2\/pages\/15503"}],"wp:attachment":[{"href":"https:\/\/www.fente-palatine.com\/ca\/wp-json\/wp\/v2\/media?parent=15477"}],"curies":[{"name":"wp","href":"https:\/\/api.w.org\/{rel}","templated":true}]}}