{"id":15487,"date":"2018-04-18T12:11:33","date_gmt":"2018-04-18T10:11:33","guid":{"rendered":"https:\/\/www.fente-palatine.com\/?page_id=15487"},"modified":"2019-03-19T17:58:20","modified_gmt":"2019-03-19T16:58:20","slug":"fissura-palatina","status":"publish","type":"page","link":"https:\/\/www.fente-palatine.com\/ca\/epidemiologia\/fissura-palatina\/","title":{"rendered":"Fissura palatina"},"content":{"rendered":"<p>[vc_row css_animation=&#8221;&#8221; row_type=&#8221;row&#8221; use_row_as_full_screen_section=&#8221;no&#8221; type=&#8221;full_width&#8221; angled_section=&#8221;no&#8221; text_align=&#8221;left&#8221; background_image_as_pattern=&#8221;without_pattern&#8221; el_class=&#8221;box-title-top&#8221; z_index=&#8221;&#8221;][vc_column][vc_column_text]<\/p>\n<h1 style=\"text-align: center;\">Fissura palatina<\/h1>\n<p>[\/vc_column_text][\/vc_column][\/vc_row][vc_row css_animation=&#8221;&#8221; row_type=&#8221;row&#8221; use_row_as_full_screen_section=&#8221;no&#8221; type=&#8221;grid&#8221; angled_section=&#8221;no&#8221; text_align=&#8221;left&#8221; background_image_as_pattern=&#8221;without_pattern&#8221; z_index=&#8221;&#8221;][vc_column][vc_column_text el_class=&#8221;content-style&#8221;]La fissura palatina no \u00e9s visible des de l&#8217;exterior. \u00c9s per aix\u00f2 que de vegades el diagn\u00f2stic no es pot fer immediatament despr\u00e9s del naixement. \u00c9s degut a una fallada de la fusi\u00f3 entre les crestes palatines cap als 40 dies del desenvolupament embrionari. La fissura pot afectar tot el paladar, es tracta d\u2019una fissura del paladar dur, o nom\u00e9s la part m\u00e9s posterior del paladar (foto 1), llavors \u00e9s una fissura del paladar tou.<\/p>\n<p>La fissura palatina pot deixar passar aliments des de la boca fins al nas. La lact\u00e0ncia materna \u00e9s dif\u00edcil, en general inefica\u00e7 ja que el nen aspira l&#8217;aire pel nas. S\u2019ha d\u2019aconsellar un biber\u00f3 adequat (<a href=\"https:\/\/www.fente-palatine.com\/ca\/el-paladar\/\">veure, Tractament El paladar<\/a>). Trobem diferents formes de fissura palatina, arrodonit al davant (foto 2), que evoquen un s\u00edndrome de Pierre Robin (<a href=\"https:\/\/www.fente-palatine.com\/ca\/sindrome-de-pierre-robin\/\">veure Tractament del S\u00edndrome de Pierre Robin<\/a>).<\/p>\n<p>De vegades la fissura del paladar tou \u00e9s incompleta, i persisteix una mica de mucosa al mig, per\u00f2 no hi ha m\u00fascul, es tracta d\u2019una fissura de l\u2019espai sota el vel de la mucosa (fig. 3). De vegades, en les fissures palatines la trompa d&#8217;Eustaqui funciona malament, \u00e9s la responsable d\u2019otitis serosa. \u00c9s necessari col\u00b7locar uns drenatges timp\u00e0nics (veure l&#8217;o\u00efda).<\/p>\n<p>Despr\u00e9s de la cirurgia, realitzada entre els 4 i 6 mesos s\u2019ha de fer un seguiment de la parla i el creixement maxil\u00b7lar. S\u2019ha de realitzar un informe de la ter\u00e0pia de la parla i s\u2019ha de dur a terme un seguiment regular, si la ter\u00e0pia de la parla \u00e9s necess\u00e0ria es recomana (veure La parla). El creixement maxil\u00b7lar es controla, es pot fer un tractament d&#8217;ortod\u00f2ncia aviat estimular el creixement (veure Les dents). Si la parla \u00e9s incorrecta entre els 4 i 6 anys, malgrat una ter\u00e0pia de la parla, es proposa una segona cirurgia, es tracta d\u2019una faringoplastia. Permet de corregir les fuites d&#8217;aire pel nas durant la parla.[\/vc_column_text][\/vc_column][\/vc_row][vc_row css_animation=&#8221;&#8221; row_type=&#8221;row&#8221; use_row_as_full_screen_section=&#8221;no&#8221; type=&#8221;full_width&#8221; angled_section=&#8221;no&#8221; text_align=&#8221;left&#8221; background_image_as_pattern=&#8221;without_pattern&#8221; background_color=&#8221;#f7f7f7&#8243; css=&#8221;.vc_custom_1522169813821{margin-top: 60px !important;padding-top: 30px !important;padding-bottom: 30px !important;}&#8221; z_index=&#8221;&#8221;][vc_column][vc_row_inner row_type=&#8221;row&#8221; type=&#8221;grid&#8221; text_align=&#8221;left&#8221; css_animation=&#8221;&#8221; el_class=&#8221;row-img-legende&#8221;][vc_column_inner width=&#8221;1\/3&#8243;][vc_single_image image=&#8221;16981&#8243; img_size=&#8221;full&#8221; qode_css_animation=&#8221;&#8221;][vc_column_text]<strong>Bicicleta del Fissura palatina a\u00efllat<\/strong><\/p>\n<p>[\/vc_column_text][\/vc_column_inner][vc_column_inner width=&#8221;1\/3&#8243;][vc_single_image image=&#8221;16980&#8243; img_size=&#8221;full&#8221; qode_css_animation=&#8221;&#8221;][vc_column_text]<strong>Fissura mucosa del vel<\/strong>[\/vc_column_text][\/vc_column_inner][vc_column_inner width=&#8221;1\/3&#8243;][vc_single_image image=&#8221;16982&#8243; img_size=&#8221;full&#8221; qode_css_animation=&#8221;&#8221;][vc_column_text]<strong>Fissura palatina a l&#8217;arc rom\u00e0 (s\u00edndrome de pedra robin)<\/strong>[\/vc_column_text][\/vc_column_inner][\/vc_row_inner][\/vc_column][\/vc_row]<\/p>\n","protected":false},"excerpt":{"rendered":"<p>[vc_row css_animation=&#8221;&#8221; row_type=&#8221;row&#8221; use_row_as_full_screen_section=&#8221;no&#8221; type=&#8221;full_width&#8221; angled_section=&#8221;no&#8221; text_align=&#8221;left&#8221; background_image_as_pattern=&#8221;without_pattern&#8221; el_class=&#8221;box-title-top&#8221; z_index=&#8221;&#8221;][vc_column][vc_column_text] Fissura palatina [\/vc_column_text][\/vc_column][\/vc_row][vc_row css_animation=&#8221;&#8221; row_type=&#8221;row&#8221; use_row_as_full_screen_section=&#8221;no&#8221; type=&#8221;grid&#8221; angled_section=&#8221;no&#8221; text_align=&#8221;left&#8221; background_image_as_pattern=&#8221;without_pattern&#8221; z_index=&#8221;&#8221;][vc_column][vc_column_text el_class=&#8221;content-style&#8221;]La&#8230;<\/p>\n","protected":false},"author":4,"featured_media":0,"parent":15503,"menu_order":0,"comment_status":"open","ping_status":"open","template":"full_width.php","meta":{"_acf_changed":false,"footnotes":""},"class_list":["post-15487","page","type-page","status-publish","hentry"],"acf":[],"_links":{"self":[{"href":"https:\/\/www.fente-palatine.com\/ca\/wp-json\/wp\/v2\/pages\/15487","targetHints":{"allow":["GET"]}}],"collection":[{"href":"https:\/\/www.fente-palatine.com\/ca\/wp-json\/wp\/v2\/pages"}],"about":[{"href":"https:\/\/www.fente-palatine.com\/ca\/wp-json\/wp\/v2\/types\/page"}],"author":[{"embeddable":true,"href":"https:\/\/www.fente-palatine.com\/ca\/wp-json\/wp\/v2\/users\/4"}],"replies":[{"embeddable":true,"href":"https:\/\/www.fente-palatine.com\/ca\/wp-json\/wp\/v2\/comments?post=15487"}],"version-history":[{"count":0,"href":"https:\/\/www.fente-palatine.com\/ca\/wp-json\/wp\/v2\/pages\/15487\/revisions"}],"up":[{"embeddable":true,"href":"https:\/\/www.fente-palatine.com\/ca\/wp-json\/wp\/v2\/pages\/15503"}],"wp:attachment":[{"href":"https:\/\/www.fente-palatine.com\/ca\/wp-json\/wp\/v2\/media?parent=15487"}],"curies":[{"name":"wp","href":"https:\/\/api.w.org\/{rel}","templated":true}]}}