{"id":15493,"date":"2018-04-18T12:19:51","date_gmt":"2018-04-18T10:19:51","guid":{"rendered":"https:\/\/www.fente-palatine.com\/?page_id=15493"},"modified":"2019-06-10T12:58:07","modified_gmt":"2019-06-10T10:58:07","slug":"el-llavi-lepori-i-fissura-palatina","status":"publish","type":"page","link":"https:\/\/www.fente-palatine.com\/ca\/epidemiologia\/el-llavi-lepori-i-fissura-palatina\/","title":{"rendered":"El llavi lepor\u00ed i fissura palatina"},"content":{"rendered":"<p>[vc_row css_animation=&#8221;&#8221; row_type=&#8221;row&#8221; use_row_as_full_screen_section=&#8221;no&#8221; type=&#8221;full_width&#8221; angled_section=&#8221;no&#8221; text_align=&#8221;left&#8221; background_image_as_pattern=&#8221;without_pattern&#8221; el_class=&#8221;box-title-top&#8221; z_index=&#8221;&#8221;][vc_column][vc_column_text]<\/p>\n<h1 style=\"text-align: center;\">El llavi lepor\u00ed i fissura palatina<\/h1>\n<p>[\/vc_column_text][\/vc_column][\/vc_row][vc_row css_animation=&#8221;&#8221; row_type=&#8221;row&#8221; use_row_as_full_screen_section=&#8221;no&#8221; type=&#8221;grid&#8221; angled_section=&#8221;no&#8221; text_align=&#8221;left&#8221; background_image_as_pattern=&#8221;without_pattern&#8221; z_index=&#8221;&#8221;][vc_column][vc_column_text el_class=&#8221;content-style&#8221;]Els botons facials que constitueixen el llavi i les crestes palatines les quals han de formar el paladar no s\u2019han soldat durant l&#8217;embriog\u00e8nesi. La fissura concerneix el llavi, el paladar i les genives. Per\u00f2 la geniva de vegades esta intacte, no esta oberta.<\/p>\n<p>El llavi lepor\u00ed pot ser ample, sense perjudicar una manca d\u2019os significativa. Son els m\u00fasculs que han separat els bords. El llavi lepor\u00ed i el paladar pot ser unilateral (foto 1) o bilateral (Fig. 2). El nas \u00e9s sovint molt deformat, sobretot quan la fissura \u00e9s unilateral, per\u00f2 pot ser reparar de nou per mitj\u00e0 de cirurgia. Quan la fissura afecta la geniva, l&#8217;incisiu lateral pot estar absent o duplicat.<\/p>\n<p>La comunicaci\u00f3 entre la boca i el nas, associades a la fissura palatina interfereix amb l&#8217;alimentaci\u00f3. Nosaltres posem una placa palatal de resina per facilitar la presa del biber\u00f3. El llavi i el nas es reparen durant el primer mes de vida en una sola intervenci\u00f3 (<a href=\"https:\/\/www.fente-palatine.com\/ca\/el-llavi\/\">veure tractament el llavi<\/a>), el paladar es tanca en una segona cirurgia a l&#8217;edat de 6 mesos (<a href=\"https:\/\/www.fente-palatine.com\/ca\/el-paladar\/\">veure tractament el paladar<\/a>).[\/vc_column_text][\/vc_column][\/vc_row][vc_row css_animation=&#8221;&#8221; row_type=&#8221;row&#8221; use_row_as_full_screen_section=&#8221;no&#8221; type=&#8221;full_width&#8221; angled_section=&#8221;no&#8221; text_align=&#8221;left&#8221; background_image_as_pattern=&#8221;without_pattern&#8221; background_color=&#8221;#f7f7f7&#8243; css=&#8221;.vc_custom_1522169813821{margin-top: 60px !important;padding-top: 30px !important;padding-bottom: 30px !important;}&#8221; z_index=&#8221;&#8221;][vc_column][vc_row_inner row_type=&#8221;row&#8221; type=&#8221;grid&#8221; text_align=&#8221;left&#8221; css_animation=&#8221;&#8221; el_class=&#8221;row-img-legende&#8221;][vc_column_inner width=&#8221;1\/3&#8243;][vc_single_image image=&#8221;16976&#8243; img_size=&#8221;full&#8221; qode_css_animation=&#8221;&#8221;][vc_column_text el_class=&#8221;box-legende-photo&#8221;]<strong>El llavi lepor\u00ed i fissura palatina bilateral<\/strong>[\/vc_column_text][\/vc_column_inner][vc_column_inner width=&#8221;1\/3&#8243;][vc_single_image image=&#8221;16978&#8243; img_size=&#8221;full&#8221; qode_css_animation=&#8221;&#8221;][vc_column_text]<strong>El llavi lepor\u00ed i fissura palatina Bilateral asim\u00e8tric<\/strong>[\/vc_column_text][\/vc_column_inner][vc_column_inner width=&#8221;1\/3&#8243;][vc_single_image image=&#8221;16977&#8243; img_size=&#8221;full&#8221; qode_css_animation=&#8221;&#8221;][vc_column_text]<strong>El llavi lepor\u00ed i fissura palatina unilateral<\/strong>[\/vc_column_text][\/vc_column_inner][\/vc_row_inner][\/vc_column][\/vc_row]<\/p>\n","protected":false},"excerpt":{"rendered":"<p>[vc_row css_animation=&#8221;&#8221; row_type=&#8221;row&#8221; use_row_as_full_screen_section=&#8221;no&#8221; type=&#8221;full_width&#8221; angled_section=&#8221;no&#8221; text_align=&#8221;left&#8221; background_image_as_pattern=&#8221;without_pattern&#8221; el_class=&#8221;box-title-top&#8221; z_index=&#8221;&#8221;][vc_column][vc_column_text] El llavi lepor\u00ed i fissura palatina [\/vc_column_text][\/vc_column][\/vc_row][vc_row css_animation=&#8221;&#8221; row_type=&#8221;row&#8221; use_row_as_full_screen_section=&#8221;no&#8221; type=&#8221;grid&#8221; angled_section=&#8221;no&#8221;&#8230;<\/p>\n","protected":false},"author":4,"featured_media":0,"parent":15503,"menu_order":0,"comment_status":"open","ping_status":"open","template":"full_width.php","meta":{"_acf_changed":false,"footnotes":""},"class_list":["post-15493","page","type-page","status-publish","hentry"],"acf":[],"_links":{"self":[{"href":"https:\/\/www.fente-palatine.com\/ca\/wp-json\/wp\/v2\/pages\/15493","targetHints":{"allow":["GET"]}}],"collection":[{"href":"https:\/\/www.fente-palatine.com\/ca\/wp-json\/wp\/v2\/pages"}],"about":[{"href":"https:\/\/www.fente-palatine.com\/ca\/wp-json\/wp\/v2\/types\/page"}],"author":[{"embeddable":true,"href":"https:\/\/www.fente-palatine.com\/ca\/wp-json\/wp\/v2\/users\/4"}],"replies":[{"embeddable":true,"href":"https:\/\/www.fente-palatine.com\/ca\/wp-json\/wp\/v2\/comments?post=15493"}],"version-history":[{"count":0,"href":"https:\/\/www.fente-palatine.com\/ca\/wp-json\/wp\/v2\/pages\/15493\/revisions"}],"up":[{"embeddable":true,"href":"https:\/\/www.fente-palatine.com\/ca\/wp-json\/wp\/v2\/pages\/15503"}],"wp:attachment":[{"href":"https:\/\/www.fente-palatine.com\/ca\/wp-json\/wp\/v2\/media?parent=15493"}],"curies":[{"name":"wp","href":"https:\/\/api.w.org\/{rel}","templated":true}]}}