{"id":15534,"date":"2018-04-18T13:18:04","date_gmt":"2018-04-18T11:18:04","guid":{"rendered":"https:\/\/www.fente-palatine.com\/?page_id=15534"},"modified":"2019-03-19T17:59:53","modified_gmt":"2019-03-19T16:59:53","slug":"el-llavi","status":"publish","type":"page","link":"https:\/\/www.fente-palatine.com\/ca\/el-llavi\/","title":{"rendered":"El llavi"},"content":{"rendered":"<p>[vc_row css_animation=&#8221;&#8221; row_type=&#8221;row&#8221; use_row_as_full_screen_section=&#8221;no&#8221; type=&#8221;full_width&#8221; angled_section=&#8221;no&#8221; text_align=&#8221;left&#8221; background_image_as_pattern=&#8221;without_pattern&#8221; el_class=&#8221;box-title-top&#8221; z_index=&#8221;&#8221;][vc_column][vc_column_text]<\/p>\n<h1 style=\"text-align: center;\">El tractament: El llavi<\/h1>\n<p>[\/vc_column_text][\/vc_column][\/vc_row][vc_row css_animation=&#8221;&#8221; row_type=&#8221;row&#8221; use_row_as_full_screen_section=&#8221;no&#8221; type=&#8221;grid&#8221; angled_section=&#8221;no&#8221; text_align=&#8221;left&#8221; background_image_as_pattern=&#8221;without_pattern&#8221; z_index=&#8221;&#8221;][vc_column][vc_column_text el_class=&#8221;content-style&#8221;]La cirurgia neonatal preco\u00e7 en els primers mesos de vida<\/p>\n<p>Es fa un informe del nad\u00f3 en el moment del naixement: una revisi\u00f3 del nen, ecografia, an\u00e0lisis biol\u00f2giques, mostres bacteriol\u00f2giques. Si aquest informe \u00e9s normal i el nen t\u00e9 prou pes sense cap contraindicaci\u00f3 per a la cirurgia, llavors el llavi es tenca en el primer mes de vida.<\/p>\n<p>La cirurgia es realitza sota anest\u00e8sia general. Es pot reparar el llavi i el nas, si est\u00e0 deformat, en una sola operaci\u00f3. Tot i que sembli que falti una part del llavi, tot pot ser reparat, reconstru\u00eft. De fet no hi ha una p\u00e8rdua real de la subst\u00e0ncia, tot est\u00e0 present per\u00f2 deformat. La t\u00e8cnica que s\u2019utilitza permet corregir totes les deformacions i trobar la simetria entre ambd\u00f3s costats del llavi i el nas.<\/p>\n<p>La cirurgia dura al voltant d\u2019una hora i mitja. Se li pot donar el biber\u00f3 o el pit unes hores despr\u00e9s de la cirurgia. \u00c9s necess\u00e0ria l\u2019hospitalitzaci\u00f3 del nen acompanyat per un dels seus pares durant uns dies.<\/p>\n<ul>\n<li>T\u00e8cnica de rotaci\u00f3 i avan\u00e7ament de Millard<\/li>\n<li>Correcci\u00f3 de la reposici\u00f3 del llavi i el nas<\/li>\n<\/ul>\n<p>[\/vc_column_text][\/vc_column][\/vc_row][vc_row css_animation=&#8221;&#8221; row_type=&#8221;row&#8221; use_row_as_full_screen_section=&#8221;no&#8221; type=&#8221;full_width&#8221; angled_section=&#8221;no&#8221; text_align=&#8221;left&#8221; background_image_as_pattern=&#8221;without_pattern&#8221; background_color=&#8221;#f7f7f7&#8243; css=&#8221;.vc_custom_1525282329906{margin-top: 60px !important;padding-top: 30px !important;padding-bottom: 30px !important;}&#8221; z_index=&#8221;&#8221; el_class=&#8221;row-img-legende&#8221;][vc_column][vc_row_inner row_type=&#8221;row&#8221; type=&#8221;grid&#8221; text_align=&#8221;left&#8221; css_animation=&#8221;&#8221; el_class=&#8221;row-img-legende&#8221;][vc_column_inner width=&#8221;1\/4&#8243;][vc_single_image image=&#8221;17005&#8243; img_size=&#8221;full&#8221; qode_css_animation=&#8221;&#8221;][vc_column_text]<strong>Millard t\u00e8cnica de rotaci\u00f3 avan\u00e7ada<\/strong><br \/>\nEl contorn de les incisions de la pell est\u00e0 en vermell. Els moviments donats al llavi s\u00f3n de color blau[\/vc_column_text][\/vc_column_inner][vc_column_inner width=&#8221;1\/4&#8243;][vc_single_image image=&#8221;17008&#8243; img_size=&#8221;full&#8221; qode_css_animation=&#8221;&#8221;][vc_column_text]<strong>Millard t\u00e8cnica de rotaci\u00f3 avan\u00e7ada<\/strong>[\/vc_column_text][\/vc_column_inner][vc_column_inner width=&#8221;1\/4&#8243;][vc_single_image image=&#8221;17007&#8243; img_size=&#8221;full&#8221; qode_css_animation=&#8221;&#8221;][vc_column_text]<strong>Correcci\u00f3 del llavi i reposici\u00f3 del nas<\/strong><br \/>\nAl final de la cirurgia, es combinen les diferents incisions per reconstruir un llavi perfecte.[\/vc_column_text][\/vc_column_inner][vc_column_inner width=&#8221;1\/4&#8243;][vc_single_image image=&#8221;17006&#8243; img_size=&#8221;full&#8221; qode_css_animation=&#8221;&#8221;][vc_column_text]<strong>Correcci\u00f3 del llavi i reposici\u00f3 del nas<\/strong>[\/vc_column_text][\/vc_column_inner][\/vc_row_inner][\/vc_column][\/vc_row][vc_row css_animation=&#8221;&#8221; row_type=&#8221;row&#8221; use_row_as_full_screen_section=&#8221;no&#8221; type=&#8221;grid&#8221; angled_section=&#8221;no&#8221; text_align=&#8221;left&#8221; background_image_as_pattern=&#8221;without_pattern&#8221; z_index=&#8221;&#8221; css=&#8221;.vc_custom_1525362200337{margin-top: 60px !important;}&#8221;][vc_column][vc_column_text]La cirurgia reparadora del llavi, es refereix a tots els components labials. La incisi\u00f3 de la mucosa profunda es fa de manera que es pugui tancar el pla profund com una cortina. Es fa una incisi\u00f3 en el m\u00fascul per baixar-lo, i fem una rotaci\u00f3 per tenir un eix circular normal (m\u00fascul orbicular del llavi). En el pla cutani, es fa una incisi\u00f3 diferent per obtenir al\u00e7ades sim\u00e8triques sota les ales nasals, per obtenir una cicatriu en el eix de la columna de filtrum, per aconseguir una vora, una uni\u00f3 entre el llavi vermell i la l\u00ednia blanca del llavi de bona qualitat sense pujar el triangle vermell cap amunt.[\/vc_column_text][\/vc_column][\/vc_row]<\/p>\n","protected":false},"excerpt":{"rendered":"<p>[vc_row css_animation=&#8221;&#8221; row_type=&#8221;row&#8221; use_row_as_full_screen_section=&#8221;no&#8221; type=&#8221;full_width&#8221; angled_section=&#8221;no&#8221; text_align=&#8221;left&#8221; background_image_as_pattern=&#8221;without_pattern&#8221; el_class=&#8221;box-title-top&#8221; z_index=&#8221;&#8221;][vc_column][vc_column_text] El tractament: El llavi [\/vc_column_text][\/vc_column][\/vc_row][vc_row css_animation=&#8221;&#8221; row_type=&#8221;row&#8221; use_row_as_full_screen_section=&#8221;no&#8221; type=&#8221;grid&#8221; angled_section=&#8221;no&#8221; text_align=&#8221;left&#8221; background_image_as_pattern=&#8221;without_pattern&#8221;&#8230;<\/p>\n","protected":false},"author":4,"featured_media":0,"parent":0,"menu_order":0,"comment_status":"open","ping_status":"open","template":"full_width.php","meta":{"_acf_changed":false,"footnotes":""},"class_list":["post-15534","page","type-page","status-publish","hentry"],"acf":[],"_links":{"self":[{"href":"https:\/\/www.fente-palatine.com\/ca\/wp-json\/wp\/v2\/pages\/15534","targetHints":{"allow":["GET"]}}],"collection":[{"href":"https:\/\/www.fente-palatine.com\/ca\/wp-json\/wp\/v2\/pages"}],"about":[{"href":"https:\/\/www.fente-palatine.com\/ca\/wp-json\/wp\/v2\/types\/page"}],"author":[{"embeddable":true,"href":"https:\/\/www.fente-palatine.com\/ca\/wp-json\/wp\/v2\/users\/4"}],"replies":[{"embeddable":true,"href":"https:\/\/www.fente-palatine.com\/ca\/wp-json\/wp\/v2\/comments?post=15534"}],"version-history":[{"count":0,"href":"https:\/\/www.fente-palatine.com\/ca\/wp-json\/wp\/v2\/pages\/15534\/revisions"}],"wp:attachment":[{"href":"https:\/\/www.fente-palatine.com\/ca\/wp-json\/wp\/v2\/media?parent=15534"}],"curies":[{"name":"wp","href":"https:\/\/api.w.org\/{rel}","templated":true}]}}