{"id":15551,"date":"2018-04-18T13:45:07","date_gmt":"2018-04-18T11:45:07","guid":{"rendered":"https:\/\/www.fente-palatine.com\/?page_id=15551"},"modified":"2019-03-19T17:59:45","modified_gmt":"2019-03-19T16:59:45","slug":"el-conformador-nasal","status":"publish","type":"page","link":"https:\/\/www.fente-palatine.com\/ca\/el-conformador-nasal\/","title":{"rendered":"El conformador nasal"},"content":{"rendered":"<p>[vc_row css_animation=&#8221;&#8221; row_type=&#8221;row&#8221; use_row_as_full_screen_section=&#8221;no&#8221; type=&#8221;full_width&#8221; angled_section=&#8221;no&#8221; text_align=&#8221;left&#8221; background_image_as_pattern=&#8221;without_pattern&#8221; el_class=&#8221;box-title-top&#8221; z_index=&#8221;&#8221;][vc_column][vc_column_text]<\/p>\n<h1 style=\"text-align: center;\">el conformador nasal<\/h1>\n<p>[\/vc_column_text][\/vc_column][\/vc_row][vc_row css_animation=&#8221;&#8221; row_type=&#8221;row&#8221; use_row_as_full_screen_section=&#8221;no&#8221; type=&#8221;grid&#8221; angled_section=&#8221;no&#8221; text_align=&#8221;left&#8221; background_image_as_pattern=&#8221;without_pattern&#8221; z_index=&#8221;&#8221;][vc_column][vc_column_text el_class=&#8221;content-style&#8221;]Durant la primera operaci\u00f3 el llavi i el nas s\u00f3n reparats al mateix temps (<a href=\"https:\/\/www.fente-palatine.com\/la-levre\/\">veure la cirurgia del llavi<\/a>). En el nas, l\u2019env\u00e0 i l\u2019ala nasal es col\u00b7loquen a la seva posici\u00f3. Per\u00f2 la cicatriu, despr\u00e9s de la cirurgia es retreu i degrada el resultat original est\u00e8tic i funcional.<\/p>\n<p>Si volem conservar els resultats obtinguts al final de la operaci\u00f3, hem de posar un conformador nasal durant alguns mesos (fotos 1,2,3).<\/p>\n<p>Nosaltres utilitzem el conformador nasal K\u014dken (Fotos 4,5). \u00c9s de silicona semir\u00edgida i no \u00e9s agressiu. \u00c9s estable, bilateral, i adjuntem una fixaci\u00f3 amb steristrips. S&#8217;est\u00e0 perforat, i permet al nen a respirar i alletar amb normalitat (Foto 6).<\/p>\n<p>L\u2019ha de portar entre 4 i 6 mesos, i es pot canviar a mida que va creixent, hi han 13 talles.[\/vc_column_text][\/vc_column][\/vc_row][vc_row css_animation=&#8221;&#8221; row_type=&#8221;row&#8221; use_row_as_full_screen_section=&#8221;no&#8221; type=&#8221;full_width&#8221; angled_section=&#8221;no&#8221; text_align=&#8221;left&#8221; background_image_as_pattern=&#8221;without_pattern&#8221; background_color=&#8221;#f7f7f7&#8243; css=&#8221;.vc_custom_1522169813821{margin-top: 60px !important;padding-top: 30px !important;padding-bottom: 30px !important;}&#8221; z_index=&#8221;&#8221;][vc_column][vc_row_inner row_type=&#8221;row&#8221; type=&#8221;grid&#8221; text_align=&#8221;left&#8221; css_animation=&#8221;&#8221; el_class=&#8221;row-img-legende&#8221;][vc_column_inner width=&#8221;1\/3&#8243;][vc_single_image image=&#8221;17001&#8243; img_size=&#8221;full&#8221; qode_css_animation=&#8221;&#8221;][vc_column_text]Nen que porta una fenda de creu recte<br \/>\nAquest llavi hendido es completa en m\u00fasculs i cutani incomplet[\/vc_column_text][\/vc_column_inner][vc_column_inner width=&#8221;1\/3&#8243;][vc_single_image image=&#8221;16999&#8243; img_size=&#8221;full&#8221; qode_css_animation=&#8221;&#8221;][vc_column_text]Nen que porta una fenda de creu recte<br \/>\nEs va produir una intervenci\u00f3 postoperat\u00f2ria immediata amb els punts i la xapa nasal en el seu lloc[\/vc_column_text][\/vc_column_inner][vc_column_inner width=&#8221;1\/3&#8243;][vc_single_image image=&#8221;17000&#8243; img_size=&#8221;full&#8221; qode_css_animation=&#8221;&#8221;][vc_column_text]Nen que porta una fenda de creu recte<br \/>\nResultat de 3 mesos despr\u00e9s de la cirurgia[\/vc_column_text][\/vc_column_inner][\/vc_row_inner][vc_row_inner row_type=&#8221;row&#8221; type=&#8221;grid&#8221; text_align=&#8221;left&#8221; css_animation=&#8221;&#8221; css=&#8221;.vc_custom_1525354766599{margin-top: 35px !important;}&#8221; el_class=&#8221;row-img-legende&#8221;][vc_column_inner width=&#8221;1\/3&#8243;][vc_single_image image=&#8221;16997&#8243; img_size=&#8221;full&#8221; qode_css_animation=&#8221;&#8221;][vc_column_text]Conformista nasal vist des del front[\/vc_column_text][\/vc_column_inner][vc_column_inner width=&#8221;1\/3&#8243;][vc_single_image image=&#8221;17003&#8243; img_size=&#8221;full&#8221; qode_css_animation=&#8221;&#8221;][vc_column_text]Conformaci\u00f3 nasal vista des de dalt[\/vc_column_text][\/vc_column_inner][vc_column_inner width=&#8221;1\/3&#8243;][vc_single_image image=&#8221;17002&#8243; img_size=&#8221;full&#8221; qode_css_animation=&#8221;&#8221;][vc_column_text]Nen que porta una fenda de creu recte<br \/>\nEl nen s&#8217;alimenta del pit. El modelador nasal est\u00e0 en el seu lloc, pot succionar-se b\u00e9 perqu\u00e8 respira perfectament a trav\u00e9s del nas[\/vc_column_text][\/vc_column_inner][\/vc_row_inner][\/vc_column][\/vc_row]<\/p>\n","protected":false},"excerpt":{"rendered":"<p>[vc_row css_animation=&#8221;&#8221; row_type=&#8221;row&#8221; use_row_as_full_screen_section=&#8221;no&#8221; type=&#8221;full_width&#8221; angled_section=&#8221;no&#8221; text_align=&#8221;left&#8221; background_image_as_pattern=&#8221;without_pattern&#8221; el_class=&#8221;box-title-top&#8221; z_index=&#8221;&#8221;][vc_column][vc_column_text] el conformador nasal [\/vc_column_text][\/vc_column][\/vc_row][vc_row css_animation=&#8221;&#8221; row_type=&#8221;row&#8221; use_row_as_full_screen_section=&#8221;no&#8221; type=&#8221;grid&#8221; angled_section=&#8221;no&#8221; text_align=&#8221;left&#8221; background_image_as_pattern=&#8221;without_pattern&#8221; z_index=&#8221;&#8221;][vc_column][vc_column_text&#8230;<\/p>\n","protected":false},"author":4,"featured_media":0,"parent":0,"menu_order":0,"comment_status":"open","ping_status":"open","template":"full_width.php","meta":{"_acf_changed":false,"footnotes":""},"class_list":["post-15551","page","type-page","status-publish","hentry"],"acf":[],"_links":{"self":[{"href":"https:\/\/www.fente-palatine.com\/ca\/wp-json\/wp\/v2\/pages\/15551","targetHints":{"allow":["GET"]}}],"collection":[{"href":"https:\/\/www.fente-palatine.com\/ca\/wp-json\/wp\/v2\/pages"}],"about":[{"href":"https:\/\/www.fente-palatine.com\/ca\/wp-json\/wp\/v2\/types\/page"}],"author":[{"embeddable":true,"href":"https:\/\/www.fente-palatine.com\/ca\/wp-json\/wp\/v2\/users\/4"}],"replies":[{"embeddable":true,"href":"https:\/\/www.fente-palatine.com\/ca\/wp-json\/wp\/v2\/comments?post=15551"}],"version-history":[{"count":0,"href":"https:\/\/www.fente-palatine.com\/ca\/wp-json\/wp\/v2\/pages\/15551\/revisions"}],"wp:attachment":[{"href":"https:\/\/www.fente-palatine.com\/ca\/wp-json\/wp\/v2\/media?parent=15551"}],"curies":[{"name":"wp","href":"https:\/\/api.w.org\/{rel}","templated":true}]}}