{"id":15557,"date":"2018-04-18T13:49:55","date_gmt":"2018-04-18T11:49:55","guid":{"rendered":"https:\/\/www.fente-palatine.com\/?page_id=15557"},"modified":"2019-03-19T18:00:41","modified_gmt":"2019-03-19T17:00:41","slug":"resultats","status":"publish","type":"page","link":"https:\/\/www.fente-palatine.com\/ca\/resultats\/","title":{"rendered":"Resultats"},"content":{"rendered":"<p>[vc_row css_animation=&#8221;&#8221; row_type=&#8221;row&#8221; use_row_as_full_screen_section=&#8221;no&#8221; type=&#8221;full_width&#8221; angled_section=&#8221;no&#8221; text_align=&#8221;left&#8221; background_image_as_pattern=&#8221;without_pattern&#8221; el_class=&#8221;box-title-top&#8221; z_index=&#8221;&#8221;][vc_column][vc_column_text]<\/p>\n<h1 style=\"text-align: center;\">Resultats<\/h1>\n<p>[\/vc_column_text][\/vc_column][\/vc_row][vc_row css_animation=&#8221;&#8221; row_type=&#8221;row&#8221; use_row_as_full_screen_section=&#8221;no&#8221; type=&#8221;grid&#8221; angled_section=&#8221;no&#8221; text_align=&#8221;left&#8221; background_image_as_pattern=&#8221;without_pattern&#8221; z_index=&#8221;&#8221; css=&#8221;.vc_custom_1522156868795{margin-bottom: 50px !important;}&#8221;][vc_column][vc_column_text]Per al cirurgi\u00e0, cercar el millor resultat est\u00e8tic en el llavi i el nas \u00e9s una obligaci\u00f3. El primer temps quir\u00fargic despr\u00e8s de l\u2019operaci\u00f3 per tancar el llavi \u00e9s molt important. El que no s&#8217;ha fet o s\u2019ha fet malament , sempre ser\u00e0 m\u00e9s dif\u00edcil quan es vulgui tornar a operar. S\u2019ha de donar d\u2019entrada una forma normal al llavi amb una bona altura labial i una similitud de les crestes philtrals. Hem de trobar un nas recta, amb una posici\u00f3 sim\u00e8trica de les ales nasals.<\/p>\n<p>Per\u00f2 no \u00e9s nom\u00e9s l&#8217;est\u00e8tica que cal considerar, tamb\u00e9 hi ha funcions, la mobilitat del llavi, el paladar tou i la respiraci\u00f3 nasal. Un bon resultat \u00e9s tamb\u00e9 un nen que respira b\u00e9 pel nas (veure el tractament conformador nasal), un nen que parla b\u00e9, que sent b\u00e9, i t\u00e9 un bon creixement de la cara.<\/p>\n<p>Tot aix\u00f2 nom\u00e9s es pot aconseguir a trav\u00e9s d&#8217;un esfor\u00e7 de tots els metges involucrats en la cura d&#8217;aquest nen diferent. Per\u00f2 tamb\u00e9 cal l\u2019esfor\u00e7 dels pares per seguir les recomanacions de l&#8217;equip m\u00e8dic: rentats diaris de les fosses nasals, l&#8217;alimentaci\u00f3 amb biber\u00f3 (o el pit) varis mesos despr\u00e9s de la cirurgia del paladar, un seguiment regular del creixement, controls auditius, seguit d&#8217;ortod\u00f2ncia &#8230; un bon resultat, \u00e9s sobretot un nen feli\u00e7 de viure, per\u00f2 \u00e9s nom\u00e9s a trav\u00e9s de l&#8217;amor rebut dels seus pares &#8230;<br \/>\n[\/vc_column_text][\/vc_column][\/vc_row][vc_row css_animation=&#8221;&#8221; row_type=&#8221;row&#8221; use_row_as_full_screen_section=&#8221;no&#8221; type=&#8221;full_width&#8221; angled_section=&#8221;no&#8221; text_align=&#8221;left&#8221; background_image_as_pattern=&#8221;without_pattern&#8221; background_color=&#8221;#f7f7f7&#8243; z_index=&#8221;&#8221; el_class=&#8221;row-resultat&#8221;][vc_column][vc_row_inner row_type=&#8221;row&#8221; type=&#8221;grid&#8221; text_align=&#8221;left&#8221; css_animation=&#8221;&#8221;][vc_column_inner][vc_column_text]<\/p>\n<h2 style=\"text-align: center;\"><em>R\u00e9sultats El llavi lepor\u00ed<\/em><\/h2>\n<p>\n<ul class=\"bxslider\"  data-bxslider-mode=\"horizontal\"data-bxslider-speed=\"500\"data-bxslider-slide-margin=\"0\"data-bxslider-start-slide=\"0\"data-bxslider-random-start=\"false\"data-bxslider-slide-selector=\"\"data-bxslider-infinite-loop=\"true\"data-bxslider-hide-control-on-end=\"false\"data-bxslider-captions=\"true\"data-bxslider-ticker=\"false\"data-bxslider-ticker-hover=\"false\"data-bxslider-adaptive-height=\"false\"data-bxslider-adaptive-height-speed=\"500\"data-bxslider-video=\"false\"data-bxslider-responsive=\"true\"data-bxslider-use-css=\"true\"data-bxslider-easing=\"null\"data-bxslider-preload-images=\"visible\"data-bxslider-touch-enabled=\"true\"data-bxslider-swipe-threshold=\"50\"data-bxslider-one-to-one-touch=\"true\"data-bxslider-prevent-default-swipe-x=\"true\"data-bxslider-prevent-default-swipe-y=\"false\"data-bxslider-pager=\"false\"data-bxslider-pager-type=\"full\"data-bxslider-pager-short-separator=\" \/ \"data-bxslider-pager-selector=\"\"data-bxslider-controls=\"false\"data-bxslider-next-text=\"Next\"data-bxslider-prev-text=\"Prev\"data-bxslider-next-selector=\"null\"data-bxslider-prev-selector=\"null\"data-bxslider-auto-controls=\"false\"data-bxslider-start-text=\"Start\"data-bxslider-stop-text=\"Stop\"data-bxslider-auto-controls-combine=\"false\"data-bxslider-auto-controls-selector=\"null\"data-bxslider-auto=\"false\"data-bxslider-pause=\"4000\"data-bxslider-auto-start=\"false\"data-bxslider-auto-direction=\"next\"data-bxslider-auto-hover=\"false\"data-bxslider-auto-delay=\"0\"data-bxslider-min-slides=\"1\"data-bxslider-max-slides=\"1\"data-bxslider-move-slides=\"0\"data-bxslider-slide-width=\"0\" >\n                    <li>\n                        <img decoding=\"async\" src=\"https:\/\/www.fente-palatine.com\/wp-content\/uploads\/2018\/07\/04-avant-apres-fentes-labiales-ca.png\" alt=\"\" \/>\n                                <\/li>\n                            <li>\n                        <img decoding=\"async\" src=\"https:\/\/www.fente-palatine.com\/wp-content\/uploads\/2018\/07\/05-avant-apres-fentes-labiales-ca.png\" alt=\"\" \/>\n                                <\/li>\n                            <li>\n                        <img decoding=\"async\" src=\"https:\/\/www.fente-palatine.com\/wp-content\/uploads\/2018\/07\/06-avant-apres-fentes-labiales-ca.png\" alt=\"\" \/>\n                                <\/li>\n                            <li>\n                        <img decoding=\"async\" src=\"https:\/\/www.fente-palatine.com\/wp-content\/uploads\/2018\/07\/01-avant-apres-fentes-labiales-ca.png\" alt=\"\" \/>\n                                <\/li>\n                            <li>\n                        <img decoding=\"async\" src=\"https:\/\/www.fente-palatine.com\/wp-content\/uploads\/2018\/07\/02-avant-apres-fentes-labiales-ca.png\" alt=\"\" \/>\n                                <\/li>\n                            <li>\n                        <img decoding=\"async\" src=\"https:\/\/www.fente-palatine.com\/wp-content\/uploads\/2018\/07\/03-avant-apres-fentes-labiales-ca.png\" alt=\"\" \/>\n                                <\/li>\n            <\/ul>[\/vc_column_text][\/vc_column_inner][\/vc_row_inner][\/vc_column][\/vc_row][vc_row css_animation=&#8221;&#8221; row_type=&#8221;row&#8221; use_row_as_full_screen_section=&#8221;no&#8221; type=&#8221;full_width&#8221; angled_section=&#8221;no&#8221; text_align=&#8221;left&#8221; background_image_as_pattern=&#8221;without_pattern&#8221; background_color=&#8221;#f7f7f7&#8243; z_index=&#8221;&#8221; el_class=&#8221;row-resultat&#8221;][vc_column][vc_row_inner row_type=&#8221;row&#8221; type=&#8221;grid&#8221; text_align=&#8221;left&#8221; css_animation=&#8221;&#8221;][vc_column_inner][vc_column_text]<\/p>\n<h2 style=\"text-align: center;\"><em>R\u00e9sultats El llavi lepor\u00ed i fissura palatina<\/em><\/h2>\n<p>\n<ul class=\"bxslider\"  data-bxslider-mode=\"horizontal\"data-bxslider-speed=\"500\"data-bxslider-slide-margin=\"0\"data-bxslider-start-slide=\"0\"data-bxslider-random-start=\"false\"data-bxslider-slide-selector=\"\"data-bxslider-infinite-loop=\"true\"data-bxslider-hide-control-on-end=\"false\"data-bxslider-captions=\"true\"data-bxslider-ticker=\"false\"data-bxslider-ticker-hover=\"false\"data-bxslider-adaptive-height=\"false\"data-bxslider-adaptive-height-speed=\"500\"data-bxslider-video=\"false\"data-bxslider-responsive=\"true\"data-bxslider-use-css=\"true\"data-bxslider-easing=\"null\"data-bxslider-preload-images=\"visible\"data-bxslider-touch-enabled=\"true\"data-bxslider-swipe-threshold=\"50\"data-bxslider-one-to-one-touch=\"true\"data-bxslider-prevent-default-swipe-x=\"true\"data-bxslider-prevent-default-swipe-y=\"false\"data-bxslider-pager=\"false\"data-bxslider-pager-type=\"full\"data-bxslider-pager-short-separator=\" \/ \"data-bxslider-pager-selector=\"\"data-bxslider-controls=\"false\"data-bxslider-next-text=\"Next\"data-bxslider-prev-text=\"Prev\"data-bxslider-next-selector=\"null\"data-bxslider-prev-selector=\"null\"data-bxslider-auto-controls=\"false\"data-bxslider-start-text=\"Start\"data-bxslider-stop-text=\"Stop\"data-bxslider-auto-controls-combine=\"false\"data-bxslider-auto-controls-selector=\"null\"data-bxslider-auto=\"false\"data-bxslider-pause=\"4000\"data-bxslider-auto-start=\"false\"data-bxslider-auto-direction=\"next\"data-bxslider-auto-hover=\"false\"data-bxslider-auto-delay=\"0\"data-bxslider-min-slides=\"1\"data-bxslider-max-slides=\"1\"data-bxslider-move-slides=\"0\"data-bxslider-slide-width=\"0\" >\n                    <li>\n                        <img decoding=\"async\" src=\"https:\/\/www.fente-palatine.com\/wp-content\/uploads\/2018\/07\/05-avant-apres-fentes-labiopalatine-ca.png\" alt=\"\" \/>\n                                <\/li>\n                            <li>\n                        <img decoding=\"async\" src=\"https:\/\/www.fente-palatine.com\/wp-content\/uploads\/2018\/07\/06-avant-apres-fentes-labiopalatine-ca.png\" alt=\"\" \/>\n                                <\/li>\n                            <li>\n                        <img decoding=\"async\" src=\"https:\/\/www.fente-palatine.com\/wp-content\/uploads\/2018\/07\/07-avant-apres-fentes-labiopalatine-ca.png\" alt=\"\" \/>\n                                <\/li>\n                            <li>\n                        <img decoding=\"async\" src=\"https:\/\/www.fente-palatine.com\/wp-content\/uploads\/2018\/07\/01-avant-apres-fentes-labiopalatine-ca.png\" alt=\"\" \/>\n                                <\/li>\n                            <li>\n                        <img decoding=\"async\" src=\"https:\/\/www.fente-palatine.com\/wp-content\/uploads\/2018\/07\/02-avant-apres-fentes-labiopalatine-ca.png\" alt=\"\" \/>\n                                <\/li>\n                            <li>\n                        <img decoding=\"async\" src=\"https:\/\/www.fente-palatine.com\/wp-content\/uploads\/2018\/07\/03-avant-apres-fentes-labiopalatine-ca.png\" alt=\"\" \/>\n                                <\/li>\n                            <li>\n                        <img decoding=\"async\" src=\"https:\/\/www.fente-palatine.com\/wp-content\/uploads\/2018\/07\/04-avant-apres-fentes-labiopalatine-ca.png\" alt=\"\" \/>\n                                <\/li>\n            <\/ul>[\/vc_column_text][\/vc_column_inner][\/vc_row_inner][\/vc_column][\/vc_row]<\/p>\n","protected":false},"excerpt":{"rendered":"<p>[vc_row css_animation=&#8221;&#8221; row_type=&#8221;row&#8221; use_row_as_full_screen_section=&#8221;no&#8221; type=&#8221;full_width&#8221; angled_section=&#8221;no&#8221; text_align=&#8221;left&#8221; background_image_as_pattern=&#8221;without_pattern&#8221; el_class=&#8221;box-title-top&#8221; z_index=&#8221;&#8221;][vc_column][vc_column_text] Resultats [\/vc_column_text][\/vc_column][\/vc_row][vc_row css_animation=&#8221;&#8221; row_type=&#8221;row&#8221; use_row_as_full_screen_section=&#8221;no&#8221; type=&#8221;grid&#8221; angled_section=&#8221;no&#8221; text_align=&#8221;left&#8221; background_image_as_pattern=&#8221;without_pattern&#8221; z_index=&#8221;&#8221; css=&#8221;.vc_custom_1522156868795{margin-bottom: 50px&#8230;<\/p>\n","protected":false},"author":4,"featured_media":0,"parent":0,"menu_order":0,"comment_status":"open","ping_status":"open","template":"full_width.php","meta":{"_acf_changed":false,"footnotes":""},"class_list":["post-15557","page","type-page","status-publish","hentry"],"acf":[],"_links":{"self":[{"href":"https:\/\/www.fente-palatine.com\/ca\/wp-json\/wp\/v2\/pages\/15557","targetHints":{"allow":["GET"]}}],"collection":[{"href":"https:\/\/www.fente-palatine.com\/ca\/wp-json\/wp\/v2\/pages"}],"about":[{"href":"https:\/\/www.fente-palatine.com\/ca\/wp-json\/wp\/v2\/types\/page"}],"author":[{"embeddable":true,"href":"https:\/\/www.fente-palatine.com\/ca\/wp-json\/wp\/v2\/users\/4"}],"replies":[{"embeddable":true,"href":"https:\/\/www.fente-palatine.com\/ca\/wp-json\/wp\/v2\/comments?post=15557"}],"version-history":[{"count":0,"href":"https:\/\/www.fente-palatine.com\/ca\/wp-json\/wp\/v2\/pages\/15557\/revisions"}],"wp:attachment":[{"href":"https:\/\/www.fente-palatine.com\/ca\/wp-json\/wp\/v2\/media?parent=15557"}],"curies":[{"name":"wp","href":"https:\/\/api.w.org\/{rel}","templated":true}]}}