{"id":15560,"date":"2018-04-18T14:00:50","date_gmt":"2018-04-18T12:00:50","guid":{"rendered":"https:\/\/www.fente-palatine.com\/?page_id=15560"},"modified":"2019-03-19T17:56:45","modified_gmt":"2019-03-19T16:56:45","slug":"missions-humanitaries","status":"publish","type":"page","link":"https:\/\/www.fente-palatine.com\/ca\/missions-humanitaries\/","title":{"rendered":"Missions humanit\u00e0ries"},"content":{"rendered":"<p>[vc_row css_animation=&#8221;&#8221; row_type=&#8221;row&#8221; use_row_as_full_screen_section=&#8221;no&#8221; type=&#8221;full_width&#8221; angled_section=&#8221;no&#8221; text_align=&#8221;left&#8221; background_image_as_pattern=&#8221;without_pattern&#8221; el_class=&#8221;box-title-top&#8221; z_index=&#8221;&#8221;][vc_column][vc_column_text]<\/p>\n<h1 style=\"text-align: center;\">Missions humanit\u00e0ries<\/h1>\n<p>[\/vc_column_text][\/vc_column][\/vc_row][vc_row css_animation=&#8221;&#8221; row_type=&#8221;row&#8221; use_row_as_full_screen_section=&#8221;no&#8221; type=&#8221;grid&#8221; angled_section=&#8221;no&#8221; text_align=&#8221;left&#8221; background_image_as_pattern=&#8221;without_pattern&#8221; z_index=&#8221;&#8221;][vc_column][vc_column_text el_class=&#8221;content-style&#8221;]Durant molts anys els equips quir\u00fargics de la cl\u00ednica M\u00e9dip\u00f4le Garonne, i anteriorment de cl\u00ednica Cours Dillon, participen en missions humanit\u00e0ries en els pa\u00efsos en via de desenvolupament. Aquestes accions inclouen la cirurgia del peu, la cirurgia de l&#8217;o\u00efda i la reparaci\u00f3 del llavi lepor\u00ed paladar, que tenen lloc a l&#8217;\u00c0frica (Mali, Senegal, Ben\u00edn) i \u00c0sia (Cambodja, Vietnam, Filipines).<br \/>\nUn equip del Centre de Compet\u00e8ncia del llavi lepor\u00ed i paladar opera cada any m\u00e9s de 40 nens amb fissura a Filipines. Aquesta missi\u00f3 de voluntaris est\u00e0 organitzada en col\u00b7laboraci\u00f3 amb el Comit\u00e8 de Suport a la Inf\u00e0ncia Filipina i l\u2019associaci\u00f3 d\u2019Inf\u00e0ncia i Cirurgia Humanit\u00e0ria.<br \/>\nPodeu seguir el desenvolupament de la missi\u00f3 amb el passi de diapositives a continuaci\u00f3. Des de la seva arribada a l&#8217;hospital, amb les consultes al inici de la missi\u00f3, despr\u00e8s les intervencions en el quir\u00f2fan, i per \u00faltim la visita postoperat\u00f2ria en les habitacions comuns.<br \/>\n[\/vc_column_text][\/vc_column][\/vc_row]<\/p>\n","protected":false},"excerpt":{"rendered":"<p>[vc_row css_animation=&#8221;&#8221; row_type=&#8221;row&#8221; use_row_as_full_screen_section=&#8221;no&#8221; type=&#8221;full_width&#8221; angled_section=&#8221;no&#8221; text_align=&#8221;left&#8221; background_image_as_pattern=&#8221;without_pattern&#8221; el_class=&#8221;box-title-top&#8221; z_index=&#8221;&#8221;][vc_column][vc_column_text] Missions humanit\u00e0ries [\/vc_column_text][\/vc_column][\/vc_row][vc_row css_animation=&#8221;&#8221; row_type=&#8221;row&#8221; use_row_as_full_screen_section=&#8221;no&#8221; type=&#8221;grid&#8221; angled_section=&#8221;no&#8221; text_align=&#8221;left&#8221; background_image_as_pattern=&#8221;without_pattern&#8221; z_index=&#8221;&#8221;][vc_column][vc_column_text el_class=&#8221;content-style&#8221;]Durant&#8230;<\/p>\n","protected":false},"author":4,"featured_media":0,"parent":0,"menu_order":0,"comment_status":"open","ping_status":"open","template":"full_width.php","meta":{"_acf_changed":false,"footnotes":""},"class_list":["post-15560","page","type-page","status-publish","hentry"],"acf":[],"_links":{"self":[{"href":"https:\/\/www.fente-palatine.com\/ca\/wp-json\/wp\/v2\/pages\/15560","targetHints":{"allow":["GET"]}}],"collection":[{"href":"https:\/\/www.fente-palatine.com\/ca\/wp-json\/wp\/v2\/pages"}],"about":[{"href":"https:\/\/www.fente-palatine.com\/ca\/wp-json\/wp\/v2\/types\/page"}],"author":[{"embeddable":true,"href":"https:\/\/www.fente-palatine.com\/ca\/wp-json\/wp\/v2\/users\/4"}],"replies":[{"embeddable":true,"href":"https:\/\/www.fente-palatine.com\/ca\/wp-json\/wp\/v2\/comments?post=15560"}],"version-history":[{"count":0,"href":"https:\/\/www.fente-palatine.com\/ca\/wp-json\/wp\/v2\/pages\/15560\/revisions"}],"wp:attachment":[{"href":"https:\/\/www.fente-palatine.com\/ca\/wp-json\/wp\/v2\/media?parent=15560"}],"curies":[{"name":"wp","href":"https:\/\/api.w.org\/{rel}","templated":true}]}}