{"id":15825,"date":"2018-04-25T12:06:04","date_gmt":"2018-04-25T10:06:04","guid":{"rendered":"https:\/\/www.fente-palatine.com\/?page_id=15825"},"modified":"2019-03-19T17:57:10","modified_gmt":"2019-03-19T16:57:10","slug":"altres-protocols","status":"publish","type":"page","link":"https:\/\/www.fente-palatine.com\/ca\/altres-protocols\/","title":{"rendered":"Altres protocols"},"content":{"rendered":"<p>[vc_row css_animation=&#8221;&#8221; row_type=&#8221;row&#8221; use_row_as_full_screen_section=&#8221;no&#8221; type=&#8221;full_width&#8221; angled_section=&#8221;no&#8221; text_align=&#8221;left&#8221; background_image_as_pattern=&#8221;without_pattern&#8221; el_class=&#8221;box-title-top&#8221; z_index=&#8221;&#8221;][vc_column][vc_column_text]<\/p>\n<h1 style=\"text-align: center;\">Altres protocols<\/h1>\n<p>[\/vc_column_text][\/vc_column][\/vc_row][vc_row css_animation=&#8221;&#8221; row_type=&#8221;row&#8221; use_row_as_full_screen_section=&#8221;no&#8221; type=&#8221;grid&#8221; angled_section=&#8221;no&#8221; text_align=&#8221;left&#8221; background_image_as_pattern=&#8221;without_pattern&#8221; z_index=&#8221;&#8221;][vc_column][vc_column_text el_class=&#8221;content-style&#8221;]<strong>Alguns equips a Fran\u00e7a proposen diferents protocols terap\u00e8utics :<\/strong><\/p>\n<p>Per la t\u00e8cnica quir\u00fargica escollida ja sigui per la cirurgia del llavi o del paladar.<br \/>\nSegons el calendari quir\u00fargic, la cirurgia del llavi es pot realitzar despr\u00e9s del naixement o a l\u2019edat de tres mesos, el paladar es tenca entre els 6 i 9 mesos despr\u00e9s del naixement. Escollint l\u2019ordre de les operacions, en el protocol cl\u00e0ssic, primer s\u2019opera el llavi i despr\u00e9s el paladar, en el protocol \u201cinvertit\u201d (descrit per el Dr. Ren\u00e9 Malek) primer es tenca el vel del paladar i mesos m\u00e9s tard el llavi.<\/p>\n<p>Alguns equips prefereixen un sol temps operatori associant la cirurgia del llavi i el paladar. Tots aquests protocols permeten bons resultats funcionals i est\u00e8tics. L\u2019elecci\u00f3 d\u2019un protocol terap\u00e8utic dep\u00e8n dels h\u00e0bits i possibilitats locals, cadasc\u00fa vol privilegiar en principi l\u2019efecte del tractament.<\/p>\n<p><strong>Altres planes web de Centres de Tractament de llavi lepor\u00ed i fissura palatina :<\/strong><\/p>\n<ul>\n<li><a href=\"http:\/\/www.chu-poitiers.fr\/\">www.chu-poitiers.fr<\/a> (H\u00f4pital de Poitiers)<\/li>\n<li><a href=\"https:\/\/www.chu-tours.fr\/\">www.chu-tours.fr<\/a> (H\u00f4pital de Tours)<\/li>\n<li><a href=\"https:\/\/cleft-palate.com\/\">www.flmp.ch<\/a> (H\u00f4pital de Lausanne)<\/li>\n<li><a href=\"http:\/\/www.chu-lyon.fr\/fr\">www.chu-lyon.fr<\/a> (H\u00f4pital de Lyon)<\/li>\n<\/ul>\n<p>[\/vc_column_text][\/vc_column][\/vc_row]<\/p>\n","protected":false},"excerpt":{"rendered":"<p>[vc_row css_animation=&#8221;&#8221; row_type=&#8221;row&#8221; use_row_as_full_screen_section=&#8221;no&#8221; type=&#8221;full_width&#8221; angled_section=&#8221;no&#8221; text_align=&#8221;left&#8221; background_image_as_pattern=&#8221;without_pattern&#8221; el_class=&#8221;box-title-top&#8221; z_index=&#8221;&#8221;][vc_column][vc_column_text] Altres protocols [\/vc_column_text][\/vc_column][\/vc_row][vc_row css_animation=&#8221;&#8221; row_type=&#8221;row&#8221; use_row_as_full_screen_section=&#8221;no&#8221; type=&#8221;grid&#8221; angled_section=&#8221;no&#8221; text_align=&#8221;left&#8221; background_image_as_pattern=&#8221;without_pattern&#8221; z_index=&#8221;&#8221;][vc_column][vc_column_text el_class=&#8221;content-style&#8221;]Alguns&#8230;<\/p>\n","protected":false},"author":4,"featured_media":0,"parent":0,"menu_order":0,"comment_status":"open","ping_status":"open","template":"full_width.php","meta":{"_acf_changed":false,"footnotes":""},"class_list":["post-15825","page","type-page","status-publish","hentry"],"acf":[],"_links":{"self":[{"href":"https:\/\/www.fente-palatine.com\/ca\/wp-json\/wp\/v2\/pages\/15825","targetHints":{"allow":["GET"]}}],"collection":[{"href":"https:\/\/www.fente-palatine.com\/ca\/wp-json\/wp\/v2\/pages"}],"about":[{"href":"https:\/\/www.fente-palatine.com\/ca\/wp-json\/wp\/v2\/types\/page"}],"author":[{"embeddable":true,"href":"https:\/\/www.fente-palatine.com\/ca\/wp-json\/wp\/v2\/users\/4"}],"replies":[{"embeddable":true,"href":"https:\/\/www.fente-palatine.com\/ca\/wp-json\/wp\/v2\/comments?post=15825"}],"version-history":[{"count":0,"href":"https:\/\/www.fente-palatine.com\/ca\/wp-json\/wp\/v2\/pages\/15825\/revisions"}],"wp:attachment":[{"href":"https:\/\/www.fente-palatine.com\/ca\/wp-json\/wp\/v2\/media?parent=15825"}],"curies":[{"name":"wp","href":"https:\/\/api.w.org\/{rel}","templated":true}]}}