{"id":15828,"date":"2018-04-25T12:16:53","date_gmt":"2018-04-25T10:16:53","guid":{"rendered":"https:\/\/www.fente-palatine.com\/?page_id=15828"},"modified":"2019-03-19T17:59:30","modified_gmt":"2019-03-19T16:59:30","slug":"consequencies-dun-diagnostic-precoc","status":"publish","type":"page","link":"https:\/\/www.fente-palatine.com\/ca\/ecografia\/consequencies-dun-diagnostic-precoc\/","title":{"rendered":"Conseq\u00fc\u00e8ncies d&#8217;un diagn\u00f2stic preco\u00e7"},"content":{"rendered":"<p>[vc_row css_animation=&#8221;&#8221; row_type=&#8221;row&#8221; use_row_as_full_screen_section=&#8221;no&#8221; type=&#8221;full_width&#8221; angled_section=&#8221;no&#8221; text_align=&#8221;left&#8221; background_image_as_pattern=&#8221;without_pattern&#8221; el_class=&#8221;box-title-top&#8221; z_index=&#8221;&#8221;][vc_column][vc_column_text]<\/p>\n<h1 style=\"text-align: center;\">Conseq\u00fc\u00e8ncies d&#8217;un diagn\u00f2stic preco\u00e7<\/h1>\n<p>[\/vc_column_text][\/vc_column][\/vc_row][vc_row css_animation=&#8221;&#8221; row_type=&#8221;row&#8221; use_row_as_full_screen_section=&#8221;no&#8221; type=&#8221;grid&#8221; angled_section=&#8221;no&#8221; text_align=&#8221;left&#8221; background_image_as_pattern=&#8221;without_pattern&#8221; z_index=&#8221;&#8221;][vc_column][vc_column_text el_class=&#8221;content-style&#8221;]El diagn\u00f2stic prenatal de llavi lepor\u00ed i el paladar afectar\u00e0 en la cura nen. En als pares els hi permetr\u00e0 rebre informaci\u00f3 sobre la malformaci\u00f3, i per tant tenir una millor comprensi\u00f3 del seu origen i el seu tractament. Tot aix\u00f2 t\u00e9 lloc fora del context del naixement, temps d&#8217;alegria, que pot decebre al trobar-se una cara inesperada. El diagn\u00f2stic fet abans del naixement permet als pares informar-se sobre aquesta malformaci\u00f3 i trobar-se amb els equips quir\u00fargics que li donaran cura i suport. Tamb\u00e9 ajuda a con\u00e8ixer als pares que s\u2019han trobat amb aquesta mateixa experi\u00e8ncia, o trobar-se amb els pares a trav\u00e9s dels f\u00f2rums a Internet. Aquest diagn\u00f2stic permet d\u2019entendre millor que \u00e9s el llavi lepor\u00ed i paladar i veure les possibilitats quir\u00fargiques actuals.<\/p>\n<p>Per a l&#8217;equip m\u00e8dic, el diagn\u00f2stic ajuda a con\u00e8ixer als pares abans del naixement, per explicar la malformaci\u00f3 del nad\u00f3 i el seu tractament. Permet tranquil\u00b7litzar els pares sobre la cirurgia neonatal (durant el primer mes de vida), i per a calmar aquesta inquietud tant comprensible. Ajuda a establir i construir una relaci\u00f3 de confian\u00e7a entre els pares i l&#8217;equip quir\u00fargic, una relaci\u00f3 essencial per tenir una bona cura d\u2019aquest nen des de el seu naixement.<\/p>\n<p>No obstant aix\u00f2, el diagn\u00f2stic prenatal, tamb\u00e9 pot ser un risc per al nad\u00f3 al volgu\u00e9 interrompre l\u2019embar\u00e0s. De fet, de vegades ens trobem amb pares que demanen d\u2019interrompre l\u2019embar\u00e0s una vegada coneixen el diagn\u00f2stic del llavi lepor\u00ed i paladar. Son els metges i cirurgians en particular que han d\u2019explicar les opcions de reparaci\u00f3 per aquest nen, explicar que \u00e9s tant sols una imatge i no perjudicar\u00e0 en les futures capacitats del nen alhora de n\u00e9ixer. De fet, la interrupci\u00f3 de l\u2019embar\u00e0s est\u00e0 prohibida per la llei ja que es tracta d\u2019una malformaci\u00f3 curable i el diagn\u00f2stic vital no est\u00e0 en joc. (Veure &#8220;\u00bfQu\u00e8 diu la llei).<\/p>\n<h2>Taxa de diagn\u00f2stic prenatal<\/h2>\n<p>Davant el diagn\u00f2stic prenatal de llavi lepor\u00ed dep\u00e8n de molts factors: la posici\u00f3 del nen, la qualitat de la de l&#8217;ecografia, l\u2019experi\u00e8ncia i practica del professional&#8230; La taxa de descobriment d&#8217;un llavi lepor\u00ed abans de n\u00e9ixer va augmentar de forma constant durant els \u00faltims deu anys. Avui dia, en el nostre centre, gaireb\u00e9 9 de cada 10 nens amb llavi lepor\u00ed o fissura palatina son diagnosticats abans del naixement.<\/p>\n<p>2005 : 45%<br \/>\n2006 : 60%<br \/>\n2007 : 75%<br \/>\n2008 : 80%<br \/>\n2009 : 90%<\/p>\n<h2>Recomanacions i cura<\/h2>\n<p>Els ex\u00e0mens ecogr\u00e0fics realitzats a la mare poden supervisar el bon desenvolupament de l&#8217;embar\u00e0s. El primer, sobre la 12 \u00aa setmana, confirma la presencia d&#8217;un embri\u00f3, el nombre de nens i la data del part.<\/p>\n<p>La segona ecografia es fa al voltant de la setmana 22 s\u2019anomena morfol\u00f2gica, ja que permetr\u00e0 l&#8217;estudi de les formes del nen, la mida dels seus membres, el seu cervell, l&#8217;aspecte de la seva cara &#8230;\u00e9s en aquesta ecografia on podem veure una fissura. Per\u00f2 nom\u00e9s s&#8217;explora la forma, no la part funcional.<\/p>\n<p>La tercera ecografia es fa al voltant de la setmana 32, s&#8217;analitza la posici\u00f3 del nen, les possibilitats davant i durant el part \u00e9s el que anomenem &#8220;obst\u00e8trica&#8221;.<\/p>\n<p>Aquestes tres ecografies s\u00f3n recomanades per els ginec\u00f2legs i entren dins del Server de la seguretat social. Poden ser realitzades pel seu ginec\u00f2leg, llevadora o per un radi\u00f2leg. Si es diagnostica un llavi lepor\u00ed o paladar es fa, sovint una ecografia complement\u00e0ria en un centre especialitzat per al diagn\u00f2stic prenatal.<\/p>\n<p>1er trimestre (12 setmanes de gestaci\u00f3) a terme<br \/>\n2on trimestre (22 setmanes de gestaci\u00f3) Morfologia<br \/>\n3 \u00ba trimestre (32 setmanes de gestaci\u00f3) obst\u00e8trica<\/p>\n<h2>Qu\u00e8 diu la llei?<\/h2>\n<p>Art.L.2212 CSP<br \/>\n&#8220;La dona embarassada que el seu estat crea una situaci\u00f3 d&#8217;angoixa pot demanar a un metge d&#8217;interrompre el seu embar\u00e0s. Aquesta interrupci\u00f3 es pot realitzar abans de la fi de la setmana 12 d&#8217;embar\u00e0s &#8220;(Llei N \u00ba 2001-588 del 4 de juliol.2001, art. 2)<\/p>\n<p>Art.L.2213 CSP<br \/>\n&#8220;Avortament es pot realitzar en qualsevol moment &#8230; el nen pot n\u00e9ixer amb dany perjudicat&#8230; incurable en el moment del diagn\u00f2stic. &#8220;(Llei N \u00ba 2001-588, del 4 de juliol.2001, art.11)<\/p>\n<p>Art.L.2222 CSP-2<br \/>\n(T\u00edtol II: Disposicions penals Cap.2 : l&#8217;avortament il\u00b7legal) &#8220;L&#8217;avortament est\u00e0 penalitzat amb 2 anys de pres\u00f3 i multa de 30.000 euros, despr\u00e9s del termini de venciment autoritzat per la llei.. sense un certificat m\u00e8dic. &#8220;(Llei N \u00ba 2001-588, del 4 de juliol.2001, art.14-II)[\/vc_column_text][\/vc_column][\/vc_row]<\/p>\n","protected":false},"excerpt":{"rendered":"<p>[vc_row css_animation=&#8221;&#8221; row_type=&#8221;row&#8221; use_row_as_full_screen_section=&#8221;no&#8221; type=&#8221;full_width&#8221; angled_section=&#8221;no&#8221; text_align=&#8221;left&#8221; background_image_as_pattern=&#8221;without_pattern&#8221; el_class=&#8221;box-title-top&#8221; z_index=&#8221;&#8221;][vc_column][vc_column_text] Conseq\u00fc\u00e8ncies d&#8217;un diagn\u00f2stic preco\u00e7 [\/vc_column_text][\/vc_column][\/vc_row][vc_row css_animation=&#8221;&#8221; row_type=&#8221;row&#8221; use_row_as_full_screen_section=&#8221;no&#8221; type=&#8221;grid&#8221; angled_section=&#8221;no&#8221; text_align=&#8221;left&#8221; background_image_as_pattern=&#8221;without_pattern&#8221;&#8230;<\/p>\n","protected":false},"author":4,"featured_media":0,"parent":16553,"menu_order":0,"comment_status":"open","ping_status":"open","template":"full_width.php","meta":{"_acf_changed":false,"footnotes":""},"class_list":["post-15828","page","type-page","status-publish","hentry"],"acf":[],"_links":{"self":[{"href":"https:\/\/www.fente-palatine.com\/ca\/wp-json\/wp\/v2\/pages\/15828","targetHints":{"allow":["GET"]}}],"collection":[{"href":"https:\/\/www.fente-palatine.com\/ca\/wp-json\/wp\/v2\/pages"}],"about":[{"href":"https:\/\/www.fente-palatine.com\/ca\/wp-json\/wp\/v2\/types\/page"}],"author":[{"embeddable":true,"href":"https:\/\/www.fente-palatine.com\/ca\/wp-json\/wp\/v2\/users\/4"}],"replies":[{"embeddable":true,"href":"https:\/\/www.fente-palatine.com\/ca\/wp-json\/wp\/v2\/comments?post=15828"}],"version-history":[{"count":0,"href":"https:\/\/www.fente-palatine.com\/ca\/wp-json\/wp\/v2\/pages\/15828\/revisions"}],"up":[{"embeddable":true,"href":"https:\/\/www.fente-palatine.com\/ca\/wp-json\/wp\/v2\/pages\/16553"}],"wp:attachment":[{"href":"https:\/\/www.fente-palatine.com\/ca\/wp-json\/wp\/v2\/media?parent=15828"}],"curies":[{"name":"wp","href":"https:\/\/api.w.org\/{rel}","templated":true}]}}