{"id":15835,"date":"2018-04-25T12:26:46","date_gmt":"2018-04-25T10:26:46","guid":{"rendered":"https:\/\/www.fente-palatine.com\/?page_id=15835"},"modified":"2019-03-19T17:59:20","modified_gmt":"2019-03-19T16:59:20","slug":"ecografia-4d","status":"publish","type":"page","link":"https:\/\/www.fente-palatine.com\/ca\/ecografia\/ecografia-4d\/","title":{"rendered":"Ecografia 4D"},"content":{"rendered":"<p>[vc_row css_animation=&#8221;&#8221; row_type=&#8221;row&#8221; use_row_as_full_screen_section=&#8221;no&#8221; type=&#8221;full_width&#8221; angled_section=&#8221;no&#8221; text_align=&#8221;left&#8221; background_image_as_pattern=&#8221;without_pattern&#8221; el_class=&#8221;box-title-top&#8221; z_index=&#8221;&#8221;][vc_column][vc_column_text]<\/p>\n<h1 style=\"text-align: center;\">Ecografia 4D<\/h1>\n<p>[\/vc_column_text][\/vc_column][\/vc_row][vc_row css_animation=&#8221;&#8221; row_type=&#8221;row&#8221; use_row_as_full_screen_section=&#8221;no&#8221; type=&#8221;grid&#8221; angled_section=&#8221;no&#8221; text_align=&#8221;left&#8221; background_image_as_pattern=&#8221;without_pattern&#8221; z_index=&#8221;&#8221;][vc_column][vc_column_text el_class=&#8221;content-style&#8221;]Es realitzaran diferents ecografies al llarg de l\u2019embar\u00e0s. Aquestes permeten un seguiment del fetus i detectar qualsevol malformaci\u00f3 o anomalia que pugui afectar al nad\u00f3.<\/p>\n<p>Aquestes ecografies no s\u00f3n infal\u00b7libles, i no sempre permeten detectar les malformacions del fetus. De fet, en funci\u00f3 de la seva posici\u00f3, certes parts del cos poden estar amagades.<\/p>\n<p>L\u2019ecografia 4D es basa en el mateix principi que l\u2019ecografia 3D. Durant l\u2019examen, el professional podr\u00e0 mostrar una imatge precisa del nad\u00f3 com a tal. La diferencia entre aquests dos tipus d\u2019ecografia \u00e9s que l\u2019ecografia 3D \u00e9s una imatge est\u00e0tica del nad\u00f3, mentre que l\u2019ecografia 4D, s\u2019obt\u00e9 un v\u00eddeo del nad\u00f3.<\/p>\n<p>Al igual que l\u2019ecografia 3D, l\u2019ecografia 4D permet analitzar perfectament la cara del nad\u00f3 i aix\u00ed poder detectar l\u2019eventual presencia d\u2019un llavi lepor\u00ed.<br \/>\nEl radi\u00f2leg tamb\u00e9 podr\u00e0 analitzar perfectament i anticipar la cirurgia reparadora.[\/vc_column_text][vc_video link=&#8221;https:\/\/youtu.be\/oHzVb5-428w&#8221; el_width=&#8221;60&#8243; align=&#8221;center&#8221; css=&#8221;.vc_custom_1524843456362{margin-top: 75px !important;}&#8221;][\/vc_column][\/vc_row]<\/p>\n","protected":false},"excerpt":{"rendered":"<p>[vc_row css_animation=&#8221;&#8221; row_type=&#8221;row&#8221; use_row_as_full_screen_section=&#8221;no&#8221; type=&#8221;full_width&#8221; angled_section=&#8221;no&#8221; text_align=&#8221;left&#8221; background_image_as_pattern=&#8221;without_pattern&#8221; el_class=&#8221;box-title-top&#8221; z_index=&#8221;&#8221;][vc_column][vc_column_text] Ecografia 4D [\/vc_column_text][\/vc_column][\/vc_row][vc_row css_animation=&#8221;&#8221; row_type=&#8221;row&#8221; use_row_as_full_screen_section=&#8221;no&#8221; type=&#8221;grid&#8221; angled_section=&#8221;no&#8221; text_align=&#8221;left&#8221; background_image_as_pattern=&#8221;without_pattern&#8221; z_index=&#8221;&#8221;][vc_column][vc_column_text el_class=&#8221;content-style&#8221;]Es&#8230;<\/p>\n","protected":false},"author":4,"featured_media":0,"parent":16553,"menu_order":0,"comment_status":"open","ping_status":"open","template":"full_width.php","meta":{"_acf_changed":false,"footnotes":""},"class_list":["post-15835","page","type-page","status-publish","hentry"],"acf":[],"_links":{"self":[{"href":"https:\/\/www.fente-palatine.com\/ca\/wp-json\/wp\/v2\/pages\/15835","targetHints":{"allow":["GET"]}}],"collection":[{"href":"https:\/\/www.fente-palatine.com\/ca\/wp-json\/wp\/v2\/pages"}],"about":[{"href":"https:\/\/www.fente-palatine.com\/ca\/wp-json\/wp\/v2\/types\/page"}],"author":[{"embeddable":true,"href":"https:\/\/www.fente-palatine.com\/ca\/wp-json\/wp\/v2\/users\/4"}],"replies":[{"embeddable":true,"href":"https:\/\/www.fente-palatine.com\/ca\/wp-json\/wp\/v2\/comments?post=15835"}],"version-history":[{"count":0,"href":"https:\/\/www.fente-palatine.com\/ca\/wp-json\/wp\/v2\/pages\/15835\/revisions"}],"up":[{"embeddable":true,"href":"https:\/\/www.fente-palatine.com\/ca\/wp-json\/wp\/v2\/pages\/16553"}],"wp:attachment":[{"href":"https:\/\/www.fente-palatine.com\/ca\/wp-json\/wp\/v2\/media?parent=15835"}],"curies":[{"name":"wp","href":"https:\/\/api.w.org\/{rel}","templated":true}]}}