{"id":15838,"date":"2018-04-25T12:28:33","date_gmt":"2018-04-25T10:28:33","guid":{"rendered":"https:\/\/www.fente-palatine.com\/?page_id=15838"},"modified":"2019-03-19T18:00:31","modified_gmt":"2019-03-19T17:00:31","slug":"lorella","status":"publish","type":"page","link":"https:\/\/www.fente-palatine.com\/ca\/lorella\/","title":{"rendered":"L\u2019orella"},"content":{"rendered":"<p>[vc_row css_animation=&#8221;&#8221; row_type=&#8221;row&#8221; use_row_as_full_screen_section=&#8221;no&#8221; type=&#8221;grid&#8221; angled_section=&#8221;no&#8221; text_align=&#8221;left&#8221; background_image_as_pattern=&#8221;without_pattern&#8221; el_class=&#8221;box-title-top&#8221; z_index=&#8221;&#8221;][vc_column][vc_column_text]<\/p>\n<h1 style=\"text-align: center;\">L\u2019orella<\/h1>\n<p>[\/vc_column_text][\/vc_column][\/vc_row][vc_row css_animation=&#8221;&#8221; row_type=&#8221;row&#8221; use_row_as_full_screen_section=&#8221;no&#8221; type=&#8221;grid&#8221; angled_section=&#8221;no&#8221; text_align=&#8221;left&#8221; background_image_as_pattern=&#8221;without_pattern&#8221; background_color=&#8221;#ffffff&#8221; el_class=&#8221;content-page-oreille&#8221; z_index=&#8221;&#8221;][vc_column css=&#8221;.vc_custom_1522262613352{margin-bottom: 0px !important;}&#8221;][vc_column_text]<em>Els nens que neixen amb fissura palatina (vel del paladar o vel i paladar) han de tenir un seguiment otol\u00f2gic preco\u00e7 i regular.<\/em>[\/vc_column_text][vc_separator type=&#8221;normal&#8221; transparency=&#8221;0&#8243; up=&#8221;20&#8243; down=&#8221;20&#8243;][vc_column_text]<\/p>\n<h2>Perqu\u00e8 \u00e9s necessari aquest seguiment?<\/h2>\n<p>L\u2019orella est\u00e0 formada de varies parts:<\/p>\n<ul>\n<li>Orella externa que inclou pavell\u00f3 auditiu i conducte auditiu extern.<\/li>\n<li>Orella mitjana que inclou el timp\u00e0, caixa timp\u00e0nica (contingent la cadena ossicular) i la ap\u00f2fisis mastoide.<\/li>\n<li>Orella interna, \u00f2rgan auditiu (c\u00f2clea) i \u00f2rgan de l\u2019equilibri.<\/li>\n<li>L\u2019orella mitjana funciona con un amplificador i un sistema de transmissi\u00f3 del so.<br \/>\nL\u2019orella interna transforma el so (ona mec\u00e0nica) en una senyal el\u00e8ctrica, transmesa per el nervi auditiu fins les zones centrals de l\u2019audici\u00f3 (cervell).<\/li>\n<li>L\u2019orella mitjana \u00e9s un conjunt de cavitats plena d\u2019aire. Aquesta ventilaci\u00f3 es porta a terme amb la trompa d\u2019Eustaqui i \u00e9s essencial per equilibrar les dues parts del timp\u00e0, el que permet una bona transmissi\u00f3 dels sons de l\u2019orella externa a l\u2019orella interna.<\/li>\n<\/ul>\n<p>El sistema de ventilaci\u00f3 no \u00e9s un sistema inert sin\u00f3 un sistema din\u00e0mic.<\/p>\n<p>De fet, la mucosa de l\u2019orella mitjana proporciona un intercanvi permanent de gasos que normalment condueix a una disminuci\u00f3 constant de la pressi\u00f3 en les cavitats de l\u2019orella mitjana: aquesta \u201cconsumeix\u201d aire, i la funci\u00f3 principal de la trompa d\u2019Eustaqui \u00e9s restaurar l\u2019equilibri entre la pressi\u00f3 externa (atmosf\u00e8rica) y la pressi\u00f3 de l\u2019orella mitjana.<\/p>\n<p>La trompa d\u2019Eustaqui \u00e9s un conducte cartilagin\u00f3s que s\u2019est\u00e9n des de la part posterior de les fosses nasals (c\u00e0vum, zona de vegetacions) fins a la caixa timp\u00e0nica. Aquest conducte s\u2019obre gracies a la contracci\u00f3 dels m\u00fasculs: el tensor i elevador del vel del paladar. Aquests m\u00fasculs generalment es contrauen durant la degluci\u00f3 i el badall. La fissura palatina es forma molt aviat en la vida fetal (sisena setmana de l\u2019embar\u00e0s) i per tant causar\u00e0 anomalies en l\u2019estructura cartilaginosa, la forma i orientaci\u00f3 de la trompa d\u2019Eustaqui. La inserci\u00f3 i la funci\u00f3 dels m\u00fasculs del vel del paladar tamb\u00e9 es modifiquen.<br \/>\nDes de el naixement, aquest mal funcionament causar\u00e0 una manca de ventilaci\u00f3 de l\u2019orella mitjana i generar\u00e0 una pressi\u00f3 negativa \u201cdarrera\u201d del timp\u00e0 que causar\u00e0 l\u2019aspiraci\u00f3 de l\u00edquid: otitis mitjana serosa.<\/p>\n<p>Aquest vessament no \u00e9s una infecci\u00f3, sin\u00f3 una inflamaci\u00f3 que sovint \u00e9s indolora i no provoca febre.<\/p>\n<p>L\u2019otitis mitjana serosa t\u00e9 tres possibles conseq\u00fc\u00e8ncies :<br \/>\nUna atenuaci\u00f3 de la transmissi\u00f3 del so i, per tant una disminuci\u00f3 de l\u2019audici\u00f3, que pot afectar al aprenentatge, i en particular al llenguatge. Infeccions secund\u00e0ries, \u00e9s a dir, otitis mitjana serosa.<br \/>\n[\/vc_column_text][vc_separator type=&#8221;normal&#8221; transparency=&#8221;0&#8243; up=&#8221;20&#8243; down=&#8221;20&#8243;][vc_column_text]<\/p>\n<h2>Un debilitament del timp\u00e0<\/h2>\n<p>La segona conseq\u00fc\u00e8ncia d\u2019aquesta disminuci\u00f3 de la pressi\u00f3 \u00e9s una \u201caspiraci\u00f3\u201d del timp\u00e0 que es deformar\u00e0, retraur\u00e0 o perforar\u00e0 progressivament. Aquestes complicacions del timp\u00e0 de l\u2019otitis mitjana serosa i la pressi\u00f3 negativa generalment passa despr\u00e9s de varis mesos o anys d\u2019evoluci\u00f3.[\/vc_column_text][vc_separator type=&#8221;normal&#8221; transparency=&#8221;0&#8243; up=&#8221;20&#8243; down=&#8221;20&#8243;][vc_column_text]<\/p>\n<h2>Com es vigila?<\/h2>\n<p>Els timpans han de revisar-se regularment amb microscopi per un Otorrino.<\/p>\n<p>L\u2019avaluaci\u00f3 de l\u2019audici\u00f3 \u00e9s possible a qualsevol edat amb proves adaptades a l\u2019edat del nen.<br \/>\n[\/vc_column_text][vc_separator type=&#8221;normal&#8221; transparency=&#8221;0&#8243; up=&#8221;20&#8243; down=&#8221;20&#8243;][vc_column_text]<\/p>\n<h2>Quins s\u00f3n els tractaments per l\u2019otitis mitjana serosa?<\/h2>\n<p>El tractament pot ser m\u00e8dic o quir\u00fargic. Els nens que neixen amb fissura palatina gaireb\u00e9 sempre tenen inicialment una sortida de l\u00edquid esp\u00e8s i s\u00f3n resistents al tractament m\u00e8dic. Per tant, el tractament quir\u00fargic es proposa des de un principi i consisteix a col\u00b7locar \u201cdrenatges trans timp\u00e0nics\u201d tamb\u00e9 anomenats \u201cdi\u00e0bolos\u201d..<\/p>\n<p>Aquests drenatges es col\u00b7loquen durant l\u2019anest\u00e8sia general prevista per la cirurgia del paladar. Hi ha varis tipus de drenatges, es diferencien en, mida, material i duraci\u00f3 del manteniment.<\/p>\n<p>Nosaltres preferim inicialment col\u00b7locar drenatges de curta duraci\u00f3, aquests cauen sols al cap de 6 a 8 mesos.<\/p>\n<p>Si hi ha una recaiguda de l\u2019otitis, els drenatges es tornen a col\u00b7locar i l\u2019elecci\u00f3 del tipus de drenatge dep\u00e8n de l\u2019edat del nen, de l\u2019espessor del l\u00edquid, l\u2019estat del timp\u00e0 i de l\u2019elecci\u00f3 dels pares despr\u00e9s d\u2019haver estat informats.<\/p>\n<p>Els drenatges tenen un rol pal\u00b7liatiu i nom\u00e9s l\u2019evoluci\u00f3 de la trompa d\u2019Eustaqui permetr\u00e0 millorar de manera duradora i definitiva l\u2019aeraci\u00f3 de l\u2019orella mitjana. Cap examen pot encara predir quant durar\u00e0 la disfunci\u00f3 de la trompa d\u2019Eustaqui i nom\u00e9s l\u2019examen amb microscopi dels timpans permet vigilar i esperar una millora.<\/p>\n<p>L\u2019alteraci\u00f3 de l\u2019orella mitjana per els drenatges permet esperar aquest moment i evitar complicacions m\u00e9s greus: perforaci\u00f3 dels timpans, (deformitat i enfonsament) i colesteatoma, tumor epid\u00e8rmic (de pell) que es forma sovint a partir de la retracci\u00f3 del timp\u00e0 portant a una destrucci\u00f3 progressiva dels components de l\u2019orella: cadena ossicular, ossos que protegeixen el nervi facial, meninges temporals i vasos grans que passen a trav\u00e9s de la mastoide. Aquestes complicacions sovint requereixen una cirurgia que permet reconstruir la cadena ossicular, la caixa timp\u00e0nica i refor\u00e7ar el timp\u00e0.<\/p>\n<p>La freq\u00fc\u00e8ncia d\u2019aquestes complicacions s\u2019ha redu\u00eft significativament des de l\u2019\u00fas dels drenatges i per les cures que permeten actuar directament sobre els m\u00fasculs que obren la trompa d\u2019Eustaqui, reeducaci\u00f3 ortof\u00f2nica, cures termals, aerosols, auto insuflaci\u00f3&#8230;<br \/>\n[\/vc_column_text][\/vc_column][\/vc_row]<\/p>\n","protected":false},"excerpt":{"rendered":"<p>[vc_row css_animation=&#8221;&#8221; row_type=&#8221;row&#8221; use_row_as_full_screen_section=&#8221;no&#8221; type=&#8221;grid&#8221; angled_section=&#8221;no&#8221; text_align=&#8221;left&#8221; background_image_as_pattern=&#8221;without_pattern&#8221; el_class=&#8221;box-title-top&#8221; z_index=&#8221;&#8221;][vc_column][vc_column_text] L\u2019orella [\/vc_column_text][\/vc_column][\/vc_row][vc_row css_animation=&#8221;&#8221; row_type=&#8221;row&#8221; use_row_as_full_screen_section=&#8221;no&#8221; type=&#8221;grid&#8221; angled_section=&#8221;no&#8221; text_align=&#8221;left&#8221; background_image_as_pattern=&#8221;without_pattern&#8221; background_color=&#8221;#ffffff&#8221; el_class=&#8221;content-page-oreille&#8221; z_index=&#8221;&#8221;][vc_column&#8230;<\/p>\n","protected":false},"author":4,"featured_media":0,"parent":0,"menu_order":0,"comment_status":"open","ping_status":"open","template":"full_width.php","meta":{"_acf_changed":false,"footnotes":""},"class_list":["post-15838","page","type-page","status-publish","hentry"],"acf":[],"_links":{"self":[{"href":"https:\/\/www.fente-palatine.com\/ca\/wp-json\/wp\/v2\/pages\/15838","targetHints":{"allow":["GET"]}}],"collection":[{"href":"https:\/\/www.fente-palatine.com\/ca\/wp-json\/wp\/v2\/pages"}],"about":[{"href":"https:\/\/www.fente-palatine.com\/ca\/wp-json\/wp\/v2\/types\/page"}],"author":[{"embeddable":true,"href":"https:\/\/www.fente-palatine.com\/ca\/wp-json\/wp\/v2\/users\/4"}],"replies":[{"embeddable":true,"href":"https:\/\/www.fente-palatine.com\/ca\/wp-json\/wp\/v2\/comments?post=15838"}],"version-history":[{"count":0,"href":"https:\/\/www.fente-palatine.com\/ca\/wp-json\/wp\/v2\/pages\/15838\/revisions"}],"wp:attachment":[{"href":"https:\/\/www.fente-palatine.com\/ca\/wp-json\/wp\/v2\/media?parent=15838"}],"curies":[{"name":"wp","href":"https:\/\/api.w.org\/{rel}","templated":true}]}}