{"id":16553,"date":"2018-05-16T16:17:49","date_gmt":"2018-05-16T14:17:49","guid":{"rendered":"https:\/\/www.fente-palatine.com\/?page_id=16553"},"modified":"2019-03-19T17:58:41","modified_gmt":"2019-03-19T16:58:41","slug":"ecografia","status":"publish","type":"page","link":"https:\/\/www.fente-palatine.com\/ca\/ecografia\/","title":{"rendered":"Ecografia"},"content":{"rendered":"<p>[vc_row css_animation=&#8221;&#8221; row_type=&#8221;row&#8221; use_row_as_full_screen_section=&#8221;no&#8221; type=&#8221;full_width&#8221; angled_section=&#8221;no&#8221; text_align=&#8221;left&#8221; background_image_as_pattern=&#8221;without_pattern&#8221; el_class=&#8221;box-title-top&#8221; z_index=&#8221;&#8221;][vc_column][vc_column_text]<\/p>\n<h1 style=\"text-align: center;\">Ecografia<\/h1>\n<p>[\/vc_column_text][\/vc_column][\/vc_row][vc_row css_animation=&#8221;&#8221; row_type=&#8221;row&#8221; use_row_as_full_screen_section=&#8221;no&#8221; type=&#8221;grid&#8221; angled_section=&#8221;no&#8221; text_align=&#8221;left&#8221; background_image_as_pattern=&#8221;without_pattern&#8221; z_index=&#8221;&#8221;][vc_column][vc_column_text el_class=&#8221;content-style content-list&#8221;]<br \/>\nDurant l\u2019embar\u00e0s, es realitzen un m\u00ednim de tres ecografies. Aquestes ens permeten definir l\u2019edat del fetus i la possible data de naixement. Aquestes tamb\u00e9 permeten al radi\u00f2leg estudiar el fetus, la seva morfologia i tamb\u00e9 diagnosticar anomalies o malformacions eventuals, com el llavi lepor\u00ed.<\/p>\n<p>Al llarg d\u2019aquestes ecografies, el radi\u00f2leg pren mida de les diferents parts del cos del fetus. Aquest protocol, com\u00fa per tots els radi\u00f2legs no s\u00f3n infal\u00b7libles. De fet, depenent de la posici\u00f3 del fetus durant l\u2019ecografia, certes anomalies poden no ser visibles. Aquest \u00e9s el cas a nivell facial, on el fetus pot amagar la cara amb les seves mans, fent impossible la detecci\u00f3 del llavi lepor\u00ed.<\/p>\n<p>L\u2019ecografia permet veure un llavi lepor\u00ed i mesurar-la. En cas de detecci\u00f3 d\u2019un llavi lepor\u00ed, l\u2019operaci\u00f3 pot programar-se per quan neixi. \u00c9s important subratllar el fet de que la mesura del llavi lepor\u00ed en les ecografies no \u00e9s predictiu del resultat post operatori.<\/p>\n<p>El diagn\u00f2stic de la fissura palatina \u00e9s m\u00e9s dif\u00edcil. Poden haver signes indirectes, com la posici\u00f3 de la llengua. Sovint evoca una fissura palatina, per\u00f2 poden haver errors de diagn\u00f2stic.<\/p>\n<p><strong>Les diferents ecografies:<\/strong><\/p>\n<ol>\n<li><a href=\"https:\/\/www.fente-palatine.com\/ca\/ecografia\/ecografia-2d\/\">Ecografia 2D<\/a><\/li>\n<li><a href=\"https:\/\/www.fente-palatine.com\/ca\/ecografia\/ecografia-3d\/\">Ecografia 3D<\/a><\/li>\n<li><a href=\"https:\/\/www.fente-palatine.com\/ca\/ecografia\/ecografia-4d\/\">Ecografia 4D<\/a><\/li>\n<\/ol>\n<p>[\/vc_column_text][\/vc_column][\/vc_row][vc_row css_animation=&#8221;&#8221; row_type=&#8221;row&#8221; use_row_as_full_screen_section=&#8221;no&#8221; type=&#8221;full_width&#8221; angled_section=&#8221;no&#8221; text_align=&#8221;left&#8221; background_image_as_pattern=&#8221;without_pattern&#8221; el_class=&#8221;slider-echographie&#8221; z_index=&#8221;&#8221;][vc_column]\n\t\t\t<!-- START Slider Eco  CA REVOLUTION SLIDER 6.2.1 --><p class=\"rs-p-wp-fix\"><\/p>\n\t\t\t<rs-module-wrap id=\"rev_slider_24_1_wrapper\" data-source=\"gallery\" style=\"background:transparent;padding:0;margin:0px auto;margin-top:0;margin-bottom:0;max-width:\">\n\t\t\t\t<rs-module id=\"rev_slider_24_1\" style=\"display:none;\" data-version=\"6.2.1\">\n\t\t\t\t\t<rs-slides>\n\t\t\t\t\t\t<rs-slide data-key=\"rs-55\" data-title=\"Slide\" data-thumb=\"\/\/www.fente-palatine.com\/wp-content\/uploads\/2018\/03\/bg-100x50.jpg\" data-anim=\"ei:d;eo:d;s:480;r:0;t:slidehorizontal;sl:d;\">\n\t\t\t\t\t\t\t<img decoding=\"async\" src=\"\/\/www.fente-palatine.com\/wp-content\/uploads\/2018\/03\/bg.jpg\" title=\"Ecografia\" class=\"rev-slidebg\" data-no-retina>\n<!--\n\t\t\t\t\t\t\t--><rs-layer\n\t\t\t\t\t\t\t\tid=\"slider-24-slide-55-layer-1\" \n\t\t\t\t\t\t\t\tdata-type=\"text\"\n\t\t\t\t\t\t\t\tdata-color=\"#3f3f3f\"\n\t\t\t\t\t\t\t\tdata-rsp_ch=\"on\"\n\t\t\t\t\t\t\t\tdata-xy=\"xo:40px,40px,40px,36px;yo:112px,112px,112px,36px;\"\n\t\t\t\t\t\t\t\tdata-text=\"s:29;l:22;ls:3px;fw:700;a:inherit;\"\n\t\t\t\t\t\t\t\tdata-frame_0=\"x:-50px;tp:600;\"\n\t\t\t\t\t\t\t\tdata-frame_1=\"tp:600;e:power0.inOut;sp:950;sR:10;\"\n\t\t\t\t\t\t\t\tdata-frame_999=\"o:0;tp:600;st:w;sR:8040;\"\n\t\t\t\t\t\t\t\tstyle=\"z-index:5;font-family:playfair;\"\n\t\t\t\t\t\t\t>Ecografia 2D :   \n\t\t\t\t\t\t\t<\/rs-layer><!--\n\n\t\t\t\t\t\t\t--><rs-layer\n\t\t\t\t\t\t\t\tid=\"slider-24-slide-55-layer-2\" \n\t\t\t\t\t\t\t\tdata-type=\"text\"\n\t\t\t\t\t\t\t\tdata-color=\"#5c5d5e\"\n\t\t\t\t\t\t\t\tdata-rsp_ch=\"on\"\n\t\t\t\t\t\t\t\tdata-xy=\"xo:212px,212px,209px,210px;yo:147px,147px,147px,74px;\"\n\t\t\t\t\t\t\t\tdata-text=\"s:18;l:22;fw:300;a:inherit;\"\n\t\t\t\t\t\t\t\tdata-frame_0=\"x:50px;tp:600;\"\n\t\t\t\t\t\t\t\tdata-frame_1=\"tp:600;st:0;sp:950;\"\n\t\t\t\t\t\t\t\tdata-frame_999=\"o:0;tp:600;st:w;sp:0;sR:8050;\"\n\t\t\t\t\t\t\t\tstyle=\"z-index:6;font-family:Lato;\"\n\t\t\t\t\t\t\t>Ecografia normal  \n\t\t\t\t\t\t\t<\/rs-layer><!--\n\n\t\t\t\t\t\t\t--><rs-layer\n\t\t\t\t\t\t\t\tid=\"slider-24-slide-55-layer-3\" \n\t\t\t\t\t\t\t\tdata-type=\"text\"\n\t\t\t\t\t\t\t\tdata-color=\"#9d5796\"\n\t\t\t\t\t\t\t\tdata-rsp_ch=\"on\"\n\t\t\t\t\t\t\t\tdata-xy=\"x:l,l,c,c;xo:505px,505px,-94px,-70px;yo:227px,227px,468px,333px;\"\n\t\t\t\t\t\t\t\tdata-text=\"s:15,15,23,23;l:22;fw:700;a:inherit;\"\n\t\t\t\t\t\t\t\tdata-frame_0=\"x:right;o:1;tp:600;\"\n\t\t\t\t\t\t\t\tdata-frame_1=\"tp:600;e:power3.out;st:0;sp:800;\"\n\t\t\t\t\t\t\t\tdata-frame_999=\"o:0;tp:600;st:w;sR:8200;\"\n\t\t\t\t\t\t\t\tstyle=\"z-index:7;font-family:Lato;\"\n\t\t\t\t\t\t\t>Ecografia en dues dimensions<br>\nLlavi i nas   \n\t\t\t\t\t\t\t<\/rs-layer><!--\n\n\t\t\t\t\t\t\t--><rs-layer\n\t\t\t\t\t\t\t\tid=\"slider-24-slide-55-layer-4\" \n\t\t\t\t\t\t\t\tdata-type=\"image\"\n\t\t\t\t\t\t\t\tdata-rsp_ch=\"on\"\n\t\t\t\t\t\t\t\tdata-xy=\"x:l,l,c,c;xo:493px,493px,0,0;yo:38px,38px,204px,107px;\"\n\t\t\t\t\t\t\t\tdata-text=\"l:22;a:inherit;\"\n\t\t\t\t\t\t\t\tdata-dim=\"w:283px,283px,403px,352px;h:172px,172px,245px,214px;\"\n\t\t\t\t\t\t\t\tdata-frame_0=\"x:right;o:1;tp:600;\"\n\t\t\t\t\t\t\t\tdata-frame_1=\"tp:600;e:power3.out;st:0;sp:800;\"\n\t\t\t\t\t\t\t\tdata-frame_999=\"o:0;tp:600;st:w;sR:8200;\"\n\t\t\t\t\t\t\t\tstyle=\"z-index:8;\"\n\t\t\t\t\t\t\t><img decoding=\"async\" src=\"\/\/www.fente-palatine.com\/wp-content\/uploads\/2018\/05\/fentes-palatines-echo-2d-slide2-01.png\" alt=\"Echographie normale des fentes labiopalatines| Fentes Labio Palatines\" width=\"322\" height=\"196\" data-no-retina> \n\t\t\t\t\t\t\t<\/rs-layer><!--\n\n\t\t\t\t\t\t\t--><rs-layer\n\t\t\t\t\t\t\t\tid=\"slider-24-slide-55-layer-8\" \n\t\t\t\t\t\t\t\tclass=\"tp-shape tp-shapewrapper\"\n\t\t\t\t\t\t\t\tdata-type=\"shape\"\n\t\t\t\t\t\t\t\tdata-rsp_ch=\"on\"\n\t\t\t\t\t\t\t\tdata-xy=\"x:l,l,c,c;xo:493px,493px,-200px,-175px;yo:219px,219px,460px,328px;\"\n\t\t\t\t\t\t\t\tdata-text=\"fw:700;a:inherit;\"\n\t\t\t\t\t\t\t\tdata-dim=\"w:2px;h:60px;\"\n\t\t\t\t\t\t\t\tdata-frame_0=\"x:right;o:1;tp:600;\"\n\t\t\t\t\t\t\t\tdata-frame_1=\"tp:600;e:power3.out;st:0;sp:800;\"\n\t\t\t\t\t\t\t\tdata-frame_999=\"o:0;tp:600;st:w;sR:8200;\"\n\t\t\t\t\t\t\t\tstyle=\"z-index:11;background-color:#9d5796;\"\n\t\t\t\t\t\t\t> \n\t\t\t\t\t\t\t<\/rs-layer><!--\n-->\t\t\t\t\t\t<\/rs-slide>\n\t\t\t\t\t\t<rs-slide data-key=\"rs-56\" data-title=\"Slide\" data-thumb=\"\/\/www.fente-palatine.com\/wp-content\/uploads\/2018\/03\/bg-100x50.jpg\" data-anim=\"ei:d;eo:d;s:480;r:0;t:slidehorizontal;sl:d;\">\n\t\t\t\t\t\t\t<img decoding=\"async\" src=\"\/\/www.fente-palatine.com\/wp-content\/uploads\/2018\/03\/bg.jpg\" title=\"Ecografia\" class=\"rev-slidebg\" data-no-retina>\n<!--\n\t\t\t\t\t\t\t--><rs-layer\n\t\t\t\t\t\t\t\tid=\"slider-24-slide-56-layer-1\" \n\t\t\t\t\t\t\t\tdata-type=\"text\"\n\t\t\t\t\t\t\t\tdata-color=\"#3f3f3f\"\n\t\t\t\t\t\t\t\tdata-rsp_ch=\"on\"\n\t\t\t\t\t\t\t\tdata-xy=\"xo:40px,40px,40px,36px;yo:112px,112px,112px,36px;\"\n\t\t\t\t\t\t\t\tdata-text=\"s:29;l:22;ls:3px;fw:700;a:inherit;\"\n\t\t\t\t\t\t\t\tdata-frame_0=\"x:-50px;tp:600;\"\n\t\t\t\t\t\t\t\tdata-frame_1=\"tp:600;e:power0.inOut;sp:950;sR:10;\"\n\t\t\t\t\t\t\t\tdata-frame_999=\"o:0;tp:600;st:w;sR:8040;\"\n\t\t\t\t\t\t\t\tstyle=\"z-index:5;font-family:playfair;\"\n\t\t\t\t\t\t\t>Ecografia 3D : \n\t\t\t\t\t\t\t<\/rs-layer><!--\n\n\t\t\t\t\t\t\t--><rs-layer\n\t\t\t\t\t\t\t\tid=\"slider-24-slide-56-layer-2\" \n\t\t\t\t\t\t\t\tdata-type=\"text\"\n\t\t\t\t\t\t\t\tdata-color=\"#5c5d5e\"\n\t\t\t\t\t\t\t\tdata-rsp_ch=\"on\"\n\t\t\t\t\t\t\t\tdata-xy=\"xo:212px,212px,212px,213px;yo:147px,147px,147px,75px;\"\n\t\t\t\t\t\t\t\tdata-text=\"s:18;l:22;fw:300;a:inherit;\"\n\t\t\t\t\t\t\t\tdata-frame_0=\"x:50px;tp:600;\"\n\t\t\t\t\t\t\t\tdata-frame_1=\"tp:600;st:0;sp:950;\"\n\t\t\t\t\t\t\t\tdata-frame_999=\"o:0;tp:600;st:w;sp:0;sR:8050;\"\n\t\t\t\t\t\t\t\tstyle=\"z-index:6;font-family:Lato;\"\n\t\t\t\t\t\t\t>Ecografia normal   \n\t\t\t\t\t\t\t<\/rs-layer><!--\n\n\t\t\t\t\t\t\t--><rs-layer\n\t\t\t\t\t\t\t\tid=\"slider-24-slide-56-layer-3\" \n\t\t\t\t\t\t\t\tdata-type=\"text\"\n\t\t\t\t\t\t\t\tdata-color=\"#9d5796\"\n\t\t\t\t\t\t\t\tdata-rsp_ch=\"on\"\n\t\t\t\t\t\t\t\tdata-xy=\"x:l,l,c,c;xo:505px,505px,-94px,-70px;yo:227px,227px,468px,333px;\"\n\t\t\t\t\t\t\t\tdata-text=\"s:15,15,23,23;l:22;fw:700;a:inherit;\"\n\t\t\t\t\t\t\t\tdata-frame_0=\"x:right;o:1;tp:600;\"\n\t\t\t\t\t\t\t\tdata-frame_1=\"tp:600;e:power3.out;st:0;sp:800;\"\n\t\t\t\t\t\t\t\tdata-frame_999=\"o:0;tp:600;st:w;sR:8200;\"\n\t\t\t\t\t\t\t\tstyle=\"z-index:7;font-family:Lato;\"\n\t\t\t\t\t\t\t>Ecografia en tres dimensions<br>\nFront   \n\t\t\t\t\t\t\t<\/rs-layer><!--\n\n\t\t\t\t\t\t\t--><rs-layer\n\t\t\t\t\t\t\t\tid=\"slider-24-slide-56-layer-4\" \n\t\t\t\t\t\t\t\tdata-type=\"image\"\n\t\t\t\t\t\t\t\tdata-rsp_ch=\"on\"\n\t\t\t\t\t\t\t\tdata-xy=\"x:l,l,c,c;xo:493px,493px,0,0;yo:38px,38px,204px,107px;\"\n\t\t\t\t\t\t\t\tdata-text=\"l:22;a:inherit;\"\n\t\t\t\t\t\t\t\tdata-dim=\"w:283px,283px,403px,352px;h:172px,172px,245px,214px;\"\n\t\t\t\t\t\t\t\tdata-frame_0=\"x:right;o:1;tp:600;\"\n\t\t\t\t\t\t\t\tdata-frame_1=\"tp:600;e:power3.out;st:0;sp:800;\"\n\t\t\t\t\t\t\t\tdata-frame_999=\"o:0;tp:600;st:w;sR:8200;\"\n\t\t\t\t\t\t\t\tstyle=\"z-index:8;\"\n\t\t\t\t\t\t\t><img decoding=\"async\" src=\"\/\/www.fente-palatine.com\/wp-content\/uploads\/2018\/05\/fente-palatine-3D-2nd-slide.png\" alt=\"Echographie 3D et diagnostic d'une Fente Palatine | Fentes Labio Palatines\" width=\"322\" height=\"136\" data-no-retina> \n\t\t\t\t\t\t\t<\/rs-layer><!--\n\n\t\t\t\t\t\t\t--><rs-layer\n\t\t\t\t\t\t\t\tid=\"slider-24-slide-56-layer-8\" \n\t\t\t\t\t\t\t\tclass=\"tp-shape tp-shapewrapper\"\n\t\t\t\t\t\t\t\tdata-type=\"shape\"\n\t\t\t\t\t\t\t\tdata-rsp_ch=\"on\"\n\t\t\t\t\t\t\t\tdata-xy=\"x:l,l,c,c;xo:493px,493px,-200px,-175px;yo:219px,219px,460px,328px;\"\n\t\t\t\t\t\t\t\tdata-text=\"fw:700;a:inherit;\"\n\t\t\t\t\t\t\t\tdata-dim=\"w:2px;h:60px;\"\n\t\t\t\t\t\t\t\tdata-frame_0=\"x:right;o:1;tp:600;\"\n\t\t\t\t\t\t\t\tdata-frame_1=\"tp:600;e:power3.out;st:0;sp:800;\"\n\t\t\t\t\t\t\t\tdata-frame_999=\"o:0;tp:600;st:w;sR:8200;\"\n\t\t\t\t\t\t\t\tstyle=\"z-index:11;background-color:#9d5796;\"\n\t\t\t\t\t\t\t> \n\t\t\t\t\t\t\t<\/rs-layer><!--\n-->\t\t\t\t\t\t<\/rs-slide>\n\t\t\t\t\t<\/rs-slides>\n\t\t\t\t\t<rs-progress class=\"rs-bottom\" style=\"visibility: hidden !important;\"><\/rs-progress>\n\t\t\t\t<\/rs-module>\n\t\t\t\t<script type=\"text\/javascript\">\n\t\t\t\t\tsetREVStartSize({c: 'rev_slider_24_1',rl:[1240,1240,778,480],el:[],gw:[1240,1240,778,480],gh:[420,420,960,720],type:'standard',justify:'',layout:'fullwidth',mh:\"0\"});\n\t\t\t\t\tvar\trevapi24,\n\t\t\t\t\t\ttpj;\n\t\t\t\t\tjQuery(function() {\n\t\t\t\t\t\ttpj = jQuery;\n\t\t\t\t\t\tif(tpj(\"#rev_slider_24_1\").revolution == undefined){\n\t\t\t\t\t\t\trevslider_showDoubleJqueryError(\"#rev_slider_24_1\");\n\t\t\t\t\t\t}else{\n\t\t\t\t\t\t\trevapi24 = tpj(\"#rev_slider_24_1\").show().revolution({\n\t\t\t\t\t\t\t\tjsFileLocation:\"\/\/www.fente-palatine.com\/wp-content\/plugins\/revslider\/public\/assets\/js\/\",\n\t\t\t\t\t\t\t\tvisibilityLevels:\"1240,1240,778,480\",\n\t\t\t\t\t\t\t\tgridwidth:\"1240,1240,778,480\",\n\t\t\t\t\t\t\t\tgridheight:\"420,420,960,720\",\n\t\t\t\t\t\t\t\tspinner:\"spinner0\",\n\t\t\t\t\t\t\t\tresponsiveLevels:\"1240,1240,778,480\",\n\t\t\t\t\t\t\t\tdisableProgressBar:\"on\",\n\t\t\t\t\t\t\t\tnavigation: {\n\t\t\t\t\t\t\t\t\tmouseScrollNavigation:false,\n\t\t\t\t\t\t\t\t\tonHoverStop:false,\n\t\t\t\t\t\t\t\t\ttouch: {\n\t\t\t\t\t\t\t\t\t\ttouchenabled:true\n\t\t\t\t\t\t\t\t\t},\n\t\t\t\t\t\t\t\t\tarrows: {\n\t\t\t\t\t\t\t\t\t\tenable:true,\n\t\t\t\t\t\t\t\t\t\tstyle:\"custom\",\n\t\t\t\t\t\t\t\t\t\tleft: {\n\n\t\t\t\t\t\t\t\t\t\t},\n\t\t\t\t\t\t\t\t\t\tright: {\n\n\t\t\t\t\t\t\t\t\t\t}\n\t\t\t\t\t\t\t\t\t},\n\t\t\t\t\t\t\t\t\tbullets: {\n\t\t\t\t\t\t\t\t\t\tenable:true,\n\t\t\t\t\t\t\t\t\t\ttmp:\"\",\n\t\t\t\t\t\t\t\t\t\tstyle:\"hermes\"\n\t\t\t\t\t\t\t\t\t}\n\t\t\t\t\t\t\t\t},\n\t\t\t\t\t\t\t\tfallbacks: {\n\t\t\t\t\t\t\t\t\tallowHTML5AutoPlayOnAndroid:true\n\t\t\t\t\t\t\t\t},\n\t\t\t\t\t\t\t});\n\t\t\t\t\t\t}\n\t\t\t\t\t\t\n\t\t\t\t\t});\n\t\t\t\t<\/script>\n\t\t\t\t<script>\n\t\t\t\t\tvar htmlDivCss = unescape(\"%23rev_slider_24_1_wrapper%20.custom.tparrows%20%7B%0A%09cursor%3Apointer%3B%0A%09background%3A%23000%3B%0A%09background%3Argba%280%2C0%2C0%2C0.5%29%3B%0A%09width%3A40px%3B%0A%09height%3A40px%3B%0A%09position%3Aabsolute%3B%0A%09display%3Ablock%3B%0A%09z-index%3A1000%3B%0A%7D%0A%23rev_slider_24_1_wrapper%20.custom.tparrows%3Ahover%20%7B%0A%09background%3A%23000%3B%0A%7D%0A%23rev_slider_24_1_wrapper%20.custom.tparrows%3Abefore%20%7B%0A%09font-family%3A%20%27revicons%27%3B%0A%09font-size%3A15px%3B%0A%09color%3A%23fff%3B%0A%09display%3Ablock%3B%0A%09line-height%3A%2040px%3B%0A%09text-align%3A%20center%3B%0A%7D%0A%23rev_slider_24_1_wrapper%20.custom.tparrows.tp-leftarrow%3Abefore%20%7B%0A%09content%3A%20%27%5Ce824%27%3B%0A%7D%0A%23rev_slider_24_1_wrapper%20.custom.tparrows.tp-rightarrow%3Abefore%20%7B%0A%09content%3A%20%27%5Ce825%27%3B%0A%7D%0A%0A%0A%23rev_slider_24_1_wrapper%20.hermes.tp-bullets%20%7B%0A%7D%0A%0A%23rev_slider_24_1_wrapper%20.hermes%20.tp-bullet%20%7B%0A%20%20%20%20overflow%3Ahidden%3B%0A%20%20%20%20border-radius%3A50%25%3B%0A%20%20%20%20width%3A16px%3B%0A%20%20%20%20height%3A16px%3B%0A%20%20%20%20background-color%3A%20rgba%280%2C%200%2C%200%2C%200%29%3B%0A%20%20%20%20box-shadow%3A%20inset%200%200%200%202px%20%23ffffff%3B%0A%20%20%20%20-webkit-transition%3A%20background%200.3s%20ease%3B%0A%20%20%20%20transition%3A%20background%200.3s%20ease%3B%0A%20%20%20%20position%3Aabsolute%3B%0A%7D%0A%0A%23rev_slider_24_1_wrapper%20.hermes%20.tp-bullet%3Ahover%20%7B%0A%09%20%20background-color%3A%20rgba%280%2C0%2C0%2C0.21%29%3B%0A%7D%0A%23rev_slider_24_1_wrapper%20.hermes%20.tp-bullet%3Aafter%20%7B%0A%20%20content%3A%20%27%20%27%3B%0A%20%20position%3A%20absolute%3B%0A%20%20bottom%3A%200%3B%0A%20%20height%3A%200%3B%0A%20%20left%3A%200%3B%0A%20%20width%3A%20100%25%3B%0A%20%20background-color%3A%20%23ffffff%3B%0A%20%20box-shadow%3A%200%200%201px%20%23ffffff%3B%0A%20%20-webkit-transition%3A%20height%200.3s%20ease%3B%0A%20%20transition%3A%20height%200.3s%20ease%3B%0A%7D%0A%23rev_slider_24_1_wrapper%20.hermes%20.tp-bullet.selected%3Aafter%20%7B%0A%20%20height%3A100%25%3B%0A%7D%0A%0A\");\n\t\t\t\t\tvar htmlDiv = document.getElementById('rs-plugin-settings-inline-css');\n\t\t\t\t\tif(htmlDiv) {\n\t\t\t\t\t\thtmlDiv.innerHTML = htmlDiv.innerHTML + htmlDivCss;\n\t\t\t\t\t}else{\n\t\t\t\t\t\tvar htmlDiv = document.createElement('div');\n\t\t\t\t\t\thtmlDiv.innerHTML = '<style>' + htmlDivCss + '<\/style>';\n\t\t\t\t\t\tdocument.getElementsByTagName('head')[0].appendChild(htmlDiv.childNodes[0]);\n\t\t\t\t\t}\n\t\t\t\t<\/script>\n\t\t\t\t<script>\n\t\t\t\t\tvar htmlDivCss = unescape(\"%0A%23rev_slider_24_1%5Bdata-slideactive%3D%22rs-55%22%5D%20.hermes%20.tp-bullet%7B%0Awidth%3A%2012px%20%21important%3B%0Aheight%3A%2012px%20%21important%3B%0A%7D%0A%0A%0A%23rev_slider_24_1%5Bdata-slideactive%3D%22rs-56%22%5D%20.hermes%20.tp-bullet%7B%0Awidth%3A%2012px%20%21important%3B%0Aheight%3A%2012px%20%21important%3B%0A%7D%0A%0A\");\n\t\t\t\t\tvar htmlDiv = document.getElementById('rs-plugin-settings-inline-css');\n\t\t\t\t\tif(htmlDiv) {\n\t\t\t\t\t\thtmlDiv.innerHTML = htmlDiv.innerHTML + htmlDivCss;\n\t\t\t\t\t}else{\n\t\t\t\t\t\tvar htmlDiv = document.createElement('div');\n\t\t\t\t\t\thtmlDiv.innerHTML = '<style>' + htmlDivCss + '<\/style>';\n\t\t\t\t\t\tdocument.getElementsByTagName('head')[0].appendChild(htmlDiv.childNodes[0]);\n\t\t\t\t\t}\n\t\t\t\t<\/script>\n\t\t\t<\/rs-module-wrap>\n\t\t\t<!-- END REVOLUTION SLIDER -->\n[\/vc_column][\/vc_row]<\/p>\n","protected":false},"excerpt":{"rendered":"<p>[vc_row css_animation=&#8221;&#8221; row_type=&#8221;row&#8221; use_row_as_full_screen_section=&#8221;no&#8221; type=&#8221;full_width&#8221; angled_section=&#8221;no&#8221; text_align=&#8221;left&#8221; background_image_as_pattern=&#8221;without_pattern&#8221; el_class=&#8221;box-title-top&#8221; z_index=&#8221;&#8221;][vc_column][vc_column_text] Ecografia [\/vc_column_text][\/vc_column][\/vc_row][vc_row css_animation=&#8221;&#8221; row_type=&#8221;row&#8221; use_row_as_full_screen_section=&#8221;no&#8221; type=&#8221;grid&#8221; angled_section=&#8221;no&#8221; text_align=&#8221;left&#8221; background_image_as_pattern=&#8221;without_pattern&#8221; z_index=&#8221;&#8221;][vc_column][vc_column_text el_class=&#8221;content-style content-list&#8221;]&#8230;<\/p>\n","protected":false},"author":4,"featured_media":0,"parent":0,"menu_order":0,"comment_status":"open","ping_status":"open","template":"full_width.php","meta":{"_acf_changed":false,"footnotes":""},"class_list":["post-16553","page","type-page","status-publish","hentry"],"acf":[],"_links":{"self":[{"href":"https:\/\/www.fente-palatine.com\/ca\/wp-json\/wp\/v2\/pages\/16553","targetHints":{"allow":["GET"]}}],"collection":[{"href":"https:\/\/www.fente-palatine.com\/ca\/wp-json\/wp\/v2\/pages"}],"about":[{"href":"https:\/\/www.fente-palatine.com\/ca\/wp-json\/wp\/v2\/types\/page"}],"author":[{"embeddable":true,"href":"https:\/\/www.fente-palatine.com\/ca\/wp-json\/wp\/v2\/users\/4"}],"replies":[{"embeddable":true,"href":"https:\/\/www.fente-palatine.com\/ca\/wp-json\/wp\/v2\/comments?post=16553"}],"version-history":[{"count":0,"href":"https:\/\/www.fente-palatine.com\/ca\/wp-json\/wp\/v2\/pages\/16553\/revisions"}],"wp:attachment":[{"href":"https:\/\/www.fente-palatine.com\/ca\/wp-json\/wp\/v2\/media?parent=16553"}],"curies":[{"name":"wp","href":"https:\/\/api.w.org\/{rel}","templated":true}]}}