{"id":15681,"date":"2018-04-18T18:09:32","date_gmt":"2018-04-18T16:09:32","guid":{"rendered":"https:\/\/www.fente-palatine.com\/?page_id=15681"},"modified":"2019-03-19T17:09:39","modified_gmt":"2019-03-19T16:09:39","slug":"misiones-humanitarias","status":"publish","type":"page","link":"https:\/\/www.fente-palatine.com\/es\/misiones-humanitarias\/","title":{"rendered":"Misiones humanitarias"},"content":{"rendered":"<p>[vc_row css_animation=\u00bb\u00bb row_type=\u00bbrow\u00bb use_row_as_full_screen_section=\u00bbno\u00bb type=\u00bbfull_width\u00bb angled_section=\u00bbno\u00bb text_align=\u00bbleft\u00bb background_image_as_pattern=\u00bbwithout_pattern\u00bb el_class=\u00bbbox-title-top\u00bb z_index=\u00bb\u00bb][vc_column][vc_column_text]<\/p>\n<h1 style=\"text-align: center;\">Misiones humanitarias<\/h1>\n<p>[\/vc_column_text][\/vc_column][\/vc_row][vc_row css_animation=\u00bb\u00bb row_type=\u00bbrow\u00bb use_row_as_full_screen_section=\u00bbno\u00bb type=\u00bbgrid\u00bb angled_section=\u00bbno\u00bb text_align=\u00bbleft\u00bb background_image_as_pattern=\u00bbwithout_pattern\u00bb z_index=\u00bb\u00bb][vc_column][vc_column_text el_class=\u00bbcontent-style\u00bb]Durante muchos a\u00f1os los equipos quir\u00fargicos de la cl\u00ednica M\u00e9dip\u00f4le Garonne, y anteriormente la Cl\u00ednica Cours Dillon, participan en misiones humanitarias en los pa\u00edses en desarrollo. Estas acciones incluyen la cirug\u00eda de pie zambo, la cirug\u00eda del o\u00eddo y la reparaci\u00f3n del labio leporino y paladar hendido, estas tienen lugar en \u00c1frica (Mal\u00ed, Senegal, Ben\u00edn) y Asia (Camboya, Vietnam, Filipinas).<br \/>\nUn equipo del Centro de Competencia del labio leporino y paladar hendido opera cada a\u00f1o m\u00e1s de 40 ni\u00f1os en Filipinas. Esta misi\u00f3n de voluntarios esta organizada en colaboraci\u00f3n con el Comit\u00e9 de Apoyo a la Infancia de Filipinas y la asociaci\u00f3n de Infancia y Cirug\u00eda Humanitaria.<br \/>\nPueden seguir el desarrollo de la misi\u00f3n con el pase de diapositivas a continuaci\u00f3n. Desde su llegada al hospital, con las consultas en el inicio de la misi\u00f3n, las operaciones en el quir\u00f3fano, y por \u00faltimo la visita postoperatoria en las habitaciones.<br \/>\n[\/vc_column_text][\/vc_column][\/vc_row]<\/p>\n","protected":false},"excerpt":{"rendered":"<p>[vc_row css_animation=\u00bb\u00bb row_type=\u00bbrow\u00bb use_row_as_full_screen_section=\u00bbno\u00bb type=\u00bbfull_width\u00bb angled_section=\u00bbno\u00bb text_align=\u00bbleft\u00bb background_image_as_pattern=\u00bbwithout_pattern\u00bb el_class=\u00bbbox-title-top\u00bb z_index=\u00bb\u00bb][vc_column][vc_column_text] Misiones humanitarias [\/vc_column_text][\/vc_column][\/vc_row][vc_row css_animation=\u00bb\u00bb row_type=\u00bbrow\u00bb use_row_as_full_screen_section=\u00bbno\u00bb type=\u00bbgrid\u00bb angled_section=\u00bbno\u00bb text_align=\u00bbleft\u00bb background_image_as_pattern=\u00bbwithout_pattern\u00bb z_index=\u00bb\u00bb][vc_column][vc_column_text el_class=\u00bbcontent-style\u00bb]Durante&#8230;<\/p>\n","protected":false},"author":4,"featured_media":0,"parent":0,"menu_order":0,"comment_status":"open","ping_status":"open","template":"full_width.php","meta":{"_acf_changed":false,"footnotes":""},"class_list":["post-15681","page","type-page","status-publish","hentry"],"acf":[],"_links":{"self":[{"href":"https:\/\/www.fente-palatine.com\/es\/wp-json\/wp\/v2\/pages\/15681","targetHints":{"allow":["GET"]}}],"collection":[{"href":"https:\/\/www.fente-palatine.com\/es\/wp-json\/wp\/v2\/pages"}],"about":[{"href":"https:\/\/www.fente-palatine.com\/es\/wp-json\/wp\/v2\/types\/page"}],"author":[{"embeddable":true,"href":"https:\/\/www.fente-palatine.com\/es\/wp-json\/wp\/v2\/users\/4"}],"replies":[{"embeddable":true,"href":"https:\/\/www.fente-palatine.com\/es\/wp-json\/wp\/v2\/comments?post=15681"}],"version-history":[{"count":0,"href":"https:\/\/www.fente-palatine.com\/es\/wp-json\/wp\/v2\/pages\/15681\/revisions"}],"wp:attachment":[{"href":"https:\/\/www.fente-palatine.com\/es\/wp-json\/wp\/v2\/media?parent=15681"}],"curies":[{"name":"wp","href":"https:\/\/api.w.org\/{rel}","templated":true}]}}