{"id":15686,"date":"2018-04-18T18:14:17","date_gmt":"2018-04-18T16:14:17","guid":{"rendered":"https:\/\/www.fente-palatine.com\/?page_id=15686"},"modified":"2019-03-19T17:07:12","modified_gmt":"2019-03-19T16:07:12","slug":"resultados","status":"publish","type":"page","link":"https:\/\/www.fente-palatine.com\/es\/resultados\/","title":{"rendered":"Resultados"},"content":{"rendered":"<p>[vc_row css_animation=\u00bb\u00bb row_type=\u00bbrow\u00bb use_row_as_full_screen_section=\u00bbno\u00bb type=\u00bbfull_width\u00bb angled_section=\u00bbno\u00bb text_align=\u00bbleft\u00bb background_image_as_pattern=\u00bbwithout_pattern\u00bb el_class=\u00bbbox-title-top\u00bb z_index=\u00bb\u00bb][vc_column][vc_column_text]<\/p>\n<h1 style=\"text-align: center;\">Resultados<\/h1>\n<p>[\/vc_column_text][\/vc_column][\/vc_row][vc_row css_animation=\u00bb\u00bb row_type=\u00bbrow\u00bb use_row_as_full_screen_section=\u00bbno\u00bb type=\u00bbgrid\u00bb angled_section=\u00bbno\u00bb text_align=\u00bbleft\u00bb background_image_as_pattern=\u00bbwithout_pattern\u00bb z_index=\u00bb\u00bb css=\u00bb.vc_custom_1522156868795{margin-bottom: 50px !important;}\u00bb][vc_column][vc_column_text]Para el cirujano, buscar el mejor resultado est\u00e9tico posible en el labio y la nariz es un requisito. El primer tiempo quir\u00fargico para cerrar el labio es muy importante. Lo que no se ha hecho o se ha hecho mal, siempre ser\u00e1 m\u00e1s dif\u00edcil en para una segunda operaci\u00f3n de reconstrucci\u00f3n. Des de un principio debemos dar una forma normal al labio con una buena altura y similitud de las crestas philtrales. Tenemos que encontrar una nariz recta, con una posici\u00f3n sim\u00e9trica de las alas nasales.<\/p>\n<p>Pero no s\u00f3lo tenemos que considerar la est\u00e9tica, tambi\u00e9n hay funciones, la movilidad del labio, el paladar blando y la respiraci\u00f3n nasal. Un buen resultado es tambi\u00e9n un ni\u00f1o que respira por la nariz (ver tratamiento conformador nasal), un ni\u00f1o que habla bien, que oye bien, y que tiene un buen crecimiento de la cara.<\/p>\n<p>Todo esto s\u00f3lo puede lograrse a trav\u00e9s de un esfuerzo de todos los m\u00e9dicos involucrados en el cuidado de este ni\u00f1o diferente. Pero tambi\u00e9n se necesita el esfuerzo de los padres para seguir las recomendaciones del equipo m\u00e9dico: lavados diarios de las fosas nasales, la alimentaci\u00f3n con biber\u00f3n (o el pecho) durante varios meses despu\u00e9s de la cirug\u00eda del paladar, un seguimiento regular del crecimiento, controles auditivos, seguidos de ortodoncia&#8230; un buen resultado, es sobretodo un ni\u00f1o feliz de vivir, pero es s\u00f3lo a trav\u00e9s del amor recibido de sus padres&#8230;<br \/>\n[\/vc_column_text][\/vc_column][\/vc_row][vc_row css_animation=\u00bb\u00bb row_type=\u00bbrow\u00bb use_row_as_full_screen_section=\u00bbno\u00bb type=\u00bbfull_width\u00bb angled_section=\u00bbno\u00bb text_align=\u00bbleft\u00bb background_image_as_pattern=\u00bbwithout_pattern\u00bb background_color=\u00bb#f7f7f7&#8243; z_index=\u00bb\u00bb el_class=\u00bbrow-resultat\u00bb][vc_column][vc_row_inner row_type=\u00bbrow\u00bb type=\u00bbgrid\u00bb text_align=\u00bbleft\u00bb css_animation=\u00bb\u00bb][vc_column_inner][vc_column_text]<\/p>\n<h2 style=\"text-align: center;\"><em>R\u00e9sultats El labio leporino<\/em><\/h2>\n<p>\n<ul class=\"bxslider\"  data-bxslider-mode=\"horizontal\"data-bxslider-speed=\"500\"data-bxslider-slide-margin=\"0\"data-bxslider-start-slide=\"0\"data-bxslider-random-start=\"false\"data-bxslider-slide-selector=\"\"data-bxslider-infinite-loop=\"true\"data-bxslider-hide-control-on-end=\"false\"data-bxslider-captions=\"true\"data-bxslider-ticker=\"false\"data-bxslider-ticker-hover=\"false\"data-bxslider-adaptive-height=\"false\"data-bxslider-adaptive-height-speed=\"500\"data-bxslider-video=\"false\"data-bxslider-responsive=\"true\"data-bxslider-use-css=\"true\"data-bxslider-easing=\"null\"data-bxslider-preload-images=\"visible\"data-bxslider-touch-enabled=\"true\"data-bxslider-swipe-threshold=\"50\"data-bxslider-one-to-one-touch=\"true\"data-bxslider-prevent-default-swipe-x=\"true\"data-bxslider-prevent-default-swipe-y=\"false\"data-bxslider-pager=\"false\"data-bxslider-pager-type=\"full\"data-bxslider-pager-short-separator=\" \/ \"data-bxslider-pager-selector=\"\"data-bxslider-controls=\"false\"data-bxslider-next-text=\"Next\"data-bxslider-prev-text=\"Prev\"data-bxslider-next-selector=\"null\"data-bxslider-prev-selector=\"null\"data-bxslider-auto-controls=\"false\"data-bxslider-start-text=\"Start\"data-bxslider-stop-text=\"Stop\"data-bxslider-auto-controls-combine=\"false\"data-bxslider-auto-controls-selector=\"null\"data-bxslider-auto=\"false\"data-bxslider-pause=\"4000\"data-bxslider-auto-start=\"false\"data-bxslider-auto-direction=\"next\"data-bxslider-auto-hover=\"false\"data-bxslider-auto-delay=\"0\"data-bxslider-min-slides=\"1\"data-bxslider-max-slides=\"1\"data-bxslider-move-slides=\"0\"data-bxslider-slide-width=\"0\" >\n                    <li>\n                        <img decoding=\"async\" src=\"https:\/\/www.fente-palatine.com\/wp-content\/uploads\/2018\/05\/03-avant-apres-fentes-labiales-esp.png\" alt=\"Fotos de fisura palatina antes y despu\u00e9s de la cirug\u00eda  | Fisuras Labiopalatinas\" \/>\n            <p class=\"caption_result\">Fotos de fisura palatina antes y despu\u00e9s de la cirug\u00eda  | Fisuras Labiopalatinas<\/p>                    <\/li>\n                            <li>\n                        <img decoding=\"async\" src=\"https:\/\/www.fente-palatine.com\/wp-content\/uploads\/2018\/05\/04-avant-apres-fentes-labiales-esp.png\" alt=\"Cirug\u00eda de fisura labial, antes y despu\u00e9s | Fisuras Labiopalatinas\" \/>\n            <p class=\"caption_result\">Cirug\u00eda de fisura labial, antes y despu\u00e9s | Fisuras Labiopalatinas<\/p>                    <\/li>\n                            <li>\n                        <img decoding=\"async\" src=\"https:\/\/www.fente-palatine.com\/wp-content\/uploads\/2018\/05\/05-avant-apres-fentes-labiales-esp.png\" alt=\"Resultado de una cirug\u00eda antes y despu\u00e9s | Fisuras Labiopalatinas\" \/>\n            <p class=\"caption_result\">Resultado de una cirug\u00eda antes y despu\u00e9s | Fisuras Labiopalatinas<\/p>                    <\/li>\n                            <li>\n                        <img decoding=\"async\" src=\"https:\/\/www.fente-palatine.com\/wp-content\/uploads\/2018\/05\/06-avant-apres-fentes-labiales-esp.png\" alt=\"Fisuras labiales antes y despu\u00e9s de una cirug\u00eda | Fisuras Labiopalatinas\" \/>\n            <p class=\"caption_result\">Fisuras labiales antes y despu\u00e9s de una cirug\u00eda | Fisuras Labiopalatinas<\/p>                    <\/li>\n                            <li>\n                        <img decoding=\"async\" src=\"https:\/\/www.fente-palatine.com\/wp-content\/uploads\/2018\/05\/01-avant-apres-fentes-labiales-esp.png\" alt=\"Operaci\u00f3n de una fisura palatina, foto antes y despu\u00e9s  | Fisuras Labiopalatinas\" \/>\n            <p class=\"caption_result\">Operaci\u00f3n de una fisura palatina, foto antes y despu\u00e9s  | Fisuras Labiopalatinas<\/p>                    <\/li>\n                            <li>\n                        <img decoding=\"async\" src=\"https:\/\/www.fente-palatine.com\/wp-content\/uploads\/2018\/05\/02-avant-apres-fentes-labiales-esp.png\" alt=\"Fisuras labiales: Resultado antes y despu\u00e9s de la cirug\u00eda | Fisuras Labiopalatinas\" \/>\n            <p class=\"caption_result\">Fisuras labiales: Resultado antes y despu\u00e9s de la cirug\u00eda | Fisuras Labiopalatinas<\/p>                    <\/li>\n            <\/ul>[\/vc_column_text][\/vc_column_inner][\/vc_row_inner][\/vc_column][\/vc_row][vc_row css_animation=\u00bb\u00bb row_type=\u00bbrow\u00bb use_row_as_full_screen_section=\u00bbno\u00bb type=\u00bbfull_width\u00bb angled_section=\u00bbno\u00bb text_align=\u00bbleft\u00bb background_image_as_pattern=\u00bbwithout_pattern\u00bb background_color=\u00bb#f7f7f7&#8243; z_index=\u00bb\u00bb el_class=\u00bbrow-resultat\u00bb][vc_column][vc_row_inner row_type=\u00bbrow\u00bb type=\u00bbgrid\u00bb text_align=\u00bbleft\u00bb css_animation=\u00bb\u00bb][vc_column_inner][vc_column_text]<\/p>\n<h2 style=\"text-align: center;\"><em>R\u00e9sultats Paladar hendido<\/em><\/h2>\n<p>\n<ul class=\"bxslider\"  data-bxslider-mode=\"horizontal\"data-bxslider-speed=\"500\"data-bxslider-slide-margin=\"0\"data-bxslider-start-slide=\"0\"data-bxslider-random-start=\"false\"data-bxslider-slide-selector=\"\"data-bxslider-infinite-loop=\"true\"data-bxslider-hide-control-on-end=\"false\"data-bxslider-captions=\"true\"data-bxslider-ticker=\"false\"data-bxslider-ticker-hover=\"false\"data-bxslider-adaptive-height=\"false\"data-bxslider-adaptive-height-speed=\"500\"data-bxslider-video=\"false\"data-bxslider-responsive=\"true\"data-bxslider-use-css=\"true\"data-bxslider-easing=\"null\"data-bxslider-preload-images=\"visible\"data-bxslider-touch-enabled=\"true\"data-bxslider-swipe-threshold=\"50\"data-bxslider-one-to-one-touch=\"true\"data-bxslider-prevent-default-swipe-x=\"true\"data-bxslider-prevent-default-swipe-y=\"false\"data-bxslider-pager=\"false\"data-bxslider-pager-type=\"full\"data-bxslider-pager-short-separator=\" \/ \"data-bxslider-pager-selector=\"\"data-bxslider-controls=\"false\"data-bxslider-next-text=\"Next\"data-bxslider-prev-text=\"Prev\"data-bxslider-next-selector=\"null\"data-bxslider-prev-selector=\"null\"data-bxslider-auto-controls=\"false\"data-bxslider-start-text=\"Start\"data-bxslider-stop-text=\"Stop\"data-bxslider-auto-controls-combine=\"false\"data-bxslider-auto-controls-selector=\"null\"data-bxslider-auto=\"false\"data-bxslider-pause=\"4000\"data-bxslider-auto-start=\"false\"data-bxslider-auto-direction=\"next\"data-bxslider-auto-hover=\"false\"data-bxslider-auto-delay=\"0\"data-bxslider-min-slides=\"1\"data-bxslider-max-slides=\"1\"data-bxslider-move-slides=\"0\"data-bxslider-slide-width=\"0\" >\n                    <li>\n                        <img decoding=\"async\" src=\"https:\/\/www.fente-palatine.com\/wp-content\/uploads\/2018\/05\/04-avant-apres-fentes-labiopalatine-esp.png\" alt=\"Cirug\u00eda de fisura labiopalatina - antes y despu\u00e9s | Fisuras Labiopalatinas\" \/>\n            <p class=\"caption_result\">Cirug\u00eda de fisura labiopalatina - antes y despu\u00e9s | Fisuras Labiopalatinas<\/p>                    <\/li>\n                            <li>\n                        <img decoding=\"async\" src=\"https:\/\/www.fente-palatine.com\/wp-content\/uploads\/2018\/05\/05-avant-apres-fentes-labiopalatine-esp.png\" alt=\"Cirug\u00eda de fisuras labiopalatinas: antes y despu\u00e9s | Fisuras Labiopalatinas\" \/>\n            <p class=\"caption_result\">Cirug\u00eda de fisuras labiopalatinas: antes y despu\u00e9s | Fisuras Labiopalatinas<\/p>                    <\/li>\n                            <li>\n                        <img decoding=\"async\" src=\"https:\/\/www.fente-palatine.com\/wp-content\/uploads\/2018\/05\/06-avant-apres-fentes-labiopalatine-esp.png\" alt=\"Operaci\u00f3n de una fisura palatina, antes y despu\u00e9s   | Fisuras Labiopalatinas\" \/>\n            <p class=\"caption_result\">Operaci\u00f3n de una fisura palatina, antes y despu\u00e9s   | Fisuras Labiopalatinas<\/p>                    <\/li>\n                            <li>\n                        <img decoding=\"async\" src=\"https:\/\/www.fente-palatine.com\/wp-content\/uploads\/2018\/05\/07-avant-apres-fentes-labiopalatine-esp.png\" alt=\"Fisura palatina: Resultado antes y despu\u00e9s de la cirug\u00eda | Fisuras Labiopalatinas\" \/>\n            <p class=\"caption_result\">Fisura palatina: Resultado antes y despu\u00e9s de la cirug\u00eda | Fisuras Labiopalatinas<\/p>                    <\/li>\n                            <li>\n                        <img decoding=\"async\" src=\"https:\/\/www.fente-palatine.com\/wp-content\/uploads\/2018\/05\/01-avant-apres-fentes-labiopalatine-esp.png\" alt=\"Cirug\u00eda de fisura palatina, antes y despu\u00e9s de la intervenci\u00f3n | Fisuras Labiopalatinas\" \/>\n            <p class=\"caption_result\">Cirug\u00eda de fisura palatina, antes y despu\u00e9s de la intervenci\u00f3n | Fisuras Labiopalatinas<\/p>                    <\/li>\n                            <li>\n                        <img decoding=\"async\" src=\"https:\/\/www.fente-palatine.com\/wp-content\/uploads\/2018\/05\/02-avant-apres-fentes-labiopalatine-esp.png\" alt=\"Resultado antes y despu\u00e9s de una cirug\u00eda de fisura palatina| Fisuras Labiopalatinas\" \/>\n            <p class=\"caption_result\">Resultado antes y despu\u00e9s de una cirug\u00eda de fisura palatina| Fisuras Labiopalatinas<\/p>                    <\/li>\n                            <li>\n                        <img decoding=\"async\" src=\"https:\/\/www.fente-palatine.com\/wp-content\/uploads\/2018\/05\/03-avant-apres-fentes-labiopalatine-esp.png\" alt=\"Resultado antes y despu\u00e9s de la cirug\u00eda de fisura palatina | Fisuras Labiopalatinas\" \/>\n            <p class=\"caption_result\">Resultado antes y despu\u00e9s de la cirug\u00eda de fisura palatina | Fisuras Labiopalatinas<\/p>                    <\/li>\n            <\/ul>[\/vc_column_text][\/vc_column_inner][\/vc_row_inner][\/vc_column][\/vc_row]<\/p>\n","protected":false},"excerpt":{"rendered":"<p>[vc_row css_animation=\u00bb\u00bb row_type=\u00bbrow\u00bb use_row_as_full_screen_section=\u00bbno\u00bb type=\u00bbfull_width\u00bb angled_section=\u00bbno\u00bb text_align=\u00bbleft\u00bb background_image_as_pattern=\u00bbwithout_pattern\u00bb el_class=\u00bbbox-title-top\u00bb z_index=\u00bb\u00bb][vc_column][vc_column_text] Resultados [\/vc_column_text][\/vc_column][\/vc_row][vc_row css_animation=\u00bb\u00bb row_type=\u00bbrow\u00bb use_row_as_full_screen_section=\u00bbno\u00bb type=\u00bbgrid\u00bb angled_section=\u00bbno\u00bb text_align=\u00bbleft\u00bb background_image_as_pattern=\u00bbwithout_pattern\u00bb z_index=\u00bb\u00bb css=\u00bb.vc_custom_1522156868795{margin-bottom: 50px&#8230;<\/p>\n","protected":false},"author":4,"featured_media":0,"parent":0,"menu_order":0,"comment_status":"open","ping_status":"open","template":"full_width.php","meta":{"_acf_changed":false,"footnotes":""},"class_list":["post-15686","page","type-page","status-publish","hentry"],"acf":[],"_links":{"self":[{"href":"https:\/\/www.fente-palatine.com\/es\/wp-json\/wp\/v2\/pages\/15686","targetHints":{"allow":["GET"]}}],"collection":[{"href":"https:\/\/www.fente-palatine.com\/es\/wp-json\/wp\/v2\/pages"}],"about":[{"href":"https:\/\/www.fente-palatine.com\/es\/wp-json\/wp\/v2\/types\/page"}],"author":[{"embeddable":true,"href":"https:\/\/www.fente-palatine.com\/es\/wp-json\/wp\/v2\/users\/4"}],"replies":[{"embeddable":true,"href":"https:\/\/www.fente-palatine.com\/es\/wp-json\/wp\/v2\/comments?post=15686"}],"version-history":[{"count":0,"href":"https:\/\/www.fente-palatine.com\/es\/wp-json\/wp\/v2\/pages\/15686\/revisions"}],"wp:attachment":[{"href":"https:\/\/www.fente-palatine.com\/es\/wp-json\/wp\/v2\/media?parent=15686"}],"curies":[{"name":"wp","href":"https:\/\/api.w.org\/{rel}","templated":true}]}}