{"id":15690,"date":"2018-04-18T18:17:57","date_gmt":"2018-04-18T16:17:57","guid":{"rendered":"https:\/\/www.fente-palatine.com\/?page_id=15690"},"modified":"2019-03-19T16:32:57","modified_gmt":"2019-03-19T15:32:57","slug":"15690-2","status":"publish","type":"page","link":"https:\/\/www.fente-palatine.com\/es\/15690-2\/","title":{"rendered":"Epidemiolog\u00eda"},"content":{"rendered":"<p>[vc_row css_animation=\u00bb\u00bb row_type=\u00bbrow\u00bb use_row_as_full_screen_section=\u00bbno\u00bb type=\u00bbfull_width\u00bb angled_section=\u00bbno\u00bb text_align=\u00bbleft\u00bb background_image_as_pattern=\u00bbwithout_pattern\u00bb el_class=\u00bbbox-title-top\u00bb z_index=\u00bb\u00bb][vc_column][vc_column_text]<\/p>\n<h1 style=\"text-align: center;\">Epidemiolog\u00eda<\/h1>\n<p>[\/vc_column_text][\/vc_column][\/vc_row][vc_row css_animation=\u00bb\u00bb row_type=\u00bbrow\u00bb use_row_as_full_screen_section=\u00bbno\u00bb type=\u00bbgrid\u00bb angled_section=\u00bbno\u00bb text_align=\u00bbleft\u00bb background_image_as_pattern=\u00bbwithout_pattern\u00bb z_index=\u00bb\u00bb][vc_column][vc_column_text el_class=\u00bbcontent-style content-list\u00bb]El labio leporino y paladar hendido son anomal\u00edas cong\u00e9nitas de la cara con m\u00e1s frecuencia en el mundo. En Francia uno de cada 700 ni\u00f1os nace con labio leporino y el paladar hendido. Esta cifra es aproximadamente la misma en todos los pa\u00edses europeos. En Estados Unidos, uno de cada 600 ni\u00f1os nace con labio leporino y paladar hendido, y en Asia, la incidencia es a\u00fan mayor, afecta a uno de cada 300 ni\u00f1os.<\/p>\n<p>El desglose por tipo de fisura se mantiene fija desde hace a\u00f1os:<\/p>\n<ul>\n<li>25% de labio leporino<\/li>\n<li>50% de labio leporino y el paladar<\/li>\n<li>25% de paladar hendido<\/li>\n<\/ul>\n<p><strong><em><br \/>\nDiferentes epidemiolog\u00edas :<\/em><\/strong><\/p>\n<ol>\n<li><a href=\"https:\/\/www.fente-palatine.com\/es\/15690-2\/el-labio-leporino\/\">Labio leporino<\/a><\/li>\n<li><a href=\"https:\/\/www.fente-palatine.com\/es\/15690-2\/el-labio-leporino-y-paladar-hendido\/\">Labio leporino y el paladar<\/a><\/li>\n<li><a href=\"https:\/\/www.fente-palatine.com\/es\/15690-2\/paladar-hendido\/\">Paladar hendido<\/a><\/li>\n<\/ol>\n<p>[\/vc_column_text][\/vc_column][\/vc_row][vc_row css_animation=\u00bb\u00bb row_type=\u00bbrow\u00bb use_row_as_full_screen_section=\u00bbno\u00bb type=\u00bbfull_width\u00bb angled_section=\u00bbno\u00bb text_align=\u00bbleft\u00bb background_image_as_pattern=\u00bbwithout_pattern\u00bb background_color=\u00bb#f7f7f7&#8243; css=\u00bb.vc_custom_1522169813821{margin-top: 60px !important;padding-top: 30px !important;padding-bottom: 30px !important;}\u00bb z_index=\u00bb\u00bb][vc_column][vc_row_inner row_type=\u00bbrow\u00bb type=\u00bbgrid\u00bb text_align=\u00bbleft\u00bb css_animation=\u00bb\u00bb el_class=\u00bbrow-img-legende\u00bb][vc_column_inner width=\u00bb1\/3&#8243;][vc_single_image image=\u00bb16875&#8243; img_size=\u00bbfull\u00bb qode_css_animation=\u00bb\u00bb][vc_column_text]<strong>El labio leporino<\/strong>[\/vc_column_text][\/vc_column_inner][vc_column_inner width=\u00bb1\/3&#8243;][vc_single_image image=\u00bb16873&#8243; img_size=\u00bbfull\u00bb qode_css_animation=\u00bb\u00bb][vc_column_text]<strong>Paladar hendido<\/strong>[\/vc_column_text][\/vc_column_inner][vc_column_inner width=\u00bb1\/3&#8243;][vc_single_image image=\u00bb16871&#8243; img_size=\u00bbfull\u00bb qode_css_animation=\u00bb\u00bb][vc_column_text]El labio leporino y paladar hendido[\/vc_column_text][\/vc_column_inner][\/vc_row_inner][\/vc_column][\/vc_row][vc_row css_animation=\u00bb\u00bb row_type=\u00bbrow\u00bb use_row_as_full_screen_section=\u00bbno\u00bb type=\u00bbgrid\u00bb angled_section=\u00bbno\u00bb text_align=\u00bbleft\u00bb background_image_as_pattern=\u00bbwithout_pattern\u00bb z_index=\u00bb\u00bb css=\u00bb.vc_custom_1522260369459{margin-top: 50px !important;}\u00bb][vc_column][vc_column_text el_class=\u00bbcontent-style\u00bb]<\/p>\n<h2>Origen del paladar hendido<\/h2>\n<p>El origen del labio leporino y paladar hendido todav\u00eda es desconocido, sin duda sabemos el mecanismo de la fusi\u00f3n incompleta que conduce a su formaci\u00f3n (ver cap\u00edtulo embriolog\u00eda), pero no conocemos el origen de la fusi\u00f3n incompleta de los bordes. Las pistas gen\u00e9ticas, t\u00f3xicas, farmacol\u00f3gicas, alimentarias son estudiadas, pero a d\u00eda de hoy no tenemos ninguna evidencia seria de su participaci\u00f3n.[\/vc_column_text][\/vc_column][\/vc_row]<\/p>\n","protected":false},"excerpt":{"rendered":"<p>[vc_row css_animation=\u00bb\u00bb row_type=\u00bbrow\u00bb use_row_as_full_screen_section=\u00bbno\u00bb type=\u00bbfull_width\u00bb angled_section=\u00bbno\u00bb text_align=\u00bbleft\u00bb background_image_as_pattern=\u00bbwithout_pattern\u00bb el_class=\u00bbbox-title-top\u00bb z_index=\u00bb\u00bb][vc_column][vc_column_text] Epidemiolog\u00eda [\/vc_column_text][\/vc_column][\/vc_row][vc_row css_animation=\u00bb\u00bb row_type=\u00bbrow\u00bb use_row_as_full_screen_section=\u00bbno\u00bb type=\u00bbgrid\u00bb angled_section=\u00bbno\u00bb text_align=\u00bbleft\u00bb background_image_as_pattern=\u00bbwithout_pattern\u00bb z_index=\u00bb\u00bb][vc_column][vc_column_text el_class=\u00bbcontent-style content-list\u00bb]El&#8230;<\/p>\n","protected":false},"author":3,"featured_media":0,"parent":0,"menu_order":0,"comment_status":"open","ping_status":"open","template":"full_width.php","meta":{"_acf_changed":false,"footnotes":""},"class_list":["post-15690","page","type-page","status-publish","hentry"],"acf":[],"_links":{"self":[{"href":"https:\/\/www.fente-palatine.com\/es\/wp-json\/wp\/v2\/pages\/15690","targetHints":{"allow":["GET"]}}],"collection":[{"href":"https:\/\/www.fente-palatine.com\/es\/wp-json\/wp\/v2\/pages"}],"about":[{"href":"https:\/\/www.fente-palatine.com\/es\/wp-json\/wp\/v2\/types\/page"}],"author":[{"embeddable":true,"href":"https:\/\/www.fente-palatine.com\/es\/wp-json\/wp\/v2\/users\/3"}],"replies":[{"embeddable":true,"href":"https:\/\/www.fente-palatine.com\/es\/wp-json\/wp\/v2\/comments?post=15690"}],"version-history":[{"count":0,"href":"https:\/\/www.fente-palatine.com\/es\/wp-json\/wp\/v2\/pages\/15690\/revisions"}],"wp:attachment":[{"href":"https:\/\/www.fente-palatine.com\/es\/wp-json\/wp\/v2\/media?parent=15690"}],"curies":[{"name":"wp","href":"https:\/\/api.w.org\/{rel}","templated":true}]}}