{"id":15697,"date":"2018-04-18T18:34:39","date_gmt":"2018-04-18T16:34:39","guid":{"rendered":"https:\/\/www.fente-palatine.com\/?page_id=15697"},"modified":"2019-03-19T16:55:43","modified_gmt":"2019-03-19T15:55:43","slug":"sindrome-de-pierre-robin","status":"publish","type":"page","link":"https:\/\/www.fente-palatine.com\/es\/sindrome-de-pierre-robin\/","title":{"rendered":"S\u00edndrome de Pierre Robin"},"content":{"rendered":"<p>[vc_row css_animation=\u00bb\u00bb row_type=\u00bbrow\u00bb use_row_as_full_screen_section=\u00bbno\u00bb type=\u00bbfull_width\u00bb angled_section=\u00bbno\u00bb text_align=\u00bbleft\u00bb background_image_as_pattern=\u00bbwithout_pattern\u00bb el_class=\u00bbbox-title-top\u00bb z_index=\u00bb\u00bb][vc_column][vc_column_text]<\/p>\n<h1 style=\"text-align: center;\">S\u00edndrome de Pierre Robin<\/h1>\n<p>[\/vc_column_text][\/vc_column][\/vc_row][vc_row css_animation=\u00bb\u00bb row_type=\u00bbrow\u00bb use_row_as_full_screen_section=\u00bbno\u00bb type=\u00bbgrid\u00bb angled_section=\u00bbno\u00bb text_align=\u00bbleft\u00bb background_image_as_pattern=\u00bbwithout_pattern\u00bb z_index=\u00bb\u00bb][vc_column][vc_column_text el_class=\u00bbcontent-style\u00bb]S\u00edndrome de Pierre Robin es la asociaci\u00f3n en un reci\u00e9n nacido de tres signos: paladar hendido, barbilla peque\u00f1a, (foto 1) y una ca\u00edda posterior de la lengua (glosoptosis lingual o ptosis).<\/p>\n<p>Durante el desarrollo del feto la lengua est\u00e1 en posici\u00f3n vertical y luego baja. Si hay una disminuci\u00f3n motriz la lengua se queda vertical (ptosis lingual) se queda entre las crestas palatinas y el paladar no se cierra, el paladar hendido es en arco rom\u00e1nico, que conserva la huella de la lengua (Foto 2). La ca\u00edda de la lengua hacia atr\u00e1s provoca una falta de estimulaci\u00f3n del crecimiento mandibular.<\/p>\n<p>Equipos de investigaci\u00f3n en Francia y Escocia han demostrado el origen gen\u00e9tico del SPR (INSERM U781). Secuencias no codificadas del genoma act\u00faan sobre un gen de crecimiento mandibular (gen SOX9 en el cromosoma 17).<\/p>\n<p>Este s\u00edndrome tiene consecuencias en la alimentaci\u00f3n y la respiraci\u00f3n. Hay varios estados de gravedad, y cada estado un tratamiento adecuado: la posici\u00f3n sobre el vientre, sonda con ox\u00edgeno, ayudan al ni\u00f1o a respirar mejor. En casos severos, se debe poner un tubo nasofar\u00edngeo, que permite oxigenar al bebe correctamente (foto 3). A veces tambi\u00e9n es necesario utilizar una sonda de alimentaci\u00f3n g\u00e1strica. Se necesita una atenci\u00f3n y cuidado en el servicio neonatal durante algunas semanas.<\/p>\n<p>La cirug\u00eda del paladar hendido se hace entre los 4 y 6 meses. El paladar se cierra igual que cualquier ni\u00f1o con paladar hendido (ver cirug\u00eda del paladar). El crecimiento de la mand\u00edbula se estimulada mas tarde por el m\u00e9todo de alimentaci\u00f3n, tomando el biber\u00f3n, la masticaci\u00f3n.<br \/>\n[\/vc_column_text][\/vc_column][\/vc_row][vc_row css_animation=\u00bb\u00bb row_type=\u00bbrow\u00bb use_row_as_full_screen_section=\u00bbno\u00bb type=\u00bbfull_width\u00bb angled_section=\u00bbno\u00bb text_align=\u00bbleft\u00bb background_image_as_pattern=\u00bbwithout_pattern\u00bb background_color=\u00bb#f7f7f7&#8243; css=\u00bb.vc_custom_1522169813821{margin-top: 60px !important;padding-top: 30px !important;padding-bottom: 30px !important;}\u00bb z_index=\u00bb\u00bb][vc_column][vc_row_inner row_type=\u00bbrow\u00bb type=\u00bbgrid\u00bb text_align=\u00bbleft\u00bb css_animation=\u00bb\u00bb el_class=\u00bbrow-img-legende\u00bb][vc_column_inner width=\u00bb1\/3&#8243;][vc_single_image image=\u00bb16924&#8243; img_size=\u00bbfull\u00bb qode_css_animation=\u00bb\u00bb][vc_column_text]<strong>Vista lateral de un ni\u00f1o con mandibulia retro<\/strong>[\/vc_column_text][\/vc_column_inner][vc_column_inner width=\u00bb1\/3&#8243;][vc_single_image image=\u00bb16926&#8243; img_size=\u00bbfull\u00bb qode_css_animation=\u00bb\u00bb][vc_column_text]<strong>Paladar hendido<\/strong><br \/>\n<strong> La lengua se levanta en el paladar y obstruye el sistema respiratorio<\/strong>[\/vc_column_text][\/vc_column_inner][vc_column_inner width=\u00bb1\/3&#8243;][vc_single_image image=\u00bb16928&#8243; img_size=\u00bbfull\u00bb qode_css_animation=\u00bb\u00bb][vc_column_text el_class=\u00bbbox-legende-photo\u00bb]<strong>Tubo naso far\u00edngeo en su lugar<\/strong>[\/vc_column_text][\/vc_column_inner][\/vc_row_inner][\/vc_column][\/vc_row]<\/p>\n","protected":false},"excerpt":{"rendered":"<p>[vc_row css_animation=\u00bb\u00bb row_type=\u00bbrow\u00bb use_row_as_full_screen_section=\u00bbno\u00bb type=\u00bbfull_width\u00bb angled_section=\u00bbno\u00bb text_align=\u00bbleft\u00bb background_image_as_pattern=\u00bbwithout_pattern\u00bb el_class=\u00bbbox-title-top\u00bb z_index=\u00bb\u00bb][vc_column][vc_column_text] S\u00edndrome de Pierre Robin [\/vc_column_text][\/vc_column][\/vc_row][vc_row css_animation=\u00bb\u00bb row_type=\u00bbrow\u00bb use_row_as_full_screen_section=\u00bbno\u00bb type=\u00bbgrid\u00bb angled_section=\u00bbno\u00bb text_align=\u00bbleft\u00bb background_image_as_pattern=\u00bbwithout_pattern\u00bb&#8230;<\/p>\n","protected":false},"author":4,"featured_media":0,"parent":0,"menu_order":0,"comment_status":"open","ping_status":"open","template":"full_width.php","meta":{"_acf_changed":false,"footnotes":""},"class_list":["post-15697","page","type-page","status-publish","hentry"],"acf":[],"_links":{"self":[{"href":"https:\/\/www.fente-palatine.com\/es\/wp-json\/wp\/v2\/pages\/15697","targetHints":{"allow":["GET"]}}],"collection":[{"href":"https:\/\/www.fente-palatine.com\/es\/wp-json\/wp\/v2\/pages"}],"about":[{"href":"https:\/\/www.fente-palatine.com\/es\/wp-json\/wp\/v2\/types\/page"}],"author":[{"embeddable":true,"href":"https:\/\/www.fente-palatine.com\/es\/wp-json\/wp\/v2\/users\/4"}],"replies":[{"embeddable":true,"href":"https:\/\/www.fente-palatine.com\/es\/wp-json\/wp\/v2\/comments?post=15697"}],"version-history":[{"count":0,"href":"https:\/\/www.fente-palatine.com\/es\/wp-json\/wp\/v2\/pages\/15697\/revisions"}],"wp:attachment":[{"href":"https:\/\/www.fente-palatine.com\/es\/wp-json\/wp\/v2\/media?parent=15697"}],"curies":[{"name":"wp","href":"https:\/\/api.w.org\/{rel}","templated":true}]}}