{"id":15700,"date":"2018-04-18T18:47:44","date_gmt":"2018-04-18T16:47:44","guid":{"rendered":"https:\/\/www.fente-palatine.com\/?page_id=15700"},"modified":"2019-03-19T16:55:35","modified_gmt":"2019-03-19T15:55:35","slug":"el-paladar","status":"publish","type":"page","link":"https:\/\/www.fente-palatine.com\/es\/el-paladar\/","title":{"rendered":"El paladar"},"content":{"rendered":"<p>[vc_row css_animation=\u00bb\u00bb row_type=\u00bbrow\u00bb use_row_as_full_screen_section=\u00bbno\u00bb type=\u00bbfull_width\u00bb angled_section=\u00bbno\u00bb text_align=\u00bbleft\u00bb background_image_as_pattern=\u00bbwithout_pattern\u00bb el_class=\u00bbbox-title-top\u00bb z_index=\u00bb\u00bb][vc_column][vc_column_text]<\/p>\n<h1 style=\"text-align: center;\">El paladar<\/h1>\n<p>[\/vc_column_text][\/vc_column][\/vc_row][vc_row css_animation=\u00bb\u00bb row_type=\u00bbrow\u00bb use_row_as_full_screen_section=\u00bbno\u00bb type=\u00bbgrid\u00bb angled_section=\u00bbno\u00bb text_align=\u00bbleft\u00bb background_image_as_pattern=\u00bbwithout_pattern\u00bb z_index=\u00bb\u00bb][vc_column][vc_column_text el_class=\u00bbcontent-style\u00bb]El paladar consta de dos partes, una anterior, \u00f3sea, que se encuentra justo detr\u00e1s de los incisivos, y la otra m\u00e1s posterior y muscular es el paladar blando, que termina en la \u00favula. El primero es fijo, inamovible, el segundo es m\u00f3vil y juega un papel importante en el habla.<\/p>\n<p>Durante el primer examen del beb\u00e9, si hay un paladar hendido, se requiere un cuidado y atenci\u00f3n. Si la fisura es amplia y afecta a la parte anterior, \u00f3sea, pondremos una placa palatina de resina. Esta placa se mantiene d\u00eda y noche, evitando la interposici\u00f3n de la lengua en la fisura, facilita la alimentaci\u00f3n con biber\u00f3n, calma al ni\u00f1o.<\/p>\n<p>Aconsejamos biberones adaptados, como el Haberman (Medela \u00ae) para ayudar al ni\u00f1o durante la alimentaci\u00f3n y evitar que no duren mas de 30 minutos. Si la fisura afecta a todo el paladar no se aconseja dar el pecho es ineficaz, incluso con una placa de resina del paladar. La madre puede extraerse la leche y darle el biber\u00f3n.<\/p>\n<p>La cirug\u00eda de paladar se hace entre los 4 y 6 meses. Se necesita una hospitalizaci\u00f3n de 5 d\u00edas. Uno de los padres acompa\u00f1a al ni\u00f1o y se queda con \u00e9l durante todo este per\u00edodo. La operaci\u00f3n dura una hora. Se realiza bajo anestesia general. El cierre es siempre posible, incluso si la fisura parece ancha. No es necesario hacer un injerto o pr\u00f3tesis para cerrar la fisura. Todo est\u00e1 presente, como en el labio, solo debemos poner en su lugar los elementos separados, no fusionados, y suturarlos.<\/p>\n<p>Durante la operaci\u00f3n para cerrar el paladar, mientras el ni\u00f1o est\u00e1 dormido, el cirujano ot\u00f3logo controla el estado de o\u00eddo. Si hay una otitis media serosa, el l\u00edquido detr\u00e1s del t\u00edmpano, se abre el t\u00edmpano (miringotom\u00eda) y coloca un drenaje timp\u00e1nico (di\u00e1bolo, yoyo,&#8230;).<br \/>\n[\/vc_column_text][\/vc_column][\/vc_row][vc_row css_animation=\u00bb\u00bb row_type=\u00bbrow\u00bb use_row_as_full_screen_section=\u00bbno\u00bb type=\u00bbfull_width\u00bb angled_section=\u00bbno\u00bb text_align=\u00bbleft\u00bb background_image_as_pattern=\u00bbwithout_pattern\u00bb background_color=\u00bb#f7f7f7&#8243; css=\u00bb.vc_custom_1522169813821{margin-top: 60px !important;padding-top: 30px !important;padding-bottom: 30px !important;}\u00bb z_index=\u00bb\u00bb][vc_column][vc_row_inner row_type=\u00bbrow\u00bb type=\u00bbgrid\u00bb text_align=\u00bbleft\u00bb css_animation=\u00bb\u00bb el_class=\u00bbrow-img-legende\u00bb][vc_column_inner width=\u00bb1\/4&#8243;][vc_single_image image=\u00bb16918&#8243; img_size=\u00bbfull\u00bb qode_css_animation=\u00bb\u00bb][vc_column_text]<strong>Curso de cirug\u00eda del palacio<\/strong><br \/>\nDos trapos son incisos y levantados (l\u00ednea roja), ser\u00e1n tra\u00eddos de vuelta (flechas azules)[\/vc_column_text][\/vc_column_inner][vc_column_inner width=\u00bb1\/4&#8243;][vc_single_image image=\u00bb16916&#8243; img_size=\u00bbfull\u00bb qode_css_animation=\u00bb\u00bb][vc_column_text el_class=\u00bbbox-legende-photo\u00bb]<strong>Paladar hendido antes del cierre<\/strong>[\/vc_column_text][\/vc_column_inner][vc_column_inner width=\u00bb1\/4&#8243;][vc_single_image image=\u00bb16920&#8243; img_size=\u00bbfull\u00bb qode_css_animation=\u00bb\u00bb][vc_column_text]<strong>Curso de cirug\u00eda del palacio<\/strong><br \/>\nAmbas aletas son suturadas y tra\u00eddas para alargar el velo[\/vc_column_text][\/vc_column_inner][vc_column_inner width=\u00bb1\/4&#8243;][vc_single_image image=\u00bb16922&#8243; img_size=\u00bbfull\u00bb qode_css_animation=\u00bb\u00bb][vc_column_text el_class=\u00bbbox-legende-photo\u00bb]<strong>Paladar hendido al final de la cirug\u00eda<\/strong>[\/vc_column_text][\/vc_column_inner][\/vc_row_inner][\/vc_column][\/vc_row]<\/p>\n","protected":false},"excerpt":{"rendered":"<p>[vc_row css_animation=\u00bb\u00bb row_type=\u00bbrow\u00bb use_row_as_full_screen_section=\u00bbno\u00bb type=\u00bbfull_width\u00bb angled_section=\u00bbno\u00bb text_align=\u00bbleft\u00bb background_image_as_pattern=\u00bbwithout_pattern\u00bb el_class=\u00bbbox-title-top\u00bb z_index=\u00bb\u00bb][vc_column][vc_column_text] El paladar [\/vc_column_text][\/vc_column][\/vc_row][vc_row css_animation=\u00bb\u00bb row_type=\u00bbrow\u00bb use_row_as_full_screen_section=\u00bbno\u00bb type=\u00bbgrid\u00bb angled_section=\u00bbno\u00bb text_align=\u00bbleft\u00bb background_image_as_pattern=\u00bbwithout_pattern\u00bb z_index=\u00bb\u00bb][vc_column][vc_column_text el_class=\u00bbcontent-style\u00bb]El&#8230;<\/p>\n","protected":false},"author":4,"featured_media":0,"parent":0,"menu_order":0,"comment_status":"open","ping_status":"open","template":"full_width.php","meta":{"_acf_changed":false,"footnotes":""},"class_list":["post-15700","page","type-page","status-publish","hentry"],"acf":[],"_links":{"self":[{"href":"https:\/\/www.fente-palatine.com\/es\/wp-json\/wp\/v2\/pages\/15700","targetHints":{"allow":["GET"]}}],"collection":[{"href":"https:\/\/www.fente-palatine.com\/es\/wp-json\/wp\/v2\/pages"}],"about":[{"href":"https:\/\/www.fente-palatine.com\/es\/wp-json\/wp\/v2\/types\/page"}],"author":[{"embeddable":true,"href":"https:\/\/www.fente-palatine.com\/es\/wp-json\/wp\/v2\/users\/4"}],"replies":[{"embeddable":true,"href":"https:\/\/www.fente-palatine.com\/es\/wp-json\/wp\/v2\/comments?post=15700"}],"version-history":[{"count":0,"href":"https:\/\/www.fente-palatine.com\/es\/wp-json\/wp\/v2\/pages\/15700\/revisions"}],"wp:attachment":[{"href":"https:\/\/www.fente-palatine.com\/es\/wp-json\/wp\/v2\/media?parent=15700"}],"curies":[{"name":"wp","href":"https:\/\/api.w.org\/{rel}","templated":true}]}}