{"id":15703,"date":"2018-04-18T18:54:06","date_gmt":"2018-04-18T16:54:06","guid":{"rendered":"https:\/\/www.fente-palatine.com\/?page_id=15703"},"modified":"2019-03-19T16:55:28","modified_gmt":"2019-03-19T15:55:28","slug":"el-labio","status":"publish","type":"page","link":"https:\/\/www.fente-palatine.com\/es\/el-labio\/","title":{"rendered":"El labio"},"content":{"rendered":"<p>[vc_row css_animation=\u00bb\u00bb row_type=\u00bbrow\u00bb use_row_as_full_screen_section=\u00bbno\u00bb type=\u00bbfull_width\u00bb angled_section=\u00bbno\u00bb text_align=\u00bbleft\u00bb background_image_as_pattern=\u00bbwithout_pattern\u00bb el_class=\u00bbbox-title-top\u00bb z_index=\u00bb\u00bb][vc_column][vc_column_text]<\/p>\n<h1 style=\"text-align: center;\">Tratamiento: El labio<\/h1>\n<p>[\/vc_column_text][\/vc_column][\/vc_row][vc_row css_animation=\u00bb\u00bb row_type=\u00bbrow\u00bb use_row_as_full_screen_section=\u00bbno\u00bb type=\u00bbgrid\u00bb angled_section=\u00bbno\u00bb text_align=\u00bbleft\u00bb background_image_as_pattern=\u00bbwithout_pattern\u00bb z_index=\u00bb\u00bb][vc_column][vc_column_text el_class=\u00bbcontent-style\u00bb]La cirug\u00eda neonatal precoz en los primeros meses de vida<\/p>\n<p>Se hace un informe del bebe en el momento de nacer: una revisi\u00f3n del ni\u00f1o, ecograf\u00eda, an\u00e1lisis biol\u00f3gicos, muestras bacteriol\u00f3gicas. Si este informe es normal y el ni\u00f1o tiene suficiente peso sin ning\u00fan tipo de inconveniente para la cirug\u00eda, podemos operar y cerrar el labio en el primer mes de vida.<\/p>\n<p>La cirug\u00eda se realiza bajo anestesia general. Se puede reparar el labio y la nariz, si esta deformada en una sola operaci\u00f3n. Incluso si parece que falte una parte del labio, todo puede ser reparado, reconstruido. De hecho no hay una p\u00e9rdida real de la sustancia, todo esta presente pero esta distorsionado. La t\u00e9cnica que se utiliza puede corregir todas las deformaciones y encontrar la simetr\u00eda entre ambos lados del labio y la nariz.<\/p>\n<p>La cirug\u00eda dura alrededor de la una hora y media. Se le puede dar el biber\u00f3n o el pecho unas horas despu\u00e9s de la cirug\u00eda. Es necesaria le hospitalizaci\u00f3n del ni\u00f1o acompa\u00f1ado por uno de sus padres durante unos d\u00edas.<\/p>\n<ul>\n<li>T\u00e9cnica Millard de avance y rotaci\u00f3n<\/li>\n<li>Correcci\u00f3n de la reposici\u00f3n del labio y la nariz<\/li>\n<\/ul>\n<p>[\/vc_column_text][\/vc_column][\/vc_row][vc_row css_animation=\u00bb\u00bb row_type=\u00bbrow\u00bb use_row_as_full_screen_section=\u00bbno\u00bb type=\u00bbfull_width\u00bb angled_section=\u00bbno\u00bb text_align=\u00bbleft\u00bb background_image_as_pattern=\u00bbwithout_pattern\u00bb background_color=\u00bb#f7f7f7&#8243; css=\u00bb.vc_custom_1525282329906{margin-top: 60px !important;padding-top: 30px !important;padding-bottom: 30px !important;}\u00bb z_index=\u00bb\u00bb el_class=\u00bbrow-img-legende\u00bb][vc_column][vc_row_inner row_type=\u00bbrow\u00bb type=\u00bbgrid\u00bb text_align=\u00bbleft\u00bb css_animation=\u00bb\u00bb el_class=\u00bbrow-img-legende\u00bb][vc_column_inner width=\u00bb1\/4&#8243;][vc_single_image image=\u00bb16908&#8243; img_size=\u00bbfull\u00bb qode_css_animation=\u00bb\u00bb][vc_column_text]<strong>T\u00e9cnica de rotaci\u00f3n avanzada de Millard<\/strong><br \/>\nEl contorno de las incisiones de la piel est\u00e1 en rojo. Los movimientos dados al labio son en azul[\/vc_column_text][\/vc_column_inner][vc_column_inner width=\u00bb1\/4&#8243;][vc_single_image image=\u00bb16914&#8243; img_size=\u00bbfull\u00bb qode_css_animation=\u00bb\u00bb][vc_column_text]<strong>T\u00e9cnica de rotaci\u00f3n avanzada de Millard<\/strong>[\/vc_column_text][\/vc_column_inner][vc_column_inner width=\u00bb1\/4&#8243;][vc_single_image image=\u00bb16912&#8243; img_size=\u00bbfull\u00bb qode_css_animation=\u00bb\u00bb][vc_column_text]<strong>Correcci\u00f3n de labios y reposicionamiento de la nariz<\/strong><br \/>\nAl final de la cirug\u00eda, las diferentes incisiones se unen para reconstruir un labio perfecto.[\/vc_column_text][\/vc_column_inner][vc_column_inner width=\u00bb1\/4&#8243;][vc_single_image image=\u00bb16910&#8243; img_size=\u00bbfull\u00bb qode_css_animation=\u00bb\u00bb][vc_column_text]<strong>Correcci\u00f3n de labios y reposicionamiento de la nariz<\/strong>[\/vc_column_text][\/vc_column_inner][\/vc_row_inner][\/vc_column][\/vc_row][vc_row css_animation=\u00bb\u00bb row_type=\u00bbrow\u00bb use_row_as_full_screen_section=\u00bbno\u00bb type=\u00bbgrid\u00bb angled_section=\u00bbno\u00bb text_align=\u00bbleft\u00bb background_image_as_pattern=\u00bbwithout_pattern\u00bb css=\u00bb.vc_custom_1526479702152{margin-top: 50px !important;}\u00bb z_index=\u00bb\u00bb][vc_column][vc_column_text]La cirug\u00eda reparadora del labio se refiere a todos los componentes labiales, la incisi\u00f3n de la mucosa profunda se hace de manera que se pueda cerrar el plano profundo como una cortina. Se hace una incisi\u00f3n en el m\u00fasculo para bajarlo, y efectuamos una rotaci\u00f3n para tener un eje circular normal (m\u00fasculo orbicular del labio). En el plano cut\u00e1neo se hace una incisi\u00f3n diferente para obtener alturas y simetr\u00eda debajo de las alas de la nariz, para obtener una cicatriz en el eje de la columna del filtrum, para conseguir un borde, una uni\u00f3n entre el labio rojo y l\u00ednea blanca del labio de buena calidad sin subir el tri\u00e1ngulo rojo hacia arriba.<br \/>\n[\/vc_column_text][\/vc_column][\/vc_row]<\/p>\n","protected":false},"excerpt":{"rendered":"<p>[vc_row css_animation=\u00bb\u00bb row_type=\u00bbrow\u00bb use_row_as_full_screen_section=\u00bbno\u00bb type=\u00bbfull_width\u00bb angled_section=\u00bbno\u00bb text_align=\u00bbleft\u00bb background_image_as_pattern=\u00bbwithout_pattern\u00bb el_class=\u00bbbox-title-top\u00bb z_index=\u00bb\u00bb][vc_column][vc_column_text] Tratamiento: El labio [\/vc_column_text][\/vc_column][\/vc_row][vc_row css_animation=\u00bb\u00bb row_type=\u00bbrow\u00bb use_row_as_full_screen_section=\u00bbno\u00bb type=\u00bbgrid\u00bb angled_section=\u00bbno\u00bb text_align=\u00bbleft\u00bb background_image_as_pattern=\u00bbwithout_pattern\u00bb z_index=\u00bb\u00bb][vc_column][vc_column_text&#8230;<\/p>\n","protected":false},"author":4,"featured_media":0,"parent":0,"menu_order":0,"comment_status":"open","ping_status":"open","template":"full_width.php","meta":{"_acf_changed":false,"footnotes":""},"class_list":["post-15703","page","type-page","status-publish","hentry"],"acf":[],"_links":{"self":[{"href":"https:\/\/www.fente-palatine.com\/es\/wp-json\/wp\/v2\/pages\/15703","targetHints":{"allow":["GET"]}}],"collection":[{"href":"https:\/\/www.fente-palatine.com\/es\/wp-json\/wp\/v2\/pages"}],"about":[{"href":"https:\/\/www.fente-palatine.com\/es\/wp-json\/wp\/v2\/types\/page"}],"author":[{"embeddable":true,"href":"https:\/\/www.fente-palatine.com\/es\/wp-json\/wp\/v2\/users\/4"}],"replies":[{"embeddable":true,"href":"https:\/\/www.fente-palatine.com\/es\/wp-json\/wp\/v2\/comments?post=15703"}],"version-history":[{"count":0,"href":"https:\/\/www.fente-palatine.com\/es\/wp-json\/wp\/v2\/pages\/15703\/revisions"}],"wp:attachment":[{"href":"https:\/\/www.fente-palatine.com\/es\/wp-json\/wp\/v2\/media?parent=15703"}],"curies":[{"name":"wp","href":"https:\/\/api.w.org\/{rel}","templated":true}]}}