{"id":15706,"date":"2018-04-18T18:59:43","date_gmt":"2018-04-18T16:59:43","guid":{"rendered":"https:\/\/www.fente-palatine.com\/?page_id=15706"},"modified":"2019-03-19T16:33:05","modified_gmt":"2019-03-19T15:33:05","slug":"el-labio-leporino","status":"publish","type":"page","link":"https:\/\/www.fente-palatine.com\/es\/15690-2\/el-labio-leporino\/","title":{"rendered":"El labio leporino"},"content":{"rendered":"<p>[vc_row css_animation=\u00bb\u00bb row_type=\u00bbrow\u00bb use_row_as_full_screen_section=\u00bbno\u00bb type=\u00bbfull_width\u00bb angled_section=\u00bbno\u00bb text_align=\u00bbleft\u00bb background_image_as_pattern=\u00bbwithout_pattern\u00bb el_class=\u00bbbox-title-top\u00bb z_index=\u00bb\u00bb][vc_column][vc_column_text]<\/p>\n<h1 style=\"text-align: center;\">El labio leporino<\/h1>\n<p>[\/vc_column_text][\/vc_column][\/vc_row][vc_row css_animation=\u00bb\u00bb row_type=\u00bbrow\u00bb use_row_as_full_screen_section=\u00bbno\u00bb type=\u00bbgrid\u00bb angled_section=\u00bbno\u00bb text_align=\u00bbleft\u00bb background_image_as_pattern=\u00bbwithout_pattern\u00bb z_index=\u00bb\u00bb][vc_column][vc_column_text el_class=\u00bbcontent-style\u00bb]La fisura puede implicar el labio, si afecta solo un lado se denomina labio leporino unilateral (foto 1) si la fisura afecta ambos lados, entonces es un labio leporino bilateral (Foto 2). Puede haber tambi\u00e9n una fisura en la enc\u00eda. La nariz puede estar deformada, esto sucede m\u00e1s a menudo en las formas unilaterales que bilaterales. El labio leporino se repara en una sola operaci\u00f3n (<a href=\"https:\/\/www.fente-palatine.com\/es\/el-labio\/\">ver tratamiento, el labio<\/a>), si la nariz esta deformada se corrige en la misma operaci\u00f3n junto con el labio, despu\u00e9s de la operaci\u00f3n colocamos un conformador nasal que debe llevar durante algunos meses (<a href=\"https:\/\/www.fente-palatine.com\/es\/el-conformador-nasal\/\">ver el tratamiento, el conformador nasal<\/a>).<\/p>\n<p>En el labio leporino, no hay ning\u00fan problema de alimentaci\u00f3n. Se le puede dar el pecho. No hay trastornos en el habla, la fonaci\u00f3n es normal, el paladar y el velo no est\u00e1n afectados por la fisura. Pero puede haber anomal\u00edas de n\u00famero y forma de los dientes, los incisivos laterales en el lado de la fisura puede que falten o que est\u00e9n duplicados (ver los dientes)<br \/>\n[\/vc_column_text][\/vc_column][\/vc_row][vc_row css_animation=\u00bb\u00bb row_type=\u00bbrow\u00bb use_row_as_full_screen_section=\u00bbno\u00bb type=\u00bbfull_width\u00bb angled_section=\u00bbno\u00bb text_align=\u00bbleft\u00bb background_image_as_pattern=\u00bbwithout_pattern\u00bb background_color=\u00bb#f7f7f7&#8243; css=\u00bb.vc_custom_1522169813821{margin-top: 60px !important;padding-top: 30px !important;padding-bottom: 30px !important;}\u00bb z_index=\u00bb\u00bb][vc_column][vc_row_inner row_type=\u00bbrow\u00bb type=\u00bbgrid\u00bb text_align=\u00bbleft\u00bb css_animation=\u00bb\u00bb el_class=\u00bbrow-img-legende\u00bb][vc_column_inner width=\u00bb1\/3&#8243;][vc_single_image image=\u00bb16877&#8243; img_size=\u00bbfull\u00bb qode_css_animation=\u00bb\u00bb][vc_column_text]<strong>labio leporino<\/strong>[\/vc_column_text][\/vc_column_inner][vc_column_inner width=\u00bb1\/3&#8243;][vc_single_image image=\u00bb16881&#8243; img_size=\u00bbfull\u00bb qode_css_animation=\u00bb\u00bb][vc_column_text]<strong>labio leporino bilateral<\/strong>[\/vc_column_text][\/vc_column_inner][vc_column_inner width=\u00bb1\/3&#8243;][vc_single_image image=\u00bb16879&#8243; img_size=\u00bbfull\u00bb qode_css_animation=\u00bb\u00bb][vc_column_text]<strong>El labio leporino Sin Deformaci\u00f3n Nasal<\/strong>[\/vc_column_text][\/vc_column_inner][\/vc_row_inner][\/vc_column][\/vc_row]<\/p>\n","protected":false},"excerpt":{"rendered":"<p>[vc_row css_animation=\u00bb\u00bb row_type=\u00bbrow\u00bb use_row_as_full_screen_section=\u00bbno\u00bb type=\u00bbfull_width\u00bb angled_section=\u00bbno\u00bb text_align=\u00bbleft\u00bb background_image_as_pattern=\u00bbwithout_pattern\u00bb el_class=\u00bbbox-title-top\u00bb z_index=\u00bb\u00bb][vc_column][vc_column_text] El labio leporino [\/vc_column_text][\/vc_column][\/vc_row][vc_row css_animation=\u00bb\u00bb row_type=\u00bbrow\u00bb use_row_as_full_screen_section=\u00bbno\u00bb type=\u00bbgrid\u00bb angled_section=\u00bbno\u00bb text_align=\u00bbleft\u00bb background_image_as_pattern=\u00bbwithout_pattern\u00bb z_index=\u00bb\u00bb][vc_column][vc_column_text&#8230;<\/p>\n","protected":false},"author":3,"featured_media":0,"parent":15690,"menu_order":0,"comment_status":"open","ping_status":"open","template":"full_width.php","meta":{"_acf_changed":false,"footnotes":""},"class_list":["post-15706","page","type-page","status-publish","hentry"],"acf":[],"_links":{"self":[{"href":"https:\/\/www.fente-palatine.com\/es\/wp-json\/wp\/v2\/pages\/15706","targetHints":{"allow":["GET"]}}],"collection":[{"href":"https:\/\/www.fente-palatine.com\/es\/wp-json\/wp\/v2\/pages"}],"about":[{"href":"https:\/\/www.fente-palatine.com\/es\/wp-json\/wp\/v2\/types\/page"}],"author":[{"embeddable":true,"href":"https:\/\/www.fente-palatine.com\/es\/wp-json\/wp\/v2\/users\/3"}],"replies":[{"embeddable":true,"href":"https:\/\/www.fente-palatine.com\/es\/wp-json\/wp\/v2\/comments?post=15706"}],"version-history":[{"count":0,"href":"https:\/\/www.fente-palatine.com\/es\/wp-json\/wp\/v2\/pages\/15706\/revisions"}],"up":[{"embeddable":true,"href":"https:\/\/www.fente-palatine.com\/es\/wp-json\/wp\/v2\/pages\/15690"}],"wp:attachment":[{"href":"https:\/\/www.fente-palatine.com\/es\/wp-json\/wp\/v2\/media?parent=15706"}],"curies":[{"name":"wp","href":"https:\/\/api.w.org\/{rel}","templated":true}]}}