{"id":15710,"date":"2018-04-18T19:06:20","date_gmt":"2018-04-18T17:06:20","guid":{"rendered":"https:\/\/www.fente-palatine.com\/?page_id=15710"},"modified":"2019-03-19T16:33:10","modified_gmt":"2019-03-19T15:33:10","slug":"paladar-hendido","status":"publish","type":"page","link":"https:\/\/www.fente-palatine.com\/es\/15690-2\/paladar-hendido\/","title":{"rendered":"Paladar hendido"},"content":{"rendered":"<p>[vc_row css_animation=\u00bb\u00bb row_type=\u00bbrow\u00bb use_row_as_full_screen_section=\u00bbno\u00bb type=\u00bbfull_width\u00bb angled_section=\u00bbno\u00bb text_align=\u00bbleft\u00bb background_image_as_pattern=\u00bbwithout_pattern\u00bb el_class=\u00bbbox-title-top\u00bb z_index=\u00bb\u00bb][vc_column][vc_column_text]<\/p>\n<h1 style=\"text-align: center;\">Paladar hendido<\/h1>\n<p>[\/vc_column_text][\/vc_column][\/vc_row][vc_row css_animation=\u00bb\u00bb row_type=\u00bbrow\u00bb use_row_as_full_screen_section=\u00bbno\u00bb type=\u00bbgrid\u00bb angled_section=\u00bbno\u00bb text_align=\u00bbleft\u00bb background_image_as_pattern=\u00bbwithout_pattern\u00bb z_index=\u00bb\u00bb][vc_column][vc_column_text el_class=\u00bbcontent-style\u00bb]El paladar hendido, no es visible desde el exterior. Es por eso que a veces el diagn\u00f3stico no se puede hacer inmediatamente despu\u00e9s del nacimiento. Es debido a un fallo de la fusi\u00f3n entre las crestas palatinas hacia el 40avo d\u00eda del desarrollo embrionario.<\/p>\n<p>La fisura puede afectar a todo el paladar, es una fisura que afecta al paladar duro y blando, o s\u00f3lo la parte m\u00e1s posterior del paladar (foto 1), entonces es una fisura del velo palatino.<\/p>\n<p>El paladar hendido puede dejar pasar alimentos desde la boca hasta la nariz. La lactancia materna es dif\u00edcil, por lo general ineficaz ya que el ni\u00f1o aspira aire por la nariz. Se debe aconsejar un biber\u00f3n adecuado (<a href=\"https:\/\/www.fente-palatine.com\/es\/el-paladar\/\">ver el tratamiento el paladar<\/a>). Hay diferentes formas de paladar hendido, redondeado delante (foto 2), que da lugar al s\u00edndrome de Pierre Robin (<a href=\"https:\/\/www.fente-palatine.com\/es\/sindrome-de-pierre-robin\/\">ver tratamiento s\u00edndrome de Pierre Robin<\/a>).<\/p>\n<p>A veces la hendidura del paladar blando es incompleta, queda un poco de mucosa en el medio, pero no hay m\u00fasculo, se trata de una fisura del espacio que hay bajo la mucosa del velo (foto 3).<\/p>\n<p>A veces, en el paladar hendido no funciona bien la trompa de Eustaquio, esta es responsable de la otitis serosa. Es necesario poner unos drenajes timp\u00e1nicos (ver el o\u00eddo).<\/p>\n<p>Despu\u00e9s de la cirug\u00eda, realizada entre los 4 y 6 meses, es importante vigilar el habla y el crecimiento maxilar. Se hace un seguimiento regular de la terapia del habla, y si es necesario se recomienda (ver el habla). Se controla el crecimiento maxilar, el tratamiento de ortodoncia temprano puede estimular el crecimiento (ver los dientes).<\/p>\n<p>Si el habla es incorrecta entre los 4 y 6 a\u00f1os, a pesar de una buena terapia del habla, se propone una segunda cirug\u00eda, se trata de una faringoplastia. Puede corregir las fugas de aire por la nariz durante el habla.<br \/>\n[\/vc_column_text][\/vc_column][\/vc_row][vc_row css_animation=\u00bb\u00bb row_type=\u00bbrow\u00bb use_row_as_full_screen_section=\u00bbno\u00bb type=\u00bbfull_width\u00bb angled_section=\u00bbno\u00bb text_align=\u00bbleft\u00bb background_image_as_pattern=\u00bbwithout_pattern\u00bb background_color=\u00bb#f7f7f7&#8243; css=\u00bb.vc_custom_1522169813821{margin-top: 60px !important;padding-top: 30px !important;padding-bottom: 30px !important;}\u00bb z_index=\u00bb\u00bb][vc_column][vc_row_inner row_type=\u00bbrow\u00bb type=\u00bbgrid\u00bb text_align=\u00bbleft\u00bb css_animation=\u00bb\u00bb el_class=\u00bbrow-img-legende\u00bb][vc_column_inner width=\u00bb1\/3&#8243;][vc_single_image image=\u00bb16891&#8243; img_size=\u00bbfull\u00bb qode_css_animation=\u00bb\u00bb][vc_column_text]<strong>Bici del paladar hendido aislado<\/strong>[\/vc_column_text][\/vc_column_inner][vc_column_inner width=\u00bb1\/3&#8243;][vc_single_image image=\u00bb16889&#8243; img_size=\u00bbfull\u00bb qode_css_animation=\u00bb\u00bb][vc_column_text]<strong>Slit mucosa del velo<\/strong>[\/vc_column_text][\/vc_column_inner][vc_column_inner width=\u00bb1\/3&#8243;][vc_single_image image=\u00bb16893&#8243; img_size=\u00bbfull\u00bb qode_css_animation=\u00bb\u00bb][vc_column_text]<strong>Paladar hendido en arco romano (s\u00edndrome de piedra de robin)<\/strong>[\/vc_column_text][\/vc_column_inner][\/vc_row_inner][\/vc_column][\/vc_row]<\/p>\n","protected":false},"excerpt":{"rendered":"<p>[vc_row css_animation=\u00bb\u00bb row_type=\u00bbrow\u00bb use_row_as_full_screen_section=\u00bbno\u00bb type=\u00bbfull_width\u00bb angled_section=\u00bbno\u00bb text_align=\u00bbleft\u00bb background_image_as_pattern=\u00bbwithout_pattern\u00bb el_class=\u00bbbox-title-top\u00bb z_index=\u00bb\u00bb][vc_column][vc_column_text] Paladar hendido [\/vc_column_text][\/vc_column][\/vc_row][vc_row css_animation=\u00bb\u00bb row_type=\u00bbrow\u00bb use_row_as_full_screen_section=\u00bbno\u00bb type=\u00bbgrid\u00bb angled_section=\u00bbno\u00bb text_align=\u00bbleft\u00bb background_image_as_pattern=\u00bbwithout_pattern\u00bb z_index=\u00bb\u00bb][vc_column][vc_column_text el_class=\u00bbcontent-style\u00bb]El&#8230;<\/p>\n","protected":false},"author":3,"featured_media":0,"parent":15690,"menu_order":0,"comment_status":"open","ping_status":"open","template":"full_width.php","meta":{"_acf_changed":false,"footnotes":""},"class_list":["post-15710","page","type-page","status-publish","hentry"],"acf":[],"_links":{"self":[{"href":"https:\/\/www.fente-palatine.com\/es\/wp-json\/wp\/v2\/pages\/15710","targetHints":{"allow":["GET"]}}],"collection":[{"href":"https:\/\/www.fente-palatine.com\/es\/wp-json\/wp\/v2\/pages"}],"about":[{"href":"https:\/\/www.fente-palatine.com\/es\/wp-json\/wp\/v2\/types\/page"}],"author":[{"embeddable":true,"href":"https:\/\/www.fente-palatine.com\/es\/wp-json\/wp\/v2\/users\/3"}],"replies":[{"embeddable":true,"href":"https:\/\/www.fente-palatine.com\/es\/wp-json\/wp\/v2\/comments?post=15710"}],"version-history":[{"count":0,"href":"https:\/\/www.fente-palatine.com\/es\/wp-json\/wp\/v2\/pages\/15710\/revisions"}],"up":[{"embeddable":true,"href":"https:\/\/www.fente-palatine.com\/es\/wp-json\/wp\/v2\/pages\/15690"}],"wp:attachment":[{"href":"https:\/\/www.fente-palatine.com\/es\/wp-json\/wp\/v2\/media?parent=15710"}],"curies":[{"name":"wp","href":"https:\/\/api.w.org\/{rel}","templated":true}]}}