{"id":15712,"date":"2018-04-18T19:11:02","date_gmt":"2018-04-18T17:11:02","guid":{"rendered":"https:\/\/www.fente-palatine.com\/?page_id=15712"},"modified":"2019-06-10T12:57:12","modified_gmt":"2019-06-10T10:57:12","slug":"el-labio-leporino-y-paladar-hendido","status":"publish","type":"page","link":"https:\/\/www.fente-palatine.com\/es\/15690-2\/el-labio-leporino-y-paladar-hendido\/","title":{"rendered":"El labio leporino y paladar hendido"},"content":{"rendered":"<p>[vc_row css_animation=\u00bb\u00bb row_type=\u00bbrow\u00bb use_row_as_full_screen_section=\u00bbno\u00bb type=\u00bbfull_width\u00bb angled_section=\u00bbno\u00bb text_align=\u00bbleft\u00bb background_image_as_pattern=\u00bbwithout_pattern\u00bb el_class=\u00bbbox-title-top\u00bb z_index=\u00bb\u00bb][vc_column][vc_column_text]<\/p>\n<h1 style=\"text-align: center;\">El labio leporino y paladar hendido<\/h1>\n<p>[\/vc_column_text][\/vc_column][\/vc_row][vc_row css_animation=\u00bb\u00bb row_type=\u00bbrow\u00bb use_row_as_full_screen_section=\u00bbno\u00bb type=\u00bbgrid\u00bb angled_section=\u00bbno\u00bb text_align=\u00bbleft\u00bb background_image_as_pattern=\u00bbwithout_pattern\u00bb z_index=\u00bb\u00bb][vc_column][vc_column_text el_class=\u00bbcontent-style\u00bb]Los puntos faciales que forman el labio y las crestas palatinas las cuales tienen que formar el paladar no se han soldado durante la embriog\u00e9nesis. La fisura afecta al labio, al paladar y las enc\u00edas. Pero a veces tambi\u00e9n podemos encontrar la enc\u00eda intacta, sin estar abierta.<\/p>\n<p>El labio leporino puede ser ancho, dependiendo de este afectara o no a la falta de hueso. Son los m\u00fasculos que han separado los bordes. El labio leporino y el paladar hendido pueden ser unilateral (foto 1) o bilateral (Fig. 2). A menudo podemos encontrar la nariz deformada, sobre todo cuando la fisura es unilateral, pero se puede reparar completamente por medio de cirug\u00eda. Cuando la fisura afecta la enc\u00eda, el incisivo lateral puede faltar o estar duplicado.<\/p>\n<p>La comunicaci\u00f3n entre la boca y la nariz, asociada con el paladar hendido interfiere con la alimentaci\u00f3n. Nosotros ponemos una placa palatina de resina para facilitar la toma del biber\u00f3n.<\/p>\n<p>El labio y la nariz se operan durante el primer mes de vida en una sola operaci\u00f3n (<a href=\"https:\/\/www.fente-palatine.com\/es\/el-labio\/\">ver el tratamiento el labio<\/a>), el paladar se cierra en una segunda cirug\u00eda a la edad de 6 meses (<a href=\"https:\/\/www.fente-palatine.com\/es\/el-paladar\/\">ver el tratamiento el paladar<\/a>).[\/vc_column_text][\/vc_column][\/vc_row][vc_row css_animation=\u00bb\u00bb row_type=\u00bbrow\u00bb use_row_as_full_screen_section=\u00bbno\u00bb type=\u00bbfull_width\u00bb angled_section=\u00bbno\u00bb text_align=\u00bbleft\u00bb background_image_as_pattern=\u00bbwithout_pattern\u00bb background_color=\u00bb#f7f7f7&#8243; css=\u00bb.vc_custom_1522169813821{margin-top: 60px !important;padding-top: 30px !important;padding-bottom: 30px !important;}\u00bb z_index=\u00bb\u00bb][vc_column][vc_row_inner row_type=\u00bbrow\u00bb type=\u00bbgrid\u00bb text_align=\u00bbleft\u00bb css_animation=\u00bb\u00bb el_class=\u00bbrow-img-legende\u00bb][vc_column_inner width=\u00bb1\/3&#8243;][vc_single_image image=\u00bb16883&#8243; img_size=\u00bbfull\u00bb qode_css_animation=\u00bb\u00bb][vc_column_text]<strong>El labio leporino y paladar hendido bilateral<\/strong>[\/vc_column_text][\/vc_column_inner][vc_column_inner width=\u00bb1\/3&#8243;][vc_single_image image=\u00bb16887&#8243; img_size=\u00bbfull\u00bb qode_css_animation=\u00bb\u00bb][vc_column_text]<strong>El labio leporino y paladar hendido Bilateral asim\u00e9trica<\/strong>[\/vc_column_text][\/vc_column_inner][vc_column_inner width=\u00bb1\/3&#8243;][vc_single_image image=\u00bb16885&#8243; img_size=\u00bbfull\u00bb qode_css_animation=\u00bb\u00bb][vc_column_text]<strong>El labio leporino y paladar hendido unilateral<\/strong>[\/vc_column_text][\/vc_column_inner][\/vc_row_inner][\/vc_column][\/vc_row]<\/p>\n","protected":false},"excerpt":{"rendered":"<p>[vc_row css_animation=\u00bb\u00bb row_type=\u00bbrow\u00bb use_row_as_full_screen_section=\u00bbno\u00bb type=\u00bbfull_width\u00bb angled_section=\u00bbno\u00bb text_align=\u00bbleft\u00bb background_image_as_pattern=\u00bbwithout_pattern\u00bb el_class=\u00bbbox-title-top\u00bb z_index=\u00bb\u00bb][vc_column][vc_column_text] El labio leporino y paladar hendido [\/vc_column_text][\/vc_column][\/vc_row][vc_row css_animation=\u00bb\u00bb row_type=\u00bbrow\u00bb use_row_as_full_screen_section=\u00bbno\u00bb type=\u00bbgrid\u00bb angled_section=\u00bbno\u00bb&#8230;<\/p>\n","protected":false},"author":3,"featured_media":0,"parent":15690,"menu_order":0,"comment_status":"open","ping_status":"open","template":"full_width.php","meta":{"_acf_changed":false,"footnotes":""},"class_list":["post-15712","page","type-page","status-publish","hentry"],"acf":[],"_links":{"self":[{"href":"https:\/\/www.fente-palatine.com\/es\/wp-json\/wp\/v2\/pages\/15712","targetHints":{"allow":["GET"]}}],"collection":[{"href":"https:\/\/www.fente-palatine.com\/es\/wp-json\/wp\/v2\/pages"}],"about":[{"href":"https:\/\/www.fente-palatine.com\/es\/wp-json\/wp\/v2\/types\/page"}],"author":[{"embeddable":true,"href":"https:\/\/www.fente-palatine.com\/es\/wp-json\/wp\/v2\/users\/3"}],"replies":[{"embeddable":true,"href":"https:\/\/www.fente-palatine.com\/es\/wp-json\/wp\/v2\/comments?post=15712"}],"version-history":[{"count":0,"href":"https:\/\/www.fente-palatine.com\/es\/wp-json\/wp\/v2\/pages\/15712\/revisions"}],"up":[{"embeddable":true,"href":"https:\/\/www.fente-palatine.com\/es\/wp-json\/wp\/v2\/pages\/15690"}],"wp:attachment":[{"href":"https:\/\/www.fente-palatine.com\/es\/wp-json\/wp\/v2\/media?parent=15712"}],"curies":[{"name":"wp","href":"https:\/\/api.w.org\/{rel}","templated":true}]}}