{"id":15714,"date":"2018-04-18T19:13:54","date_gmt":"2018-04-18T17:13:54","guid":{"rendered":"https:\/\/www.fente-palatine.com\/?page_id=15714"},"modified":"2019-03-19T16:35:02","modified_gmt":"2019-03-19T15:35:02","slug":"embriologia","status":"publish","type":"page","link":"https:\/\/www.fente-palatine.com\/es\/embriologia\/","title":{"rendered":"Embriolog\u00eda"},"content":{"rendered":"<p>[vc_row css_animation=\u00bb\u00bb row_type=\u00bbrow\u00bb use_row_as_full_screen_section=\u00bbno\u00bb type=\u00bbfull_width\u00bb angled_section=\u00bbno\u00bb text_align=\u00bbleft\u00bb background_image_as_pattern=\u00bbwithout_pattern\u00bb el_class=\u00bbbox-title-top\u00bb z_index=\u00bb\u00bb][vc_column][vc_column_text]<\/p>\n<h1 style=\"text-align: center;\">Embriolog\u00eda<\/h1>\n<p>[\/vc_column_text][\/vc_column][\/vc_row][vc_row css_animation=\u00bb\u00bb row_type=\u00bbrow\u00bb use_row_as_full_screen_section=\u00bbno\u00bb type=\u00bbgrid\u00bb angled_section=\u00bbno\u00bb text_align=\u00bbleft\u00bb background_image_as_pattern=\u00bbwithout_pattern\u00bb z_index=\u00bb\u00bb][vc_column][vc_column_text el_class=\u00bbcontent-style\u00bb]El labio leporino y paladar hendido son malformaciones cong\u00e9nitas, es decir, registradas al nacer. En la formaci\u00f3n de la cara del ni\u00f1o, se encuentran tres puntos y se fusionan bajo la nariz para formar el labio superior. Esta fusi\u00f3n del los puntos faciales tiene lugar al final del primer mes de embarazo hacia el d\u00eda 36. A veces, la fusi\u00f3n no se produce y queda la fisura entre los puntos, si este defecto afecta a un solo lado, la fisura es unilateral, que afecta a ambos lados, la fisura es bilateral.<\/p>\n<p>Para el paladar, dos crestas se reducen, se acercan y se unen en el centro, hacia el d\u00eda 40. Este cierre se produce progresivamente a partir de adelante hacia atr\u00e1s para formar la campanilla en el extremo posterior. El fracaso de la fusi\u00f3n entre estas dos capas provoca el paladar hendido.<\/p>\n<p>La verdadera causa del fracaso de la fusi\u00f3n entre los puntos a\u00fan no se sabe realmente. Probablemente sea de origen gen\u00e9tico, los equipos de EE.UU. han identificado los genes m\u00e1s frecuentes en los de las fisuras (Nature Genetics, mayo de 2010). Pero est\u00e1 demostrado los casos de paladar hendido asociado a otras malformaciones, s\u00edndrome de Van der Woude, por ejemplo. El tabaco, los medicamentos (antiepil\u00e9pticos) tomados por la madre, tambi\u00e9n pueden ser responsables de la aparici\u00f3n de una fisura en el beb\u00e9. [\/vc_column_text][\/vc_column][\/vc_row][vc_row css_animation=\u00bb\u00bb row_type=\u00bbrow\u00bb use_row_as_full_screen_section=\u00bbno\u00bb type=\u00bbfull_width\u00bb angled_section=\u00bbno\u00bb text_align=\u00bbleft\u00bb background_image_as_pattern=\u00bbwithout_pattern\u00bb background_color=\u00bb#f7f7f7&#8243; css=\u00bb.vc_custom_1522169813821{margin-top: 60px !important;padding-top: 30px !important;padding-bottom: 30px !important;}\u00bb z_index=\u00bb\u00bb][vc_column][vc_row_inner row_type=\u00bbrow\u00bb type=\u00bbgrid\u00bb text_align=\u00bbleft\u00bb css_animation=\u00bb\u00bb el_class=\u00bbrow-img-legende\u00bb][vc_column_inner width=\u00bb1\/3&#8243;][vc_single_image image=\u00bb16867&#8243; img_size=\u00bbfull\u00bb qode_css_animation=\u00bb\u00bb][vc_column_text]<strong>Fracaso del cierre bilateral al comienzo de la fusi\u00f3n bilateral bilateral del paladar hendido<\/strong>[\/vc_column_text][\/vc_column_inner][vc_column_inner width=\u00bb1\/3&#8243;][vc_single_image image=\u00bb16865&#8243; img_size=\u00bbfull\u00bb qode_css_animation=\u00bb\u00bb][vc_column_text]<strong>Fracaso de cierre al comienzo de la fisura del paladar hendido labio total unilateral<\/strong>[\/vc_column_text][\/vc_column_inner][vc_column_inner width=\u00bb1\/3&#8243;][vc_single_image image=\u00bb16869&#8243; img_size=\u00bbfull\u00bb qode_css_animation=\u00bb\u00bb][vc_column_text]<strong>defecto de cierre al final del labio hendido aislado de fusi\u00f3n<\/strong>[\/vc_column_text][\/vc_column_inner][\/vc_row_inner][\/vc_column][\/vc_row]<\/p>\n","protected":false},"excerpt":{"rendered":"<p>[vc_row css_animation=\u00bb\u00bb row_type=\u00bbrow\u00bb use_row_as_full_screen_section=\u00bbno\u00bb type=\u00bbfull_width\u00bb angled_section=\u00bbno\u00bb text_align=\u00bbleft\u00bb background_image_as_pattern=\u00bbwithout_pattern\u00bb el_class=\u00bbbox-title-top\u00bb z_index=\u00bb\u00bb][vc_column][vc_column_text] Embriolog\u00eda [\/vc_column_text][\/vc_column][\/vc_row][vc_row css_animation=\u00bb\u00bb row_type=\u00bbrow\u00bb use_row_as_full_screen_section=\u00bbno\u00bb type=\u00bbgrid\u00bb angled_section=\u00bbno\u00bb text_align=\u00bbleft\u00bb background_image_as_pattern=\u00bbwithout_pattern\u00bb z_index=\u00bb\u00bb][vc_column][vc_column_text el_class=\u00bbcontent-style\u00bb]El labio&#8230;<\/p>\n","protected":false},"author":3,"featured_media":0,"parent":0,"menu_order":0,"comment_status":"open","ping_status":"open","template":"full_width.php","meta":{"_acf_changed":false,"footnotes":""},"class_list":["post-15714","page","type-page","status-publish","hentry"],"acf":[],"_links":{"self":[{"href":"https:\/\/www.fente-palatine.com\/es\/wp-json\/wp\/v2\/pages\/15714","targetHints":{"allow":["GET"]}}],"collection":[{"href":"https:\/\/www.fente-palatine.com\/es\/wp-json\/wp\/v2\/pages"}],"about":[{"href":"https:\/\/www.fente-palatine.com\/es\/wp-json\/wp\/v2\/types\/page"}],"author":[{"embeddable":true,"href":"https:\/\/www.fente-palatine.com\/es\/wp-json\/wp\/v2\/users\/3"}],"replies":[{"embeddable":true,"href":"https:\/\/www.fente-palatine.com\/es\/wp-json\/wp\/v2\/comments?post=15714"}],"version-history":[{"count":0,"href":"https:\/\/www.fente-palatine.com\/es\/wp-json\/wp\/v2\/pages\/15714\/revisions"}],"wp:attachment":[{"href":"https:\/\/www.fente-palatine.com\/es\/wp-json\/wp\/v2\/media?parent=15714"}],"curies":[{"name":"wp","href":"https:\/\/api.w.org\/{rel}","templated":true}]}}