{"id":15719,"date":"2018-04-18T19:30:57","date_gmt":"2018-04-18T17:30:57","guid":{"rendered":"https:\/\/www.fente-palatine.com\/?page_id=15719"},"modified":"2019-03-19T16:35:36","modified_gmt":"2019-03-19T15:35:36","slug":"ecografia-3d","status":"publish","type":"page","link":"https:\/\/www.fente-palatine.com\/es\/ecografia\/ecografia-3d\/","title":{"rendered":"Ecograf\u00eda 3D"},"content":{"rendered":"<p>[vc_row css_animation=\u00bb\u00bb row_type=\u00bbrow\u00bb use_row_as_full_screen_section=\u00bbno\u00bb type=\u00bbfull_width\u00bb angled_section=\u00bbno\u00bb text_align=\u00bbleft\u00bb background_image_as_pattern=\u00bbwithout_pattern\u00bb el_class=\u00bbbox-title-top\u00bb z_index=\u00bb\u00bb][vc_column][vc_column_text]<\/p>\n<h1 style=\"text-align: center;\">Ecograf\u00eda 3D<\/h1>\n<p>[\/vc_column_text][\/vc_column][\/vc_row][vc_row css_animation=\u00bb\u00bb row_type=\u00bbrow\u00bb use_row_as_full_screen_section=\u00bbno\u00bb type=\u00bbgrid\u00bb angled_section=\u00bbno\u00bb text_align=\u00bbleft\u00bb background_image_as_pattern=\u00bbwithout_pattern\u00bb z_index=\u00bb\u00bb][vc_column][vc_column_text el_class=\u00bbcontent-style\u00bb]A lo largo del embarazo, se realizar\u00e1n varias ecograf\u00edas para hacer un seguimiento del desarrollo del beb\u00e9, conocer la edad del feto o prever la fecha de nacimiento. Estas ecograf\u00edas permiten igualmente detectar anomal\u00edas o malformaciones del feto, tales como los labios leporinos.<\/p>\n<p>La ecograf\u00eda en 3D permite obtener una imagen en relieve del feto y al mismo tiempo tener una visi\u00f3n global del beb\u00e9. De hecho, este tipo de ecograf\u00eda da una imagen precisa de la cara del beb\u00e9. Se trata de un verdadero retrato del beb\u00e9 en el \u00fatero. Si existe una malformaci\u00f3n de la cara, puede ser perfectamente analizada. La imagen tridimensional corresponde perfectamente a lo que se ver\u00e1 en el nacimiento, no habr\u00e1 un empeoramiento en comparaci\u00f3n con el diagn\u00f3stico prenatal.<\/p>\n<p>Al igual que para la ecograf\u00eda en 2D, ser\u00e1 dif\u00edcil de detectar la presencia de un paladar hendido, que no es visible desde el exterior.[\/vc_column_text][\/vc_column][\/vc_row][vc_row css_animation=\u00bb\u00bb row_type=\u00bbrow\u00bb use_row_as_full_screen_section=\u00bbno\u00bb type=\u00bbfull_width\u00bb angled_section=\u00bbno\u00bb text_align=\u00bbleft\u00bb background_image_as_pattern=\u00bbwithout_pattern\u00bb el_class=\u00bbslider-echographie\u00bb z_index=\u00bb\u00bb][vc_column]\n\t\t\t<!-- START Slider Eco3D  ES REVOLUTION SLIDER 6.2.1 --><p class=\"rs-p-wp-fix\"><\/p>\n\t\t\t<rs-module-wrap id=\"rev_slider_18_1_wrapper\" data-source=\"gallery\" style=\"background:transparent;padding:0;margin:0px auto;margin-top:0;margin-bottom:0;max-width:\">\n\t\t\t\t<rs-module id=\"rev_slider_18_1\" style=\"display:none;\" data-version=\"6.2.1\">\n\t\t\t\t\t<rs-slides>\n\t\t\t\t\t\t<rs-slide data-key=\"rs-43\" data-title=\"Slide\" data-thumb=\"\/\/www.fente-palatine.com\/wp-content\/uploads\/2018\/03\/bg-100x50.jpg\" data-anim=\"ei:d;eo:d;s:480;r:0;t:slidehorizontal;sl:d;\">\n\t\t\t\t\t\t\t<img decoding=\"async\" src=\"\/\/www.fente-palatine.com\/wp-content\/uploads\/2018\/03\/bg.jpg\" title=\"Ecograf\u00eda 3D\" class=\"rev-slidebg\" data-no-retina>\n<!--\n\t\t\t\t\t\t\t--><rs-layer\n\t\t\t\t\t\t\t\tid=\"slider-18-slide-43-layer-1\" \n\t\t\t\t\t\t\t\tdata-type=\"text\"\n\t\t\t\t\t\t\t\tdata-color=\"#3f3f3f\"\n\t\t\t\t\t\t\t\tdata-rsp_ch=\"on\"\n\t\t\t\t\t\t\t\tdata-xy=\"xo:40px,40px,40px,36px;yo:112px,112px,112px,36px;\"\n\t\t\t\t\t\t\t\tdata-text=\"s:29;l:22;ls:3px;fw:700;a:inherit;\"\n\t\t\t\t\t\t\t\tdata-frame_0=\"x:-50px;tp:600;\"\n\t\t\t\t\t\t\t\tdata-frame_1=\"tp:600;e:power0.inOut;sp:950;sR:10;\"\n\t\t\t\t\t\t\t\tdata-frame_999=\"o:0;tp:600;st:w;sR:8039.9996948242;\"\n\t\t\t\t\t\t\t\tstyle=\"z-index:5;font-family:playfair;\"\n\t\t\t\t\t\t\t>ECOGRAF\u00cdA 3D : \n\t\t\t\t\t\t\t<\/rs-layer><!--\n\n\t\t\t\t\t\t\t--><rs-layer\n\t\t\t\t\t\t\t\tid=\"slider-18-slide-43-layer-2\" \n\t\t\t\t\t\t\t\tdata-type=\"text\"\n\t\t\t\t\t\t\t\tdata-color=\"#5c5d5e\"\n\t\t\t\t\t\t\t\tdata-rsp_ch=\"on\"\n\t\t\t\t\t\t\t\tdata-xy=\"xo:212px,212px,209px,210px;yo:147px,147px,147px,74px;\"\n\t\t\t\t\t\t\t\tdata-text=\"s:18;l:22;fw:300;a:inherit;\"\n\t\t\t\t\t\t\t\tdata-frame_0=\"x:50px;tp:600;\"\n\t\t\t\t\t\t\t\tdata-frame_1=\"tp:600;st:0;sp:950;\"\n\t\t\t\t\t\t\t\tdata-frame_999=\"o:0;tp:600;st:w;sp:0;sR:8049.9996948242;\"\n\t\t\t\t\t\t\t\tstyle=\"z-index:6;font-family:Lato;\"\n\t\t\t\t\t\t\t>Ecograf\u00eda normal \n\t\t\t\t\t\t\t<\/rs-layer><!--\n\n\t\t\t\t\t\t\t--><rs-layer\n\t\t\t\t\t\t\t\tid=\"slider-18-slide-43-layer-3\" \n\t\t\t\t\t\t\t\tdata-type=\"text\"\n\t\t\t\t\t\t\t\tdata-color=\"#9d5796\"\n\t\t\t\t\t\t\t\tdata-rsp_ch=\"on\"\n\t\t\t\t\t\t\t\tdata-xy=\"x:l,l,c,c;xo:505px,505px,-94px,-70px;yo:227px,227px,468px,333px;\"\n\t\t\t\t\t\t\t\tdata-text=\"s:15,15,23,23;l:22;fw:700;a:inherit;\"\n\t\t\t\t\t\t\t\tdata-frame_0=\"x:right;o:1;tp:600;\"\n\t\t\t\t\t\t\t\tdata-frame_1=\"tp:600;e:power3.out;st:0;sp:800;\"\n\t\t\t\t\t\t\t\tdata-frame_999=\"o:0;tp:600;st:w;sR:8199.9996948242;\"\n\t\t\t\t\t\t\t\tstyle=\"z-index:7;font-family:Lato;\"\n\t\t\t\t\t\t\t>Ecograf\u00eda en tres dimensiones<br>\nFrente \n\t\t\t\t\t\t\t<\/rs-layer><!--\n\n\t\t\t\t\t\t\t--><rs-layer\n\t\t\t\t\t\t\t\tid=\"slider-18-slide-43-layer-4\" \n\t\t\t\t\t\t\t\tdata-type=\"image\"\n\t\t\t\t\t\t\t\tdata-rsp_ch=\"on\"\n\t\t\t\t\t\t\t\tdata-xy=\"x:l,l,c,c;xo:493px,493px,0,0;yo:58px,58px,204px,107px;\"\n\t\t\t\t\t\t\t\tdata-text=\"l:22;a:inherit;\"\n\t\t\t\t\t\t\t\tdata-dim=\"w:322px,322px,403px,352px;h:136px,136px,245px,214px;\"\n\t\t\t\t\t\t\t\tdata-frame_0=\"x:right;o:1;tp:600;\"\n\t\t\t\t\t\t\t\tdata-frame_1=\"tp:600;e:power3.out;st:0;sp:800;\"\n\t\t\t\t\t\t\t\tdata-frame_999=\"o:0;tp:600;st:w;sR:8199.9996948242;\"\n\t\t\t\t\t\t\t\tstyle=\"z-index:8;\"\n\t\t\t\t\t\t\t><img decoding=\"async\" src=\"\/\/www.fente-palatine.com\/wp-content\/uploads\/2018\/07\/fente-palatine-3D-2nd-slide-es.png\" alt=\"Ecograf\u00eda 3D y diagn\u00f3stico de una fisura palatina| Fisuras Labiopalatinas\" width=\"322\" height=\"136\" data-no-retina> \n\t\t\t\t\t\t\t<\/rs-layer><!--\n\n\t\t\t\t\t\t\t--><rs-layer\n\t\t\t\t\t\t\t\tid=\"slider-18-slide-43-layer-8\" \n\t\t\t\t\t\t\t\tclass=\"tp-shape tp-shapewrapper\"\n\t\t\t\t\t\t\t\tdata-type=\"shape\"\n\t\t\t\t\t\t\t\tdata-rsp_ch=\"on\"\n\t\t\t\t\t\t\t\tdata-xy=\"x:l,l,c,c;xo:493px,493px,-200px,-175px;yo:219px,219px,460px,328px;\"\n\t\t\t\t\t\t\t\tdata-text=\"fw:700;a:inherit;\"\n\t\t\t\t\t\t\t\tdata-dim=\"w:2px;h:60px;\"\n\t\t\t\t\t\t\t\tdata-frame_0=\"x:right;o:1;tp:600;\"\n\t\t\t\t\t\t\t\tdata-frame_1=\"tp:600;e:power3.out;st:0;sp:800;\"\n\t\t\t\t\t\t\t\tdata-frame_999=\"o:0;tp:600;st:w;sR:8199.9996948242;\"\n\t\t\t\t\t\t\t\tstyle=\"z-index:9;background-color:#9d5796;\"\n\t\t\t\t\t\t\t> \n\t\t\t\t\t\t\t<\/rs-layer><!--\n-->\t\t\t\t\t\t<\/rs-slide>\n\t\t\t\t\t\t<rs-slide data-key=\"rs-44\" data-title=\"Slide\" data-thumb=\"\/\/www.fente-palatine.com\/wp-content\/uploads\/2018\/03\/bg-100x50.jpg\" data-anim=\"ei:d;eo:d;s:480;r:0;t:slidehorizontal;sl:d;\">\n\t\t\t\t\t\t\t<img decoding=\"async\" src=\"\/\/www.fente-palatine.com\/wp-content\/uploads\/2018\/03\/bg.jpg\" title=\"Ecograf\u00eda 3D\" class=\"rev-slidebg\" data-no-retina>\n<!--\n\t\t\t\t\t\t\t--><rs-layer\n\t\t\t\t\t\t\t\tid=\"slider-18-slide-44-layer-1\" \n\t\t\t\t\t\t\t\tdata-type=\"text\"\n\t\t\t\t\t\t\t\tdata-color=\"#3f3f3f\"\n\t\t\t\t\t\t\t\tdata-rsp_ch=\"on\"\n\t\t\t\t\t\t\t\tdata-xy=\"xo:40px,40px,40px,36px;yo:112px,112px,112px,36px;\"\n\t\t\t\t\t\t\t\tdata-text=\"s:29;l:22;ls:3px;fw:700;a:inherit;\"\n\t\t\t\t\t\t\t\tdata-frame_0=\"x:-50px;tp:600;\"\n\t\t\t\t\t\t\t\tdata-frame_1=\"tp:600;e:power0.inOut;sp:950;sR:10;\"\n\t\t\t\t\t\t\t\tdata-frame_999=\"o:0;tp:600;st:w;sR:8039.9996948242;\"\n\t\t\t\t\t\t\t\tstyle=\"z-index:5;font-family:playfair;\"\n\t\t\t\t\t\t\t>ECOGRAF\u00cdA 3D : \n\t\t\t\t\t\t\t<\/rs-layer><!--\n\n\t\t\t\t\t\t\t--><rs-layer\n\t\t\t\t\t\t\t\tid=\"slider-18-slide-44-layer-2\" \n\t\t\t\t\t\t\t\tdata-type=\"text\"\n\t\t\t\t\t\t\t\tdata-color=\"#5c5d5e\"\n\t\t\t\t\t\t\t\tdata-rsp_ch=\"on\"\n\t\t\t\t\t\t\t\tdata-xy=\"xo:212px,212px,212px,213px;yo:147px,147px,147px,75px;\"\n\t\t\t\t\t\t\t\tdata-text=\"s:18;l:22;fw:300;a:inherit;\"\n\t\t\t\t\t\t\t\tdata-frame_0=\"x:50px;tp:600;\"\n\t\t\t\t\t\t\t\tdata-frame_1=\"tp:600;st:0;sp:950;\"\n\t\t\t\t\t\t\t\tdata-frame_999=\"o:0;tp:600;st:w;sp:0;sR:8049.9996948242;\"\n\t\t\t\t\t\t\t\tstyle=\"z-index:6;font-family:Lato;\"\n\t\t\t\t\t\t\t>Diagn\u00f3stico de labio leporino \n\t\t\t\t\t\t\t<\/rs-layer><!--\n\n\t\t\t\t\t\t\t--><rs-layer\n\t\t\t\t\t\t\t\tid=\"slider-18-slide-44-layer-3\" \n\t\t\t\t\t\t\t\tdata-type=\"text\"\n\t\t\t\t\t\t\t\tdata-color=\"#9d5796\"\n\t\t\t\t\t\t\t\tdata-rsp_ch=\"on\"\n\t\t\t\t\t\t\t\tdata-xy=\"x:l,l,c,c;xo:505px,505px,-94px,-70px;yo:227px,227px,468px,333px;\"\n\t\t\t\t\t\t\t\tdata-text=\"s:15,15,23,23;l:22;fw:700;a:inherit;\"\n\t\t\t\t\t\t\t\tdata-frame_0=\"x:right;o:1;tp:600;\"\n\t\t\t\t\t\t\t\tdata-frame_1=\"tp:600;e:power3.out;st:0;sp:800;\"\n\t\t\t\t\t\t\t\tdata-frame_999=\"o:0;tp:600;st:w;sR:8199.9996948242;\"\n\t\t\t\t\t\t\t\tstyle=\"z-index:7;font-family:Lato;\"\n\t\t\t\t\t\t\t>Ecograf\u00eda en tres dimensiones <br>\nEl labio leporino \n\t\t\t\t\t\t\t<\/rs-layer><!--\n\n\t\t\t\t\t\t\t--><rs-layer\n\t\t\t\t\t\t\t\tid=\"slider-18-slide-44-layer-4\" \n\t\t\t\t\t\t\t\tdata-type=\"image\"\n\t\t\t\t\t\t\t\tdata-rsp_ch=\"on\"\n\t\t\t\t\t\t\t\tdata-xy=\"x:l,l,c,c;xo:493px,493px,0,0;yo:58px,58px,204px,107px;\"\n\t\t\t\t\t\t\t\tdata-text=\"l:22;a:inherit;\"\n\t\t\t\t\t\t\t\tdata-dim=\"w:322px,322px,403px,352px;h:136px,136px,245px,214px;\"\n\t\t\t\t\t\t\t\tdata-frame_0=\"x:right;o:1;tp:600;\"\n\t\t\t\t\t\t\t\tdata-frame_1=\"tp:600;e:power3.out;st:0;sp:800;\"\n\t\t\t\t\t\t\t\tdata-frame_999=\"o:0;tp:600;st:w;sR:8199.9996948242;\"\n\t\t\t\t\t\t\t\tstyle=\"z-index:8;\"\n\t\t\t\t\t\t\t><img decoding=\"async\" src=\"\/\/www.fente-palatine.com\/wp-content\/uploads\/2018\/07\/fente-palatine-3D-1st-Slide-es.png\" alt=\"Ecograf\u00eda 3D y detecci\u00f3n del labio leporino | Fisuras labiopalatinas\" width=\"322\" height=\"136\" data-no-retina> \n\t\t\t\t\t\t\t<\/rs-layer><!--\n\n\t\t\t\t\t\t\t--><rs-layer\n\t\t\t\t\t\t\t\tid=\"slider-18-slide-44-layer-8\" \n\t\t\t\t\t\t\t\tclass=\"tp-shape tp-shapewrapper\"\n\t\t\t\t\t\t\t\tdata-type=\"shape\"\n\t\t\t\t\t\t\t\tdata-rsp_ch=\"on\"\n\t\t\t\t\t\t\t\tdata-xy=\"x:l,l,c,c;xo:493px,493px,-200px,-175px;yo:219px,219px,460px,328px;\"\n\t\t\t\t\t\t\t\tdata-text=\"fw:700;a:inherit;\"\n\t\t\t\t\t\t\t\tdata-dim=\"w:2px;h:60px;\"\n\t\t\t\t\t\t\t\tdata-frame_0=\"x:right;o:1;tp:600;\"\n\t\t\t\t\t\t\t\tdata-frame_1=\"tp:600;e:power3.out;st:0;sp:800;\"\n\t\t\t\t\t\t\t\tdata-frame_999=\"o:0;tp:600;st:w;sR:8199.9996948242;\"\n\t\t\t\t\t\t\t\tstyle=\"z-index:9;background-color:#9d5796;\"\n\t\t\t\t\t\t\t> \n\t\t\t\t\t\t\t<\/rs-layer><!--\n-->\t\t\t\t\t\t<\/rs-slide>\n\t\t\t\t\t<\/rs-slides>\n\t\t\t\t\t<rs-progress class=\"rs-bottom\" style=\"visibility: hidden !important;\"><\/rs-progress>\n\t\t\t\t<\/rs-module>\n\t\t\t\t<script type=\"text\/javascript\">\n\t\t\t\t\tsetREVStartSize({c: 'rev_slider_18_1',rl:[1240,1240,778,480],el:[],gw:[1240,1240,778,480],gh:[420,420,960,720],type:'standard',justify:'',layout:'fullwidth',mh:\"0\"});\n\t\t\t\t\tvar\trevapi18,\n\t\t\t\t\t\ttpj;\n\t\t\t\t\tjQuery(function() {\n\t\t\t\t\t\ttpj = jQuery;\n\t\t\t\t\t\tif(tpj(\"#rev_slider_18_1\").revolution == undefined){\n\t\t\t\t\t\t\trevslider_showDoubleJqueryError(\"#rev_slider_18_1\");\n\t\t\t\t\t\t}else{\n\t\t\t\t\t\t\trevapi18 = tpj(\"#rev_slider_18_1\").show().revolution({\n\t\t\t\t\t\t\t\tjsFileLocation:\"\/\/www.fente-palatine.com\/wp-content\/plugins\/revslider\/public\/assets\/js\/\",\n\t\t\t\t\t\t\t\tvisibilityLevels:\"1240,1240,778,480\",\n\t\t\t\t\t\t\t\tgridwidth:\"1240,1240,778,480\",\n\t\t\t\t\t\t\t\tgridheight:\"420,420,960,720\",\n\t\t\t\t\t\t\t\tspinner:\"spinner0\",\n\t\t\t\t\t\t\t\tresponsiveLevels:\"1240,1240,778,480\",\n\t\t\t\t\t\t\t\tdisableProgressBar:\"on\",\n\t\t\t\t\t\t\t\tnavigation: {\n\t\t\t\t\t\t\t\t\tmouseScrollNavigation:false,\n\t\t\t\t\t\t\t\t\tonHoverStop:false,\n\t\t\t\t\t\t\t\t\ttouch: {\n\t\t\t\t\t\t\t\t\t\ttouchenabled:true\n\t\t\t\t\t\t\t\t\t},\n\t\t\t\t\t\t\t\t\tarrows: {\n\t\t\t\t\t\t\t\t\t\tenable:true,\n\t\t\t\t\t\t\t\t\t\tstyle:\"custom\",\n\t\t\t\t\t\t\t\t\t\tleft: {\n\n\t\t\t\t\t\t\t\t\t\t},\n\t\t\t\t\t\t\t\t\t\tright: {\n\n\t\t\t\t\t\t\t\t\t\t}\n\t\t\t\t\t\t\t\t\t},\n\t\t\t\t\t\t\t\t\tbullets: {\n\t\t\t\t\t\t\t\t\t\tenable:true,\n\t\t\t\t\t\t\t\t\t\ttmp:\"\",\n\t\t\t\t\t\t\t\t\t\tstyle:\"hermes\"\n\t\t\t\t\t\t\t\t\t}\n\t\t\t\t\t\t\t\t},\n\t\t\t\t\t\t\t\tfallbacks: {\n\t\t\t\t\t\t\t\t\tallowHTML5AutoPlayOnAndroid:true\n\t\t\t\t\t\t\t\t},\n\t\t\t\t\t\t\t});\n\t\t\t\t\t\t}\n\t\t\t\t\t\t\n\t\t\t\t\t});\n\t\t\t\t<\/script>\n\t\t\t\t<script>\n\t\t\t\t\tvar htmlDivCss = unescape(\"%23rev_slider_18_1_wrapper%20.custom.tparrows%20%7B%0A%09cursor%3Apointer%3B%0A%09background%3A%23000%3B%0A%09background%3Argba%280%2C0%2C0%2C0.5%29%3B%0A%09width%3A40px%3B%0A%09height%3A40px%3B%0A%09position%3Aabsolute%3B%0A%09display%3Ablock%3B%0A%09z-index%3A1000%3B%0A%7D%0A%23rev_slider_18_1_wrapper%20.custom.tparrows%3Ahover%20%7B%0A%09background%3A%23000%3B%0A%7D%0A%23rev_slider_18_1_wrapper%20.custom.tparrows%3Abefore%20%7B%0A%09font-family%3A%20%27revicons%27%3B%0A%09font-size%3A15px%3B%0A%09color%3A%23fff%3B%0A%09display%3Ablock%3B%0A%09line-height%3A%2040px%3B%0A%09text-align%3A%20center%3B%0A%7D%0A%23rev_slider_18_1_wrapper%20.custom.tparrows.tp-leftarrow%3Abefore%20%7B%0A%09content%3A%20%27%5Ce824%27%3B%0A%7D%0A%23rev_slider_18_1_wrapper%20.custom.tparrows.tp-rightarrow%3Abefore%20%7B%0A%09content%3A%20%27%5Ce825%27%3B%0A%7D%0A%0A%0A%23rev_slider_18_1_wrapper%20.hermes.tp-bullets%20%7B%0A%7D%0A%0A%23rev_slider_18_1_wrapper%20.hermes%20.tp-bullet%20%7B%0A%20%20%20%20overflow%3Ahidden%3B%0A%20%20%20%20border-radius%3A50%25%3B%0A%20%20%20%20width%3A16px%3B%0A%20%20%20%20height%3A16px%3B%0A%20%20%20%20background-color%3A%20rgba%280%2C%200%2C%200%2C%200%29%3B%0A%20%20%20%20box-shadow%3A%20inset%200%200%200%202px%20%23ffffff%3B%0A%20%20%20%20-webkit-transition%3A%20background%200.3s%20ease%3B%0A%20%20%20%20transition%3A%20background%200.3s%20ease%3B%0A%20%20%20%20position%3Aabsolute%3B%0A%7D%0A%0A%23rev_slider_18_1_wrapper%20.hermes%20.tp-bullet%3Ahover%20%7B%0A%09%20%20background-color%3A%20rgba%280%2C0%2C0%2C0.21%29%3B%0A%7D%0A%23rev_slider_18_1_wrapper%20.hermes%20.tp-bullet%3Aafter%20%7B%0A%20%20content%3A%20%27%20%27%3B%0A%20%20position%3A%20absolute%3B%0A%20%20bottom%3A%200%3B%0A%20%20height%3A%200%3B%0A%20%20left%3A%200%3B%0A%20%20width%3A%20100%25%3B%0A%20%20background-color%3A%20%23ffffff%3B%0A%20%20box-shadow%3A%200%200%201px%20%23ffffff%3B%0A%20%20-webkit-transition%3A%20height%200.3s%20ease%3B%0A%20%20transition%3A%20height%200.3s%20ease%3B%0A%7D%0A%23rev_slider_18_1_wrapper%20.hermes%20.tp-bullet.selected%3Aafter%20%7B%0A%20%20height%3A100%25%3B%0A%7D%0A%0A\");\n\t\t\t\t\tvar htmlDiv = document.getElementById('rs-plugin-settings-inline-css');\n\t\t\t\t\tif(htmlDiv) {\n\t\t\t\t\t\thtmlDiv.innerHTML = htmlDiv.innerHTML + htmlDivCss;\n\t\t\t\t\t}else{\n\t\t\t\t\t\tvar htmlDiv = document.createElement('div');\n\t\t\t\t\t\thtmlDiv.innerHTML = '<style>' + htmlDivCss + '<\/style>';\n\t\t\t\t\t\tdocument.getElementsByTagName('head')[0].appendChild(htmlDiv.childNodes[0]);\n\t\t\t\t\t}\n\t\t\t\t<\/script>\n\t\t\t\t<script>\n\t\t\t\t\tvar htmlDivCss = unescape(\"%0A%23rev_slider_18_1%5Bdata-slideactive%3D%22rs-43%22%5D%20.hermes%20.tp-bullet%7B%0Awidth%3A%2012px%20%21important%3B%0Aheight%3A%2012px%20%21important%3B%0A%7D%0A%0A%0A%23rev_slider_18_1%5Bdata-slideactive%3D%22rs-44%22%5D%20.hermes%20.tp-bullet%7B%0Awidth%3A%2012px%20%21important%3B%0Aheight%3A%2012px%20%21important%3B%0A%7D%0A%0A\");\n\t\t\t\t\tvar htmlDiv = document.getElementById('rs-plugin-settings-inline-css');\n\t\t\t\t\tif(htmlDiv) {\n\t\t\t\t\t\thtmlDiv.innerHTML = htmlDiv.innerHTML + htmlDivCss;\n\t\t\t\t\t}else{\n\t\t\t\t\t\tvar htmlDiv = document.createElement('div');\n\t\t\t\t\t\thtmlDiv.innerHTML = '<style>' + htmlDivCss + '<\/style>';\n\t\t\t\t\t\tdocument.getElementsByTagName('head')[0].appendChild(htmlDiv.childNodes[0]);\n\t\t\t\t\t}\n\t\t\t\t<\/script>\n\t\t\t<\/rs-module-wrap>\n\t\t\t<!-- END REVOLUTION SLIDER -->\n[\/vc_column][\/vc_row]<\/p>\n","protected":false},"excerpt":{"rendered":"<p>[vc_row css_animation=\u00bb\u00bb row_type=\u00bbrow\u00bb use_row_as_full_screen_section=\u00bbno\u00bb type=\u00bbfull_width\u00bb angled_section=\u00bbno\u00bb text_align=\u00bbleft\u00bb background_image_as_pattern=\u00bbwithout_pattern\u00bb el_class=\u00bbbox-title-top\u00bb z_index=\u00bb\u00bb][vc_column][vc_column_text] Ecograf\u00eda 3D [\/vc_column_text][\/vc_column][\/vc_row][vc_row css_animation=\u00bb\u00bb row_type=\u00bbrow\u00bb use_row_as_full_screen_section=\u00bbno\u00bb type=\u00bbgrid\u00bb angled_section=\u00bbno\u00bb text_align=\u00bbleft\u00bb background_image_as_pattern=\u00bbwithout_pattern\u00bb z_index=\u00bb\u00bb][vc_column][vc_column_text el_class=\u00bbcontent-style\u00bb]A&#8230;<\/p>\n","protected":false},"author":3,"featured_media":0,"parent":16544,"menu_order":0,"comment_status":"open","ping_status":"open","template":"full_width.php","meta":{"_acf_changed":false,"footnotes":""},"class_list":["post-15719","page","type-page","status-publish","hentry"],"acf":[],"_links":{"self":[{"href":"https:\/\/www.fente-palatine.com\/es\/wp-json\/wp\/v2\/pages\/15719","targetHints":{"allow":["GET"]}}],"collection":[{"href":"https:\/\/www.fente-palatine.com\/es\/wp-json\/wp\/v2\/pages"}],"about":[{"href":"https:\/\/www.fente-palatine.com\/es\/wp-json\/wp\/v2\/types\/page"}],"author":[{"embeddable":true,"href":"https:\/\/www.fente-palatine.com\/es\/wp-json\/wp\/v2\/users\/3"}],"replies":[{"embeddable":true,"href":"https:\/\/www.fente-palatine.com\/es\/wp-json\/wp\/v2\/comments?post=15719"}],"version-history":[{"count":0,"href":"https:\/\/www.fente-palatine.com\/es\/wp-json\/wp\/v2\/pages\/15719\/revisions"}],"up":[{"embeddable":true,"href":"https:\/\/www.fente-palatine.com\/es\/wp-json\/wp\/v2\/pages\/16544"}],"wp:attachment":[{"href":"https:\/\/www.fente-palatine.com\/es\/wp-json\/wp\/v2\/media?parent=15719"}],"curies":[{"name":"wp","href":"https:\/\/api.w.org\/{rel}","templated":true}]}}