{"id":15721,"date":"2018-04-18T19:36:56","date_gmt":"2018-04-18T17:36:56","guid":{"rendered":"https:\/\/www.fente-palatine.com\/?page_id=15721"},"modified":"2019-03-19T16:35:43","modified_gmt":"2019-03-19T15:35:43","slug":"ecografia-4d","status":"publish","type":"page","link":"https:\/\/www.fente-palatine.com\/es\/ecografia\/ecografia-4d\/","title":{"rendered":"Ecograf\u00eda 4D"},"content":{"rendered":"<p>[vc_row css_animation=\u00bb\u00bb row_type=\u00bbrow\u00bb use_row_as_full_screen_section=\u00bbno\u00bb type=\u00bbfull_width\u00bb angled_section=\u00bbno\u00bb text_align=\u00bbleft\u00bb background_image_as_pattern=\u00bbwithout_pattern\u00bb el_class=\u00bbbox-title-top\u00bb z_index=\u00bb\u00bb][vc_column][vc_column_text]<\/p>\n<h1 style=\"text-align: center;\">Ecograf\u00eda 4D<\/h1>\n<p>[\/vc_column_text][\/vc_column][\/vc_row][vc_row css_animation=\u00bb\u00bb row_type=\u00bbrow\u00bb use_row_as_full_screen_section=\u00bbno\u00bb type=\u00bbgrid\u00bb angled_section=\u00bbno\u00bb text_align=\u00bbleft\u00bb background_image_as_pattern=\u00bbwithout_pattern\u00bb z_index=\u00bb\u00bb][vc_column][vc_column_text el_class=\u00bbcontent-style\u00bb]Se realizan diferentes ecograf\u00edas a lo largo del embarazo. Estas permiten hacer un seguimiento del feto y detectar cualquier malformaci\u00f3n o anomal\u00eda que pueda afectar al beb\u00e9.<\/p>\n<p>Estas ecograf\u00edas no son infalibles, y no siempre permiten detectar las malformaciones del feto. De hecho, en funci\u00f3n de su posici\u00f3n, ciertas partes del cuerpo pueden estar escondidas.<\/p>\n<p>La ecograf\u00eda 4D se basa en el mismo principio que la ecograf\u00eda 3D. Durante el examen, el profesional podr\u00e1 mostrar una imagen precisa del beb\u00e9 como tal. La diferencia entre estos dos tipos de ecograf\u00edas es que la ecograf\u00eda 3D es una imagen est\u00e1tica del beb\u00e9, mientras que con la ecograf\u00eda 4D, se obtiene un video del beb\u00e9.<\/p>\n<p>Al igual que la ecograf\u00eda 3D, la ecograf\u00eda 4D permite analizar perfectamente la cara del beb\u00e9 y as\u00ed detectar la eventual presencia de un labio leporino.<br \/>\nEl radi\u00f3logo podr\u00e1 tambi\u00e9n analizar perfectamente y anticipar la cirug\u00eda reparadora.[\/vc_column_text][vc_video link=\u00bbhttps:\/\/youtu.be\/oHzVb5-428w\u00bb el_width=\u00bb60&#8243; align=\u00bbcenter\u00bb css=\u00bb.vc_custom_1524843456362{margin-top: 75px !important;}\u00bb][\/vc_column][\/vc_row]<\/p>\n","protected":false},"excerpt":{"rendered":"<p>[vc_row css_animation=\u00bb\u00bb row_type=\u00bbrow\u00bb use_row_as_full_screen_section=\u00bbno\u00bb type=\u00bbfull_width\u00bb angled_section=\u00bbno\u00bb text_align=\u00bbleft\u00bb background_image_as_pattern=\u00bbwithout_pattern\u00bb el_class=\u00bbbox-title-top\u00bb z_index=\u00bb\u00bb][vc_column][vc_column_text] Ecograf\u00eda 4D [\/vc_column_text][\/vc_column][\/vc_row][vc_row css_animation=\u00bb\u00bb row_type=\u00bbrow\u00bb use_row_as_full_screen_section=\u00bbno\u00bb type=\u00bbgrid\u00bb angled_section=\u00bbno\u00bb text_align=\u00bbleft\u00bb background_image_as_pattern=\u00bbwithout_pattern\u00bb z_index=\u00bb\u00bb][vc_column][vc_column_text el_class=\u00bbcontent-style\u00bb]Se&#8230;<\/p>\n","protected":false},"author":3,"featured_media":0,"parent":16544,"menu_order":0,"comment_status":"open","ping_status":"open","template":"full_width.php","meta":{"_acf_changed":false,"footnotes":""},"class_list":["post-15721","page","type-page","status-publish","hentry"],"acf":[],"_links":{"self":[{"href":"https:\/\/www.fente-palatine.com\/es\/wp-json\/wp\/v2\/pages\/15721","targetHints":{"allow":["GET"]}}],"collection":[{"href":"https:\/\/www.fente-palatine.com\/es\/wp-json\/wp\/v2\/pages"}],"about":[{"href":"https:\/\/www.fente-palatine.com\/es\/wp-json\/wp\/v2\/types\/page"}],"author":[{"embeddable":true,"href":"https:\/\/www.fente-palatine.com\/es\/wp-json\/wp\/v2\/users\/3"}],"replies":[{"embeddable":true,"href":"https:\/\/www.fente-palatine.com\/es\/wp-json\/wp\/v2\/comments?post=15721"}],"version-history":[{"count":0,"href":"https:\/\/www.fente-palatine.com\/es\/wp-json\/wp\/v2\/pages\/15721\/revisions"}],"up":[{"embeddable":true,"href":"https:\/\/www.fente-palatine.com\/es\/wp-json\/wp\/v2\/pages\/16544"}],"wp:attachment":[{"href":"https:\/\/www.fente-palatine.com\/es\/wp-json\/wp\/v2\/media?parent=15721"}],"curies":[{"name":"wp","href":"https:\/\/api.w.org\/{rel}","templated":true}]}}