{"id":15747,"date":"2018-04-18T20:13:36","date_gmt":"2018-04-18T18:13:36","guid":{"rendered":"https:\/\/www.fente-palatine.com\/?page_id=15747"},"modified":"2019-03-19T17:07:06","modified_gmt":"2019-03-19T16:07:06","slug":"oreja","status":"publish","type":"page","link":"https:\/\/www.fente-palatine.com\/es\/oreja\/","title":{"rendered":"El o\u00eddo"},"content":{"rendered":"<p>[vc_row css_animation=\u00bb\u00bb row_type=\u00bbrow\u00bb use_row_as_full_screen_section=\u00bbno\u00bb type=\u00bbgrid\u00bb angled_section=\u00bbno\u00bb text_align=\u00bbleft\u00bb background_image_as_pattern=\u00bbwithout_pattern\u00bb el_class=\u00bbbox-title-top\u00bb z_index=\u00bb\u00bb][vc_column][vc_column_text]<\/p>\n<h1 style=\"text-align: center;\">El o\u00eddo<\/h1>\n<p>[\/vc_column_text][\/vc_column][\/vc_row][vc_row css_animation=\u00bb\u00bb row_type=\u00bbrow\u00bb use_row_as_full_screen_section=\u00bbno\u00bb type=\u00bbgrid\u00bb angled_section=\u00bbno\u00bb text_align=\u00bbleft\u00bb background_image_as_pattern=\u00bbwithout_pattern\u00bb background_color=\u00bb#ffffff\u00bb el_class=\u00bbcontent-page-oreille\u00bb z_index=\u00bb\u00bb][vc_column css=\u00bb.vc_custom_1522262613352{margin-bottom: 0px !important;}\u00bb][vc_column_text]<em>Los ni\u00f1os que nacen con un paladar hendido (velar o velo-paladar) deben tener un seguimiento otol\u00f3gico precoz y regular.<\/em>[\/vc_column_text][vc_separator type=\u00bbnormal\u00bb transparency=\u00bb0&#8243; up=\u00bb20&#8243; down=\u00bb20&#8243;][vc_column_text]<\/p>\n<h2>\u00bfPor qu\u00e9 es necesario este seguimiento?<\/h2>\n<p>El o\u00eddo se compone de varias partes:<\/p>\n<ul>\n<li>O\u00eddo externo que incluye pabell\u00f3n auricular y el conducto auditivo externo.<\/li>\n<li>O\u00eddo medio que incluye el t\u00edmpano, caja timp\u00e1nica (conteniendo los huesecillos del o\u00eddo) y el mastoideo.<\/li>\n<li>\u00a0O\u00eddo interno, \u00f3rgano auditivo (c\u00f3clea) y \u00f3rgano del equilibrio.<\/li>\n<\/ul>\n<p>El o\u00eddo medio funciona como un amplificador y un sistema de transmisi\u00f3n de sonido.<br \/>\nEl o\u00eddo interno va a transformar el sonido (onda mec\u00e1nica) en una se\u00f1al el\u00e9ctrica, transmitida por el nervio auditivo hasta las zonas centrales de la audici\u00f3n (cerebro).<br \/>\nEl o\u00eddo medio es una cavidad rellena de aire. Esta aireaci\u00f3n se lleva a cabo con la trompa de Eustaquio y es esencial para equilibrar ambos lados del t\u00edmpano, lo que permite una buena transmisi\u00f3n de los sonidos del o\u00eddo externo hacia el o\u00eddo interno.<br \/>\nEl sistema de ventilaci\u00f3n no es inerte sino un sistema din\u00e1mico.<\/p>\n<p>De hecho, la mucosa del o\u00eddo medio proporciona un intercambio permanente de gases que normalmente conduce a una disminuci\u00f3n constante da la presi\u00f3n en las cavidades del o\u00eddo medio: \u201cconsume\u201d aire y la funci\u00f3n principal de la trompa de Eustaquio es restaurar el equilibrio entre la presi\u00f3n externa (atmosf\u00e9rica) y la presi\u00f3n del o\u00eddo medio.<\/p>\n<p>La trompa de Eustaquio es un conducto cartilaginoso que se extiende desde la parte posterior de las fosas nasales (cavum, zona de las vegetaciones) hasta la caja timp\u00e1nica. Este conducto se abre gracias a la contracci\u00f3n de los m\u00fasculos: el tensor y elevador del velo del paladar. Estos m\u00fasculos generalmente se contraen, especialmente durante la degluci\u00f3n y el bostezo. El paladar hendido se produce muy temprano en la vida fetal (sexta semana de embarazo) y por lo tanto causar\u00e1 anomal\u00edas en la estructura cartilaginosa, la forma y la orientaci\u00f3n de la trompa de Eustaquio. La inserci\u00f3n y la fusi\u00f3n de los m\u00fasculos del velo del paladar tambi\u00e9n se modifican. Desde el nacimiento, este mal funcionamiento causar\u00e1 una falta de aireaci\u00f3n del o\u00eddo medio y generar\u00e1 una presi\u00f3n negativa \u201cdetr\u00e1s\u201d del t\u00edmpano que causar\u00e1 la aparici\u00f3n de l\u00edquido: otitis serosa.<\/p>\n<p>Este derrame no es una infecci\u00f3n, sino una inflamaci\u00f3n que generalmente es indolora y no causa fiebre.<\/p>\n<p>La otitis serosa tiene tres consecuencias posibles:<br \/>\nUna atenuaci\u00f3n de la transmisi\u00f3n de los sonidos y, por lo tanto, una disminuci\u00f3n de la audici\u00f3n, que puede afectar al aprendizaje, y en particular el lenguaje. Infecciones secundarias, es decir, otitis media aguda.[\/vc_column_text][vc_separator type=\u00bbnormal\u00bb transparency=\u00bb0&#8243; up=\u00bb20&#8243; down=\u00bb20&#8243;][vc_column_text]<\/p>\n<h2>Un debilitamiento del t\u00edmpano<\/h2>\n<p>La segunda consecuencia de esta disminuci\u00f3n de la presi\u00f3n es una \u201caspiraci\u00f3n\u201d del t\u00edmpano que se deformar\u00e1, retraer\u00e1 o perforar\u00e1 progresivamente. Estas complicaciones en el t\u00edmpano de la otitis serosa y la presi\u00f3n negativa generalmente ocurren despu\u00e9s de varios meses o a\u00f1os de evoluci\u00f3n.[\/vc_column_text][vc_separator type=\u00bbnormal\u00bb transparency=\u00bb0&#8243; up=\u00bb20&#8243; down=\u00bb20&#8243;][vc_column_text]<\/p>\n<h2>\u00bfC\u00f3mo se vigila?<\/h2>\n<p>Los t\u00edmpanos tienen que revisarse regularmente bajo microscopio por un Otorrino.<\/p>\n<p>La evaluaci\u00f3n de la audici\u00f3n es posible a cualquier edad con pruebas adaptadas a la edad del ni\u00f1o.[\/vc_column_text][vc_separator type=\u00bbnormal\u00bb transparency=\u00bb0&#8243; up=\u00bb20&#8243; down=\u00bb20&#8243;][vc_column_text]<\/p>\n<h2>\u00bfCu\u00e1les son los tratamientos para la otitis serosa?<\/h2>\n<p>El tratamiento puede ser m\u00e9dico o quir\u00fargico. Los ni\u00f1os que nacen con paladar hendido, casi siempre tienen inicialmente una salida de l\u00edquido espeso y son resistentes al tratamiento m\u00e9dico. Por lo tanto, el tratamiento quir\u00fargico se propone desde un principio y consiste en colocar \u201cdrenajes trans timp\u00e1nicos\u201d tambi\u00e9n llamados \u201cdi\u00e1bolos\u201d.<\/p>\n<p>Estos drenajes se colocan durante la anestesia general prevista para la cirug\u00eda del paladar. Existen varios tipos de drenajes y difieren en su tama\u00f1o, material y duraci\u00f3n de mantenimiento.<\/p>\n<p>Nosotros preferimos inicialmente colocar drenajes de corta duraci\u00f3n, estos salen espont\u00e1neamente del t\u00edmpano al cabo de 6 a 8 meses.<\/p>\n<p>Si hay una reca\u00edda de la otitis serosa, los drenajes se vuelven a colocar y la elecci\u00f3n del tipo de drenaje depende de la edad del ni\u00f1o, el espesor del l\u00edquido, el estado del t\u00edmpano y la elecci\u00f3n de los padres despu\u00e9s de ser informados.<\/p>\n<p>Los drenajes tienen un rol paliativo y solo la evoluci\u00f3n de la trompa de Eustaquio permitir\u00e1 mejorar de manera duradera y definitiva la aireaci\u00f3n del o\u00eddo medio. Ning\u00fan examen todav\u00eda puede predecir la duraci\u00f3n de la disfunci\u00f3n de la trompa de Eustaquio y solo el examen con microscopio de los t\u00edmpanos permite vigilar y esperar una mejora.<\/p>\n<p>La alteraci\u00f3n del o\u00eddo medio por los drenajes permite esperar este momento y evitar complicaciones m\u00e1s graves: perforaci\u00f3n de los t\u00edmpanos, (deformidad y hundimiento) y colesteatoma, tumor epid\u00e9rmico (de piel) que se forma a menudo a partir de la retracci\u00f3n del t\u00edmpano llevando a una destrucci\u00f3n progresiva de los componentes del o\u00eddo: huesecillos, huesos que protegen el nervio facial, meninges temporales y grandes vasos que pasan a trav\u00e9s de la mastoides. Estas complicaciones a menudo requieren una cirug\u00eda que permite reconstruir los huesecillos, la caja timp\u00e1nica y reforzar el t\u00edmpano.<\/p>\n<p>La frecuencia de estas complicaciones se ha reducido significativamente desde el uso de drenajes y por los cuidados que permiten actuar directamente sobre las mucosas que abren la trompa de Eustaquio: reeducaci\u00f3n ortof\u00f3nica, curas termales, aerosoles, auto insuflaci\u00f3n\u2026[\/vc_column_text][\/vc_column][\/vc_row]<\/p>\n","protected":false},"excerpt":{"rendered":"<p>[vc_row css_animation=\u00bb\u00bb row_type=\u00bbrow\u00bb use_row_as_full_screen_section=\u00bbno\u00bb type=\u00bbgrid\u00bb angled_section=\u00bbno\u00bb text_align=\u00bbleft\u00bb background_image_as_pattern=\u00bbwithout_pattern\u00bb el_class=\u00bbbox-title-top\u00bb z_index=\u00bb\u00bb][vc_column][vc_column_text] El o\u00eddo [\/vc_column_text][\/vc_column][\/vc_row][vc_row css_animation=\u00bb\u00bb row_type=\u00bbrow\u00bb use_row_as_full_screen_section=\u00bbno\u00bb type=\u00bbgrid\u00bb angled_section=\u00bbno\u00bb text_align=\u00bbleft\u00bb background_image_as_pattern=\u00bbwithout_pattern\u00bb background_color=\u00bb#ffffff\u00bb el_class=\u00bbcontent-page-oreille\u00bb&#8230;<\/p>\n","protected":false},"author":3,"featured_media":0,"parent":0,"menu_order":0,"comment_status":"open","ping_status":"open","template":"full_width.php","meta":{"_acf_changed":false,"footnotes":""},"class_list":["post-15747","page","type-page","status-publish","hentry"],"acf":[],"_links":{"self":[{"href":"https:\/\/www.fente-palatine.com\/es\/wp-json\/wp\/v2\/pages\/15747","targetHints":{"allow":["GET"]}}],"collection":[{"href":"https:\/\/www.fente-palatine.com\/es\/wp-json\/wp\/v2\/pages"}],"about":[{"href":"https:\/\/www.fente-palatine.com\/es\/wp-json\/wp\/v2\/types\/page"}],"author":[{"embeddable":true,"href":"https:\/\/www.fente-palatine.com\/es\/wp-json\/wp\/v2\/users\/3"}],"replies":[{"embeddable":true,"href":"https:\/\/www.fente-palatine.com\/es\/wp-json\/wp\/v2\/comments?post=15747"}],"version-history":[{"count":0,"href":"https:\/\/www.fente-palatine.com\/es\/wp-json\/wp\/v2\/pages\/15747\/revisions"}],"wp:attachment":[{"href":"https:\/\/www.fente-palatine.com\/es\/wp-json\/wp\/v2\/media?parent=15747"}],"curies":[{"name":"wp","href":"https:\/\/api.w.org\/{rel}","templated":true}]}}