{"id":15770,"date":"2018-04-18T20:46:19","date_gmt":"2018-04-18T18:46:19","guid":{"rendered":"https:\/\/www.fente-palatine.com\/?page_id=15770"},"modified":"2019-03-19T17:12:35","modified_gmt":"2019-03-19T16:12:35","slug":"15770-2","status":"publish","type":"page","link":"https:\/\/www.fente-palatine.com\/es\/15770-2\/","title":{"rendered":"Otros protocolos"},"content":{"rendered":"<p>[vc_row css_animation=\u00bb\u00bb row_type=\u00bbrow\u00bb use_row_as_full_screen_section=\u00bbno\u00bb type=\u00bbfull_width\u00bb angled_section=\u00bbno\u00bb text_align=\u00bbleft\u00bb background_image_as_pattern=\u00bbwithout_pattern\u00bb el_class=\u00bbbox-title-top\u00bb z_index=\u00bb\u00bb][vc_column][vc_column_text]<\/p>\n<h1 style=\"text-align: center;\">Otros protocolos<\/h1>\n<p>[\/vc_column_text][\/vc_column][\/vc_row][vc_row css_animation=\u00bb\u00bb row_type=\u00bbrow\u00bb use_row_as_full_screen_section=\u00bbno\u00bb type=\u00bbgrid\u00bb angled_section=\u00bbno\u00bb text_align=\u00bbleft\u00bb background_image_as_pattern=\u00bbwithout_pattern\u00bb z_index=\u00bb\u00bb][vc_column][vc_column_text el_class=\u00bbcontent-style\u00bb]<strong>Algunos equipos en Francia proponen diferentes protocolos terap\u00e9uticos:<\/strong><\/p>\n<p>Por la t\u00e9cnica quir\u00fargica elegida ya sea para la cirug\u00eda del labio o del paladar.<br \/>\nSeg\u00fan el calendario quir\u00fargico, la cirug\u00eda del labio se puede realizar despu\u00e9s del nacimiento o a la edad de tres meses, el paladar se cierra entre 6 y 9 meses despu\u00e9s del nacimiento. Eligiendo el orden de las operaciones, en el protocolo cl\u00e1sico, primero se opera el labio y despu\u00e9s el paladar, en el protocolo \u201cinvertido\u201d (descrito por el Dr. Ren\u00e9 Malek) primero se cierra el velo del paladar y despu\u00e9s m\u00e1s tarde el labio.<\/p>\n<p>Algunos equipos prefieren un solo tiempo operatorio asociando la cirug\u00eda del labio y el paladar. Todos estos protocolos permiten obtener buenos resultados funcionales y est\u00e9ticos. La elecci\u00f3n de un protocolo terap\u00e9utico depende de los h\u00e1bitos y posibilidades locales, cada uno deseando privilegiar al principio el efecto del tratamiento.<\/p>\n<p><strong>Otras p\u00e1ginas web de centros de tratamiento de los labios leporinos y paladar hendido:<\/strong><\/p>\n<ul>\n<li><a href=\"http:\/\/www.chu-poitiers.fr\/\">www.chu-poitiers.fr<\/a> (H\u00f4pital de Poitiers)<\/li>\n<li><a href=\"https:\/\/www.chu-tours.fr\/\">www.chu-tours.fr<\/a> (H\u00f4pital de Tours)<\/li>\n<li><a href=\"https:\/\/cleft-palate.com\/\">www.flmp.ch<\/a> (H\u00f4pital de Lausanne)<\/li>\n<li>www.fente-labiale.org (H\u00f4pital de Clermont-Ferrand et association de parents)<\/li>\n<li>www.chu-lyon.fr (H\u00f4pital de Lyon)<\/li>\n<\/ul>\n<p>[\/vc_column_text][\/vc_column][\/vc_row]<\/p>\n","protected":false},"excerpt":{"rendered":"<p>[vc_row css_animation=\u00bb\u00bb row_type=\u00bbrow\u00bb use_row_as_full_screen_section=\u00bbno\u00bb type=\u00bbfull_width\u00bb angled_section=\u00bbno\u00bb text_align=\u00bbleft\u00bb background_image_as_pattern=\u00bbwithout_pattern\u00bb el_class=\u00bbbox-title-top\u00bb z_index=\u00bb\u00bb][vc_column][vc_column_text] Otros protocolos [\/vc_column_text][\/vc_column][\/vc_row][vc_row css_animation=\u00bb\u00bb row_type=\u00bbrow\u00bb use_row_as_full_screen_section=\u00bbno\u00bb type=\u00bbgrid\u00bb angled_section=\u00bbno\u00bb text_align=\u00bbleft\u00bb background_image_as_pattern=\u00bbwithout_pattern\u00bb z_index=\u00bb\u00bb][vc_column][vc_column_text el_class=\u00bbcontent-style\u00bb]Algunos&#8230;<\/p>\n","protected":false},"author":3,"featured_media":0,"parent":0,"menu_order":0,"comment_status":"open","ping_status":"open","template":"full_width.php","meta":{"_acf_changed":false,"footnotes":""},"class_list":["post-15770","page","type-page","status-publish","hentry"],"acf":[],"_links":{"self":[{"href":"https:\/\/www.fente-palatine.com\/es\/wp-json\/wp\/v2\/pages\/15770","targetHints":{"allow":["GET"]}}],"collection":[{"href":"https:\/\/www.fente-palatine.com\/es\/wp-json\/wp\/v2\/pages"}],"about":[{"href":"https:\/\/www.fente-palatine.com\/es\/wp-json\/wp\/v2\/types\/page"}],"author":[{"embeddable":true,"href":"https:\/\/www.fente-palatine.com\/es\/wp-json\/wp\/v2\/users\/3"}],"replies":[{"embeddable":true,"href":"https:\/\/www.fente-palatine.com\/es\/wp-json\/wp\/v2\/comments?post=15770"}],"version-history":[{"count":0,"href":"https:\/\/www.fente-palatine.com\/es\/wp-json\/wp\/v2\/pages\/15770\/revisions"}],"wp:attachment":[{"href":"https:\/\/www.fente-palatine.com\/es\/wp-json\/wp\/v2\/media?parent=15770"}],"curies":[{"name":"wp","href":"https:\/\/api.w.org\/{rel}","templated":true}]}}