{"id":15954,"date":"2018-04-25T18:26:18","date_gmt":"2018-04-25T16:26:18","guid":{"rendered":"https:\/\/www.fente-palatine.com\/?page_id=15954"},"modified":"2019-03-19T16:35:51","modified_gmt":"2019-03-19T15:35:51","slug":"consecuencias-de-un-diagnostico-precoz","status":"publish","type":"page","link":"https:\/\/www.fente-palatine.com\/es\/ecografia\/consecuencias-de-un-diagnostico-precoz\/","title":{"rendered":"Consecuencias de un diagn\u00f3stico precoz"},"content":{"rendered":"<p>[vc_row css_animation=\u00bb\u00bb row_type=\u00bbrow\u00bb use_row_as_full_screen_section=\u00bbno\u00bb type=\u00bbfull_width\u00bb angled_section=\u00bbno\u00bb text_align=\u00bbleft\u00bb background_image_as_pattern=\u00bbwithout_pattern\u00bb el_class=\u00bbbox-title-top\u00bb z_index=\u00bb\u00bb][vc_column][vc_column_text]<\/p>\n<h1 style=\"text-align: center;\">Consecuencias de un diagn\u00f3stico precoz<\/h1>\n<p>[\/vc_column_text][\/vc_column][\/vc_row][vc_row css_animation=\u00bb\u00bb row_type=\u00bbrow\u00bb use_row_as_full_screen_section=\u00bbno\u00bb type=\u00bbgrid\u00bb angled_section=\u00bbno\u00bb text_align=\u00bbleft\u00bb background_image_as_pattern=\u00bbwithout_pattern\u00bb z_index=\u00bb\u00bb][vc_column][vc_column_text el_class=\u00bbcontent-style\u00bb]El diagn\u00f3stico prenatal de labio leporino y el paladar afectar\u00e1 en el cuidado de este ni\u00f1o. A los padres les permitir\u00e1 recibir informaci\u00f3n sobre la malformaci\u00f3n, y por lo tanto tener una mejor comprensi\u00f3n de su origen y su tratamiento. Todo esto tiene lugar fuera del contexto de nacimiento, una alegr\u00eda, que puede decepcionar al encontrarse con una cara inesperada. El diagn\u00f3stico que hacemos antes del nacimiento permite a los padres informarse sobre la malformaci\u00f3n y encontrarse con los equipos quir\u00fargicos que les dar\u00e1n apoyo. Tambi\u00e9n ayuda a conocer a los padres que han vivido la misma experiencia, o encontrarse con los padres a trabes de los foros en Internet. Este diagn\u00f3stico permite entender mejor que es el labio leporino y el paladar hendido y conocer las posibilidades quir\u00fargicas actuales.<\/p>\n<p>Para el equipo m\u00e9dico, el diagn\u00f3stico ayuda a conocer a los padres antes del nacimiento, para explicar la malformaci\u00f3n del beb\u00e9 y su tratamiento. Permite tranquilizar a los padres sobre la cirug\u00eda neonatal (durante el primer mes de vida), y para disipar las preocupaciones de la familia. Ayuda a establecer y construir una relaci\u00f3n de confianza entre los padres y el equipo quir\u00fargico, una relaci\u00f3n esencial para un buen cuidado del ni\u00f1o al nacer.<\/p>\n<p>Sin embargo, el diagn\u00f3stico prenatal, tambi\u00e9n puede ser un riesgo para el bebe si se decide a abortar. De hecho, a veces nos encontramos con padres que quieren abortar al conocer el diagnostico de un labio leporino y paladar hendido. Los m\u00e9dicos y cirujanos, en particular, son los que explicaran a los padres las opciones de las operaciones para el ni\u00f1o, explicar tambi\u00e9n que es solo una imagen y no perjudica en las capacidades futuras del ni\u00f1o. De hecho el aborto en este caso esta prohibido por la ley ya que se trata de una malformaci\u00f3n curable y el diagn\u00f3stico vital no esta en juego. (Ver \u00ab\u00bfQu\u00e9 dice la ley).<\/p>\n<h2>Tasa de diagn\u00f3stico prenatal<\/h2>\n<p>El diagn\u00f3stico prenatal de labio leporino depende de muchos factores: la posici\u00f3n del ni\u00f1o, la calidad de la ecograf\u00eda, la experiencia y pr\u00e1ctica del profesional&#8230;<\/p>\n<p>La tasa de descubrimiento de un labio leporino antes de nacer aument\u00f3 de forma constante durante los \u00faltimos diez a\u00f1os. Hoy en d\u00eda, en nuestro centro, 9 de cada 10 ni\u00f1os con labio leporino o paladar hendido son diagnosticados antes del nacimiento.<\/p>\n<ul>\n<li>2005 45%<\/li>\n<li>2006 60%<\/li>\n<li>2007 75%<\/li>\n<li>2008 80%<\/li>\n<li>2009 90%<\/li>\n<\/ul>\n<h2>Recomendaciones y cuidados<\/h2>\n<p>Los ex\u00e1menes con ecograf\u00edas realizados a la madre pueden supervisar el desarrollo del embarazo con \u00e9xito. El primero, sobre la 12 \u00aa semana, confirma la presencia de un embri\u00f3n, el n\u00famero de ni\u00f1os y la fecha del parto.<\/p>\n<p>La segunda ecograf\u00eda se realiza alrededor de la semana 22 es la que llamamos morfol\u00f3gica, ya que permitir\u00e1 el estudio de las formas del ni\u00f1o, el tama\u00f1o de sus miembros, su cerebro, el aspecto de su cara&#8230; es en esta ecograf\u00eda donde podemos ver la fisura. Pero s\u00f3lo se explora la forma, no la parte funcional.<\/p>\n<p>La tercera ecograf\u00eda se realiza alrededor de la semana 32, se analiza la posici\u00f3n del ni\u00f1o, las posibilidades frente al parto, es la que llamamos \u00abobst\u00e9trica\u00bb.<\/p>\n<p>Estas tres ecograf\u00edas est\u00e1n recomendadas por los ginec\u00f3logos y entran por el servicio de seguridad social. Pueden ser realizadas por su ginec\u00f3logo, comadrona o por un radi\u00f3logo. Si se diagnostica un labio leporino o paladar hendido, se hace a menudo una ecograf\u00eda complementaria en un centro especializado para el diagn\u00f3stico prenatal.<\/p>\n<ul>\n<li>1er trimestre (12 semanas de gestaci\u00f3n) plazo<\/li>\n<li>2\u00ba trimestre (22 semanas de gestaci\u00f3n) Morfolog\u00eda<\/li>\n<li>3\u00ba trimestre (32 semanas de gestaci\u00f3n) obst\u00e9trica<\/li>\n<\/ul>\n<h2>Qu\u00e9 dice la ley?<\/h2>\n<p><strong>Art.L.2212 CSP<\/strong><br \/>\n\u00abLa mujer embarazada que su estado crea una situaci\u00f3n de angustia puede pedir a un m\u00e9dico de interrumpir su embarazo. Esta interrupci\u00f3n se puede realizar antes de que finalice la semana 12 de embarazo \u00ab(Ley N \u00ba 2001-588 del 4 de julio.2001, art. 2)<\/p>\n<p><strong>Art.L.2213 CSP<\/strong><br \/>\n\u00abAborto se puede realizar en cualquier momento&#8230; el ni\u00f1o puede nacer con una enfermedad incurable&#8230; en el momento del diagn\u00f3stico. \u00ab(Ley N \u00ba 2001-588, del 4 de julio.2001, art.11)<\/p>\n<p><strong>Art.L.2222 CSP<\/strong><br \/>\n(T\u00edtulo II: Disposiciones penales Cap.2: el aborto ilegal) \u00abEl aborto esta penalizado con 2 a\u00f1os de prisi\u00f3n y multa de 30.000 euros, una vez pasado el plazo autorizado por la ley&#8230; sin certificado m\u00e9dico. \u00ab(Ley N \u00ba 2001-588, del 4 de julio.2001, art.14-II)[\/vc_column_text][\/vc_column][\/vc_row]<\/p>\n","protected":false},"excerpt":{"rendered":"<p>[vc_row css_animation=\u00bb\u00bb row_type=\u00bbrow\u00bb use_row_as_full_screen_section=\u00bbno\u00bb type=\u00bbfull_width\u00bb angled_section=\u00bbno\u00bb text_align=\u00bbleft\u00bb background_image_as_pattern=\u00bbwithout_pattern\u00bb el_class=\u00bbbox-title-top\u00bb z_index=\u00bb\u00bb][vc_column][vc_column_text] Consecuencias de un diagn\u00f3stico precoz [\/vc_column_text][\/vc_column][\/vc_row][vc_row css_animation=\u00bb\u00bb row_type=\u00bbrow\u00bb use_row_as_full_screen_section=\u00bbno\u00bb type=\u00bbgrid\u00bb angled_section=\u00bbno\u00bb text_align=\u00bbleft\u00bb&#8230;<\/p>\n","protected":false},"author":3,"featured_media":0,"parent":16544,"menu_order":0,"comment_status":"open","ping_status":"open","template":"full_width.php","meta":{"_acf_changed":false,"footnotes":""},"class_list":["post-15954","page","type-page","status-publish","hentry"],"acf":[],"_links":{"self":[{"href":"https:\/\/www.fente-palatine.com\/es\/wp-json\/wp\/v2\/pages\/15954","targetHints":{"allow":["GET"]}}],"collection":[{"href":"https:\/\/www.fente-palatine.com\/es\/wp-json\/wp\/v2\/pages"}],"about":[{"href":"https:\/\/www.fente-palatine.com\/es\/wp-json\/wp\/v2\/types\/page"}],"author":[{"embeddable":true,"href":"https:\/\/www.fente-palatine.com\/es\/wp-json\/wp\/v2\/users\/3"}],"replies":[{"embeddable":true,"href":"https:\/\/www.fente-palatine.com\/es\/wp-json\/wp\/v2\/comments?post=15954"}],"version-history":[{"count":0,"href":"https:\/\/www.fente-palatine.com\/es\/wp-json\/wp\/v2\/pages\/15954\/revisions"}],"up":[{"embeddable":true,"href":"https:\/\/www.fente-palatine.com\/es\/wp-json\/wp\/v2\/pages\/16544"}],"wp:attachment":[{"href":"https:\/\/www.fente-palatine.com\/es\/wp-json\/wp\/v2\/media?parent=15954"}],"curies":[{"name":"wp","href":"https:\/\/api.w.org\/{rel}","templated":true}]}}